{"id":1849,"date":"2020-05-17T05:53:16","date_gmt":"2020-05-17T09:53:16","guid":{"rendered":"https:\/\/www.leryca.com\/?page_id=1849"},"modified":"2025-06-30T22:11:40","modified_gmt":"2025-07-01T05:11:40","slug":"get-in-touch","status":"publish","type":"page","link":"https:\/\/julity.com\/fi\/get-in-touch\/","title":{"rendered":"ota meihin yhteytt\u00e4"},"content":{"rendered":"<div style=\"max-width: 900px; margin: 0 auto; padding: 40px 20px;\">\n  <h2 style=\"font-size: 28px; font-weight: 600; text-align: center; margin-bottom: 20px;\">Ota meihin yhteytt\u00e4<\/h2>\n  <p style=\"font-size: 16px; text-align: center; margin-bottom: 40px;\">\n    Asiakaspalveluryhm\u00e4mme auttaa aina mielell\u00e4\u00e4n! T\u00e4yt\u00e4 alla oleva lomake tai l\u00e4het\u00e4 meille s\u00e4hk\u00f6postia suoraan.\n  <\/p>\n\n  <div style=\"display: flex; flex-wrap: wrap; gap: 40px;\">\n    <div style=\"flex: 1; min-width: 300px;\">\n      <h3 style=\"font-size: 20px; margin-bottom: 10px;\">Yhteystiedot<\/h3>\n      <p style=\"margin: 0 0 10px;\"><strong>S\u00e4hk\u00f6posti:<\/strong> service@julity.com<\/p>\n      <p style=\"margin: 0 0 10px;\"><strong>Vastausaika:<\/strong> 24 tunnin kuluessa<\/p>\n      <p style=\"margin: 0;\"><strong>Ty\u00f6tunnit:<\/strong> Ma - pe, klo 9.00 - 18:00 (GMT+8)<\/p>\n    <\/div>\n\n    <div style=\"flex: 1; min-width: 300px;\">\n      <h3 style=\"font-size: 20px; margin-bottom: 20px;\">L\u00e4het\u00e4 meille viesti<\/h3>\n      <!-- \u66ff\u6362\u4e3a\u4f60\u81ea\u5df1\u7684 Contact Form 7 \u77ed\u4ee3\u7801 -->\n      \n<div class=\"wpcf7 no-js\" id=\"wpcf7-f10-o1\" lang=\"en-US\" dir=\"ltr\" data-wpcf7-id=\"10\">\n<div class=\"screen-reader-response\"><p role=\"status\" aria-live=\"polite\" aria-atomic=\"true\"><\/p> <ul><\/ul><\/div>\n<form action=\"\/fi\/wp-json\/wp\/v2\/pages\/1849#wpcf7-f10-o1\" method=\"post\" class=\"wpcf7-form init\" aria-label=\"Contact form\" novalidate=\"novalidate\" data-status=\"init\" data-trp-original-action=\"\/fi\/wp-json\/wp\/v2\/pages\/1849#wpcf7-f10-o1\">\n<fieldset class=\"hidden-fields-container\"><input type=\"hidden\" name=\"_wpcf7\" value=\"10\" \/><input type=\"hidden\" name=\"_wpcf7_version\" value=\"6.1.3\" \/><input type=\"hidden\" name=\"_wpcf7_locale\" value=\"en_US\" \/><input type=\"hidden\" name=\"_wpcf7_unit_tag\" value=\"wpcf7-f10-o1\" \/><input type=\"hidden\" name=\"_wpcf7_container_post\" value=\"0\" \/><input type=\"hidden\" name=\"_wpcf7_posted_data_hash\" value=\"\" \/><input type=\"hidden\" name=\"_wpcf7_recaptcha_response\" value=\"\" \/>\n<\/fieldset>\n<p><label> Nimesi (pakollinen)<br \/>\n<span class=\"wpcf7-form-control-wrap\" data-name=\"your-name\"><input size=\"40\" maxlength=\"400\" class=\"wpcf7-form-control wpcf7-text wpcf7-validates-as-required\" aria-required=\"true\" aria-invalid=\"false\" value=\"\" type=\"text\" name=\"your-name\" \/><\/span> <\/label>\n<\/p>\n<p><label> S\u00e4hk\u00f6postisi (pakollinen)<br \/>\n<span class=\"wpcf7-form-control-wrap\" data-name=\"your-email\"><input size=\"40\" maxlength=\"400\" class=\"wpcf7-form-control wpcf7-email wpcf7-validates-as-required wpcf7-text wpcf7-validates-as-email\" aria-required=\"true\" aria-invalid=\"false\" value=\"\" type=\"email\" name=\"your-email\" \/><\/span> <\/label>\n<\/p>\n<p><label> Aihe<br \/>\n<span class=\"wpcf7-form-control-wrap\" data-name=\"your-subject\"><input size=\"40\" maxlength=\"400\" class=\"wpcf7-form-control wpcf7-text\" aria-invalid=\"false\" value=\"\" type=\"text\" name=\"your-subject\" \/><\/span> <\/label>\n<\/p>\n<p><label> Viestisi<br \/>\n<span class=\"wpcf7-form-control-wrap\" data-name=\"your-message\"><textarea cols=\"40\" rows=\"10\" maxlength=\"2000\" class=\"wpcf7-form-control wpcf7-textarea\" aria-invalid=\"false\" name=\"your-message\"><\/textarea><\/span> <\/label>\n<\/p>\n\n<p><input class=\"wpcf7-form-control wpcf7-submit has-spinner\" type=\"submit\" value=\"L\u00e4hett\u00e4\u00e4\" \/>\n<\/p><div class=\"wpcf7-response-output\" aria-hidden=\"true\"><\/div>\n<input type=\"hidden\" name=\"trp-form-language\" value=\"fi\"\/><\/form>\n<\/div>\n\n    <\/div>\n  <\/div>\n\n  <div style=\"margin-top: 60px; text-align: center; font-size: 14px; color: #999;\">\n    Onko sinulla viel\u00e4 kysymyksi\u00e4? L\u00e4het\u00e4 meille s\u00e4hk\u00f6postia milloin tahansa - olemme t\u00e4\u00e4ll\u00e4 auttamassa!\n  <\/div>\n<\/div>\n\n\n<\/p>\n<p><!-- \/wp:post-content --><\/p>","protected":false},"excerpt":{"rendered":"<p>Contact Us Our customer service team is always happy to help! Please fill out the form below or email us directly. Contact Info Email: service@julity.com Response Time: Within 24 hours Working Hours: Mon \u2013 Fri, 9:00am \u2013 6:00pm (GMT+8) Send Us a Message Still have questions? Email us anytime \u2014 we\u2019re here to help!<\/p>","protected":false},"author":1,"featured_media":0,"parent":0,"menu_order":0,"comment_status":"closed","ping_status":"closed","template":"","meta":{"footnotes":""},"class_list":["post-1849","page","type-page","status-publish","hentry"],"_links":{"self":[{"href":"https:\/\/julity.com\/fi\/wp-json\/wp\/v2\/pages\/1849","targetHints":{"allow":["GET"]}}],"collection":[{"href":"https:\/\/julity.com\/fi\/wp-json\/wp\/v2\/pages"}],"about":[{"href":"https:\/\/julity.com\/fi\/wp-json\/wp\/v2\/types\/page"}],"author":[{"embeddable":true,"href":"https:\/\/julity.com\/fi\/wp-json\/wp\/v2\/users\/1"}],"replies":[{"embeddable":true,"href":"https:\/\/julity.com\/fi\/wp-json\/wp\/v2\/comments?post=1849"}],"version-history":[{"count":4,"href":"https:\/\/julity.com\/fi\/wp-json\/wp\/v2\/pages\/1849\/revisions"}],"predecessor-version":[{"id":410185,"href":"https:\/\/julity.com\/fi\/wp-json\/wp\/v2\/pages\/1849\/revisions\/410185"}],"wp:attachment":[{"href":"https:\/\/julity.com\/fi\/wp-json\/wp\/v2\/media?parent=1849"}],"curies":[{"name":"wp","href":"https:\/\/api.w.org\/{rel}","templated":true}]}}