{"id":1855,"date":"2020-05-17T05:55:26","date_gmt":"2020-05-17T09:55:26","guid":{"rendered":"https:\/\/www.leryca.com\/?page_id=1855"},"modified":"2025-06-30T01:10:19","modified_gmt":"2025-06-30T08:10:19","slug":"terms-and-conditions","status":"publish","type":"page","link":"https:\/\/julity.com\/fi\/terms-and-conditions\/","title":{"rendered":"K\u00e4ytt\u00f6ehdot"},"content":{"rendered":"<figure class=\"wp-block-table is-style-stripes\"><table><tbody><tr><td>K\u00c4YTT\u00d6EHDOT<\/td><\/tr><tr><td>Ostamalla osoitteesta&nbsp;<a href=\"https:\/\/julity.com\/fi\/\">ilke\u00e4<\/a>, hyv\u00e4ksyt seuraavat ehdot. Lue ne huolellisesti.<br><br><strong>TIETOSUOJAK\u00c4YT\u00c4NT\u00d6<\/strong><br><br>Yksityisyytesi kunnioittaminen on meille \u00e4\u00e4rimm\u00e4isen t\u00e4rke\u00e4\u00e4&nbsp;<a href=\"https:\/\/julity.com\/fi\/\">ilke\u00e4<\/a>.<br>Kaikki tiedot, jotka l\u00e4het\u00e4t verkkosivustollemme tai jotka ker\u00e4t\u00e4\u00e4n \"ev\u00e4steen\" avulla vierailusi aikana, k\u00e4ytt\u00e4v\u00e4t ehdottomasti&nbsp;<a href=\"https:\/\/julity.com\/fi\/\">ilke\u00e4<\/a>&nbsp;pit\u00e4\u00e4ksesi kirjaa ostoksistasi ja myynninedist\u00e4mistarkoituksessa.<br>Emme myy, siirr\u00e4, vuokraa tai vaihda tietojasi kolmannelle osapuolelle.<br>Kun rekister\u00f6idyt sivustollemme, sinua pyydet\u00e4\u00e4n antamaan joitain henkil\u00f6tietoja, kuten nimi ja yhteystiedot.<br><a href=\"https:\/\/julity.com\/fi\/\">ilke\u00e4<\/a>&nbsp;suojaa henkil\u00f6tietosi. Emme miss\u00e4\u00e4n olosuhteissa paljasta tai jaa tietojasi luvattomille kolmansille osapuolille.<br>Lis\u00e4ksi k\u00e4yt\u00e4mme \"ev\u00e4stett\u00e4\" seurataksemme liikkeit\u00e4si sivustolla. Ev\u00e4ste \"muistaa\" kuka olet, joten sinun ei tarvitse rekister\u00f6ity\u00e4 uudelleen joka kerta, kun vierailet sivustollamme.<br><br><strong>EV\u00c4STEK\u00c4YT\u00c4NT\u00d6<\/strong><br><br><a href=\"https:\/\/julity.com\/fi\/\">ilke\u00e4<\/a>&nbsp;asettaa pieni\u00e4 tietopaketteja, joita kutsutaan ev\u00e4steiksi, asiakkaiden tietokoneille ja mobiililaitteille.<br>T\u00e4m\u00e4 on vakiok\u00e4yt\u00e4nt\u00f6, jota kaikki verkkoyritykset noudattavat. Ev\u00e4steet ovat olennainen osa avustamista&nbsp;<a href=\"https:\/\/julity.com\/fi\/\">ilke\u00e4<\/a>&nbsp;tarjoamalla korkealaatuisen verkkokauppakokemuksen kaikille asiakkaille.<br>Kun ev\u00e4steet ovat k\u00e4yt\u00f6ss\u00e4,&nbsp;<a href=\"https:\/\/julity.com\/fi\/\">ilke\u00e4<\/a>&nbsp;voi m\u00e4\u00e4ritt\u00e4\u00e4 kaikkien asiakkaiden osto- ja selausk\u00e4ytt\u00e4ytymisen. Selailemalla&nbsp;<a href=\"https:\/\/julity.com\/fi\/\">ilke\u00e4<\/a>, asiakkaat suostuvat ev\u00e4steiden sijoittamiseen tietokoneelleen.<br>Asiakkaat voivat poistaa ev\u00e4steet k\u00e4yt\u00f6st\u00e4, jos he haluavat henkil\u00f6kohtaisesti selaimestaan.<br>For more information about cookies, read our full&nbsp;Cookie Policy.<br><br><strong>L\u00c4HETYS, TULLI, TULLIT JA VEROT<\/strong><br><br>Kaikki tuotteet ostettu&nbsp;<a href=\"https:\/\/julity.com\/fi\/\">ilke\u00e4<\/a>&nbsp;tehd\u00e4\u00e4n kuljetussopimuksen mukaisesti.<br>T\u00e4m\u00e4 tarkoittaa, ett\u00e4 t\u00e4llaisten tuotteiden menetyksen riski ja omistusoikeus siirtyv\u00e4t ostajalle, kun toimitamme tavaran kuljetusliikkeelle.<br>K\u00e4ytt\u00f6&nbsp;<a href=\"https:\/\/julity.com\/fi\/\">ilke\u00e4<\/a>&nbsp;Sivusto on tarkoitettu vain ihmisille ja yhteis\u00f6ille, jotka voivat tehd\u00e4 oikeudellisesti sitovia sopimuksia ja joiden tarkoituksena on ostaa tavaroita henkil\u00f6kohtaiseen k\u00e4ytt\u00f6\u00f6n itselleen tai lahjaksi.<br><a href=\"https:\/\/julity.com\/fi\/\">ilke\u00e4<\/a>&nbsp;tarjoaa maailmanlaajuisen toimituksen. Toimitusosoitteessa m\u00e4\u00e4ritetty vastaanottaja on ostetun tuotteen maahantuoja, ja h\u00e4nen on noudatettava kaikkia kohdemaan lakeja ja m\u00e4\u00e4r\u00e4yksi\u00e4.<br>Ostetut tavarat voivat olla kohdemaan tai -valtion perimien tuontiverojen, tullimaksujen ja maksujen alaisia.<br>Toimitusosoitteessa ilmoitetusta vastaanottajasta voidaan joutua maksamaan sellaisia tuontiveroja, tulleja ja maksuja, jotka perit\u00e4\u00e4n l\u00e4hetyksen saapuessa vastaanottajan maahan.<br>Ylim\u00e4\u00e4r\u00e4iset tullausmaksut tulee maksaa toimitusosoitteessa ilmoitettu vastaanottaja.&nbsp;<a href=\"https:\/\/julity.com\/fi\/\">ilke\u00e4<\/a>&nbsp;ei voi hallita n\u00e4it\u00e4 maksuja eik\u00e4 voi ennustaa, mit\u00e4 ne voivat olla.<br>Vastaanottajan vastuulla on ottaa yhteytt\u00e4 paikalliseen tullitoimipaikkaansa saadakseen lis\u00e4tietoja. Kun tullausmenettelyj\u00e4 tarvitaan, se voi aiheuttaa viiv\u00e4styksi\u00e4 pidemm\u00e4lle&nbsp;<a href=\"https:\/\/julity.com\/fi\/\">ilke\u00e4<\/a>&nbsp;alkuper\u00e4iset toimitusarviot.<br><br><strong>VASTUUVAPAUSLAUSEKE JA VASTUURAJOITUS<\/strong><br><br><a href=\"https:\/\/julity.com\/fi\/\">ilke\u00e4<\/a>&nbsp;pyrkii olemaan mahdollisimman tarkka ja aikoo, ett\u00e4 t\u00e4ll\u00e4 sivustolla esiintyvien tuotteiden v\u00e4rit, muotoilu ja tyyli vastaavat todellisen tuotteen v\u00e4rej\u00e4, muotoilua ja tyyli\u00e4.<br>Kuitenkin,<a href=\"https:\/\/julity.com\/fi\/\">ilke\u00e4<\/a>&nbsp;ei takaa, ett\u00e4 tuotekuvaukset, kuvat tai muu sis\u00e4lt\u00f6&nbsp;<a href=\"https:\/\/julity.com\/fi\/\">ilke\u00e4<\/a>&nbsp;on tarkka, t\u00e4ydellinen, luotettava, ajankohtainen tai virheet\u00f6n. Teknisist\u00e4, typografisista, digitaalisista tai valokuvallisista syist\u00e4 johtuvia vaihteluita saattaa esiinty\u00e4.<br>Todelliset v\u00e4rit ja \"ulkoasu\", jonka n\u00e4et&nbsp;<a href=\"https:\/\/julity.com\/fi\/\">ilke\u00e4<\/a>&nbsp;sivusto riippuu tietokoneesi n\u00e4yt\u00f6st\u00e4 ja muista teknisist\u00e4 tekij\u00f6ist\u00e4.<br>Jos tuote tarjoaa&nbsp;<a href=\"https:\/\/julity.com\/fi\/\">ilke\u00e4<\/a>&nbsp;itse ei ole kuvauksen mukainen, ainoa keinosi on palauttaa se k\u00e4ytt\u00e4m\u00e4tt\u00f6m\u00e4ss\u00e4 kunnossa&nbsp;<a href=\"https:\/\/julity.com\/fi\/\">ilke\u00e4<\/a>&nbsp;tuotteilla on 30 p\u00e4iv\u00e4n virhetakuu laskun p\u00e4iv\u00e4m\u00e4\u00e4r\u00e4st\u00e4. Paitsi mit\u00e4 t\u00e4ss\u00e4 nimenomaisesti mainitaan,&nbsp;<a href=\"https:\/\/julity.com\/fi\/\">ilke\u00e4<\/a>&nbsp;irtisanoutuu kaikista takuista, joko nimenomaisista tai oletetuista, mit\u00e4 tahansa, mit\u00e4 tulee sivustolla myyt\u00e4viin tuotteisiin&nbsp;<a href=\"https:\/\/julity.com\/fi\/\">ilke\u00e4<\/a>&nbsp;sivusto.<br>Hyv\u00e4ksyt, ett\u00e4 ainoa ja yksinomainen enimm\u00e4isvastuu&nbsp;<a href=\"https:\/\/julity.com\/fi\/\">ilke\u00e4<\/a>&nbsp;jotka johtuvat mist\u00e4 tahansa sivustolla myydyst\u00e4 tuotteesta&nbsp;<a href=\"https:\/\/julity.com\/fi\/\">ilke\u00e4<\/a>&nbsp;sivusto on tilatun tuotteen hinta.<br>Ei miss\u00e4\u00e4n tapauksessa saa&nbsp;<a href=\"https:\/\/julity.com\/fi\/\">ilke\u00e4<\/a>, sen johtajat, toimihenkil\u00f6t, ty\u00f6ntekij\u00e4t tai edustajat ovat vastuussa myytyihin tuotteisiin liittyvist\u00e4 erityisist\u00e4, ep\u00e4suorista, v\u00e4lillisist\u00e4 tai rankaisevista vahingoista.<br><br><strong>HENKIL\u00d6TIETOJEN MARKKINOINTI K\u00c4YTT\u00d6<\/strong><br><br>Tilaamalla uutiskirjeen hyv\u00e4ksyt erikoistarjouksia ja tarjouksia&nbsp;<a href=\"https:\/\/julity.com\/fi\/\">ilke\u00e4<\/a>. Voit peruuttaa s\u00e4hk\u00f6postien tilauksen milloin tahansa napsauttamalla s\u00e4hk\u00f6postissa olevaa peruutuslinkki\u00e4. Emme vuokraa, myy tai jaa sinua koskevia henkil\u00f6tietoja muiden ihmisten tai muiden kuin sidoksissa olevien yritysten kanssa markkinointitarkoituksiin ilman lupaasi.<br><br><strong>YHTEYTT\u00c4<\/strong><br><br>If customers have any comments, questions, or concerns regarding the Policy or any other issues regarding privacy and security, please do not hesitate to&nbsp;contact&nbsp;&nbsp;<a href=\"https:\/\/julity.com\/fi\/\">ilke\u00e4<\/a>&nbsp;customer service representatives&nbsp;(service@julity.com).<\/td><\/tr><\/tbody><\/table><\/figure>","protected":false},"excerpt":{"rendered":"<p>TERMS AND CONDITIONS By purchasing from&nbsp;julity, you agree to the following terms and conditions. Please read them carefully. PRIVACY POLICY Respecting your privacy is of utmost importance to us at&nbsp;julity.Any information you submit to our website, or that is gathered by a \u201ccookie\u201d during your visit, is used strictly by&nbsp;julity&nbsp;to maintain a record of your [&#8230;]","protected":false},"author":1,"featured_media":0,"parent":0,"menu_order":0,"comment_status":"closed","ping_status":"closed","template":"","meta":{"footnotes":""},"class_list":["post-1855","page","type-page","status-publish","hentry"],"_links":{"self":[{"href":"https:\/\/julity.com\/fi\/wp-json\/wp\/v2\/pages\/1855","targetHints":{"allow":["GET"]}}],"collection":[{"href":"https:\/\/julity.com\/fi\/wp-json\/wp\/v2\/pages"}],"about":[{"href":"https:\/\/julity.com\/fi\/wp-json\/wp\/v2\/types\/page"}],"author":[{"embeddable":true,"href":"https:\/\/julity.com\/fi\/wp-json\/wp\/v2\/users\/1"}],"replies":[{"embeddable":true,"href":"https:\/\/julity.com\/fi\/wp-json\/wp\/v2\/comments?post=1855"}],"version-history":[{"count":1,"href":"https:\/\/julity.com\/fi\/wp-json\/wp\/v2\/pages\/1855\/revisions"}],"predecessor-version":[{"id":410178,"href":"https:\/\/julity.com\/fi\/wp-json\/wp\/v2\/pages\/1855\/revisions\/410178"}],"wp:attachment":[{"href":"https:\/\/julity.com\/fi\/wp-json\/wp\/v2\/media?parent=1855"}],"curies":[{"name":"wp","href":"https:\/\/api.w.org\/{rel}","templated":true}]}}