{"id":1862,"date":"2020-05-17T05:57:39","date_gmt":"2020-05-17T09:57:39","guid":{"rendered":"https:\/\/www.leryca.com\/?page_id=1862"},"modified":"2023-03-18T04:36:39","modified_gmt":"2023-03-18T11:36:39","slug":"shipping-information","status":"publish","type":"page","link":"https:\/\/julity.com\/fi\/shipping-information\/","title":{"rendered":"SHIPPING INFORMATION"},"content":{"rendered":"<div class=\"wp-block-group is-layout-constrained wp-block-group-is-layout-constrained\">\n<div class=\"wp-block-columns is-layout-flex wp-container-core-columns-is-layout-9d6595d7 wp-block-columns-is-layout-flex\">\n<div class=\"wp-block-column is-layout-flow wp-block-column-is-layout-flow\" style=\"flex-basis:100%\">\n<div class=\"wp-block-columns is-layout-flex wp-container-core-columns-is-layout-9d6595d7 wp-block-columns-is-layout-flex\">\n<div class=\"wp-block-column is-layout-flow wp-block-column-is-layout-flow\" style=\"flex-basis:100%\">\n<div class=\"wp-block-columns is-layout-flex wp-container-core-columns-is-layout-9d6595d7 wp-block-columns-is-layout-flex\">\n<div class=\"wp-block-column is-layout-flow wp-block-column-is-layout-flow\" style=\"flex-basis:100%\">\n<figure class=\"wp-block-table\"><table><tbody><tr><td>SHIPPING INFORMATION<\/td><\/tr><\/tbody><\/table><\/figure>\n<figure class=\"wp-block-table\"><table><tbody><tr><td><strong>SHIPPING METHODS &amp; CHARGES<\/strong>\n\nYour order will be shipped to the specified address according to the shipping method selected during checkout:\n<\/td><\/tr><\/tbody><\/table><\/figure>\n<table class=\"shipping-information__Table-sc-1rm6hsf-0 ccmVNz\" style=\"height: 127px;\" width=\"311\">\n<thead>\n<tr>\n<th class=\"shipping-information__TableHead-sc-1rm6hsf-2 dQZIHE\">laivaus<!-- --> Palvelu<\/th>\n<th class=\"shipping-information__TableHead-sc-1rm6hsf-2 dQZIHE\">Toimitusaika<\/th>\n<th class=\"shipping-information__TableHead-sc-1rm6hsf-2 dQZIHE\">Hinnat<\/th>\n<\/tr>\n<\/thead>\n<tbody>\n<tr>\n<td class=\"shipping-information__TableData-sc-1rm6hsf-1 hoRxWH\">Normaali maaper\u00e4<\/td>\n<td class=\"shipping-information__TableData-sc-1rm6hsf-1 hoRxWH\">10-14 arkip\u00e4iv\u00e4\u00e4<\/td>\n<td class=\"shipping-information__TableData-sc-1rm6hsf-1 hoRxWH\"><strong class=\"sc-fzoLsD iyaybf\">VAPAA<\/strong><\/td>\n<\/tr>\n<tr>\n<td class=\"shipping-information__TableData-sc-1rm6hsf-1 hoRxWH\">Pikatoimitus<\/td>\n<td class=\"shipping-information__TableData-sc-1rm6hsf-1 hoRxWH\">4-6 arkip\u00e4iv\u00e4\u00e4<\/td>\n<td class=\"shipping-information__TableData-sc-1rm6hsf-1 hoRxWH\">$7.99<\/td>\n<\/tr>\n<\/tbody>\n<\/table>\n\n<figure class=\"wp-block-table\"><table><tbody><tr><td>\nPlease keep in mind that the estimated shipping time frames are impacted by your selected shipping method, and does not account for delays caused by vendors or service and weather disruptions.<\/td><\/tr><\/tbody><\/table><\/figure>\n<figure class=\"wp-block-table\"><table><tbody><tr><td>\nPLEASE NOTE:\n<strong>All our packages are fully insured and shipping time frames described above applies to orders shipped within the continental United States. The time frames mentioned above for shipping include production time.\nExpress shipments require a customer signature upon delivery.<\/strong>\nEven if you live outside of the country, don\u2019t fret! We also provide free international shipping to many countries.&nbsp;Click here&nbsp;for a full list of countries we ship to.\nEach customer is responsible for any customs charges that may be applied to&nbsp;<strong>international shipments<\/strong>. momlova has no control over these charges and is not responsible for any actions taken by customs or delivery services.\n<\/td><\/tr><\/tbody><\/table><\/figure>\n<figure class=\"wp-block-table\"><table><tbody><tr><td>\n<strong>ADDRESS INFORMATION<\/strong>\n\nPlease note that it is the customer\u2019s responsibility to provide us with a correct and complete shipping address.\nIf your shipping address is different from your billing address, please specify this during checkout.\n<\/td><\/tr><\/tbody><\/table><\/figure>\n<figure class=\"wp-block-table\"><table><tbody><tr><td>\n<strong>SHIPPING NOTIFICATION<\/strong>\n\nWhen your order ships, you will receive a Shipping Notification email.\nThis email will provide you with&nbsp;<strong>your order ID<\/strong>&nbsp;to track your item as it makes its way to you, as well as the date your order was shipped. You can also check the status of your order online by logging into the&nbsp;track my order page with your Order ID and Email.\n<\/td><\/tr><\/tbody><\/table><\/figure>\n<figure class=\"wp-block-table\"><table><tbody><tr><td>\n<strong>ESTIMATED SHIPPING<\/strong>\n\nThe estimated Shipping date is based on the selected shipping method.Shipping dates are based on&nbsp;<strong>business days<\/strong>&nbsp;and they&nbsp;<strong>do not include weekends and holidays<\/strong>.\nPlease note that special orders may have a longer processing and manufacturing time frame.\nPLEASE NOTE:\nIf your order has not arrived within the estimated Shipping time, or you have additional questions regarding shipping, please&nbsp;contact our Customer Service Representatives.<\/td><\/tr><\/tbody><\/table><\/figure>\n<\/div>\n<\/div>\n<\/div>\n<\/div>\n<\/div>\n<\/div>\n<\/div>","protected":false},"excerpt":{"rendered":"<p>SHIPPING INFORMATION SHIPPING METHODS &amp; CHARGES Your order will be shipped to the specified address according to the shipping method selected during checkout: Shipping Service Delivery Time Rates Standard Ground 10-14 business days FREE Express Shipping 4-6 business days $7.99 Please keep in mind that the estimated shipping time frames are impacted by your selected [&#8230;]","protected":false},"author":1,"featured_media":0,"parent":0,"menu_order":0,"comment_status":"closed","ping_status":"closed","template":"","meta":{"footnotes":""},"class_list":["post-1862","page","type-page","status-publish","hentry"],"_links":{"self":[{"href":"https:\/\/julity.com\/fi\/wp-json\/wp\/v2\/pages\/1862","targetHints":{"allow":["GET"]}}],"collection":[{"href":"https:\/\/julity.com\/fi\/wp-json\/wp\/v2\/pages"}],"about":[{"href":"https:\/\/julity.com\/fi\/wp-json\/wp\/v2\/types\/page"}],"author":[{"embeddable":true,"href":"https:\/\/julity.com\/fi\/wp-json\/wp\/v2\/users\/1"}],"replies":[{"embeddable":true,"href":"https:\/\/julity.com\/fi\/wp-json\/wp\/v2\/comments?post=1862"}],"version-history":[{"count":1,"href":"https:\/\/julity.com\/fi\/wp-json\/wp\/v2\/pages\/1862\/revisions"}],"predecessor-version":[{"id":410181,"href":"https:\/\/julity.com\/fi\/wp-json\/wp\/v2\/pages\/1862\/revisions\/410181"}],"wp:attachment":[{"href":"https:\/\/julity.com\/fi\/wp-json\/wp\/v2\/media?parent=1862"}],"curies":[{"name":"wp","href":"https:\/\/api.w.org\/{rel}","templated":true}]}}