{"id":1866,"date":"2020-05-17T05:59:19","date_gmt":"2020-05-17T09:59:19","guid":{"rendered":"https:\/\/www.leryca.com\/?page_id=1866"},"modified":"2025-06-30T02:15:51","modified_gmt":"2025-06-30T09:15:51","slug":"care-instructions","status":"publish","type":"page","link":"https:\/\/julity.com\/fi\/care-instructions\/","title":{"rendered":"Hoito-ohjeet"},"content":{"rendered":"<figure class=\"wp-block-table is-style-stripes\"><table><tbody><tr><td>HOITO HENKIL\u00d6KOHTAISISTA KORUISI<\/td><\/tr><tr><td>Jokainen kaulakoru on arvokas ja niit\u00e4 tulisi kohdella sellaisenaan. Kaikki korut, jopa arvokkaimmat, vaativat perushoitoa. Pit\u00e4\u00e4ksesi henkil\u00f6kohtaiset korut, jotka n\u00e4ytt\u00e4v\u00e4t kiilt\u00e4v\u00e4lt\u00e4 ja hyv\u00e4lt\u00e4 uudelta, t\u00e4ss\u00e4 on muutamia yksinkertaisia ohjeita, jotka pidet\u00e4\u00e4n mieless\u00e4, riippumatta siit\u00e4, onko kyseess\u00e4 vankka kultanimi kaulakoru vai kullattu, vai jopa sterling hopea monogrammiranneki! Tarjoamme sinulle tarvittavat perushoito -ohjeet varmistaaksesi, ett\u00e4 monogrammikaulakorusi tai kaiverrettu lis\u00e4varuste pysyy n\u00e4ytt\u00e4\u00e4 uudelta riippumatta siit\u00e4, kuinka kauan sitten olet ostanut sen!<br>1. Meikki ensin, sitten tarvikkeet<br>Voiteet, hiuslakka ja jotkut kosmetiikka sis\u00e4lt\u00e4v\u00e4t kemikaaleja, jotka voivat vahingoittaa tai tahrata arvokkaita korujasi. Jotta r\u00e4\u00e4t\u00e4l\u00f6ity asusi n\u00e4ytt\u00e4isi parhaalta, pid\u00e4 se poissa haitallisilta laittamalla se p\u00e4\u00e4lle meikin ja hiusten tekemisen j\u00e4lkeen.<br>2. Jos siivoat, ota se pois<br>Voiteet, hiuslakka ja tietyt kosmeettiset tuotteet sis\u00e4lt\u00e4v\u00e4t kemikaaleja, jotka voivat vahingoittaa koruja, kuten tahriintua. Laittamalla koruja p\u00e4\u00e4llesi meikkaamisen j\u00e4lkeen, rajoitat korujen altistumista kemikaaleille.<br>3. Korut ja uima-altaat eiv\u00e4t sovi yhteen<br>Kaikki rakastavat viile\u00e4\u00e4 pulahdusta uima-altaaseen kuumana kes\u00e4p\u00e4iv\u00e4n\u00e4. Mutta uima-altaat ja porealtaat ovat t\u00e4ynn\u00e4 klooria, joka voi v\u00e4rj\u00e4t\u00e4 korujasi, jos ne ovat liian pitk\u00e4\u00e4n alttiina. Joten pelaa varman p\u00e4\u00e4lle: Kun pukeudut uimapukuun, riisu my\u00f6s korusi.<br>4. Hiero dub dub, ei koruja kylpyammeessa<br>Saippuat ja shampoot voivat saada sinut tuoksumaan raikkaalta ja raikkaalta puhtaalta, mutta ne voivat vaikuttaa henkil\u00f6kohtaisiin koruisi, jos niiss\u00e4 on my\u00f6s kemikaaleja. Liiallinen vaahdotus suihkussa k\u00e4ytt\u00e4ess\u00e4si persoonallista kaulakoruasi, rannekoruasi tai sormuksiasi voi saada jalometallin p\u00e4\u00e4lle kalvon, joka himment\u00e4\u00e4 kiiltoa ja heikent\u00e4\u00e4 sen upeaa kiiltoa.<br>5. Ole \u00e4lyk\u00e4s turvallisuuden suhteen<br>Korujen oikea s\u00e4ilytys tekee ihmeit\u00e4, jotta ne n\u00e4ytt\u00e4v\u00e4t uudelta. S\u00e4ilyt\u00e4 r\u00e4\u00e4t\u00e4l\u00f6idyt korusi laatikossa, jossa ne eiv\u00e4t sotkeudu muihin esineisiin tai hankaudu liiallisesta liikkeest\u00e4. Pehme\u00e4ll\u00e4 huopavuorella varustettu korurasia on hyv\u00e4 idea, mutta voit jopa vuorata yksinkertaisen kenk\u00e4laatikon kankaalla, jotta tavarasi pysyv\u00e4t paikoillaan ja turvassa. Tahranestonauhat ovat my\u00f6s loistava investointi pit\u00e4\u00e4ksesi poissa hapettimia, jotka voivat tahrata ja himment\u00e4\u00e4 kappaleitasi.<br><br><strong>ERITYISHOITO KULLA- JA HOPEAN HENKIL\u00d6KOHOITUKSILLE<\/strong><br><br>Kaikki korut voivat lopulta tahraantua, mutta paras puolustus on olla valppaana ja huolehtia tavaroistasi oikein. Julity-tilanteessa suosittelemme, ett\u00e4 puhdistat kulta- tai hopeakorusi nopeasti p\u00e4iv\u00e4n p\u00e4\u00e4tteeksi pehme\u00e4ll\u00e4 puhdistusliinalla poistaaksesi normaalista k\u00e4yt\u00f6st\u00e4 mahdollisesti kertyneet sormenj\u00e4ljet tai \u00f6ljyt. Ja kerran viikossa suosittelemme syv\u00e4puhdistusta \u2013 k\u00e4yt\u00e4 yksinkertaisesti sekoitus 1\/2 kuppia l\u00e4mmint\u00e4 vett\u00e4 ja muutama suihke mietoa nestesaippuaa ja anna korujen imeyty\u00e4 kolme minuuttia. Poista sitten esineet, huuhtele puhtaalla vedell\u00e4 ja anna korujen kuivua. Se siit\u00e4!<br>Sterlinghopeakorut ansaitsevat erityist\u00e4 huolenpitoa, joten suosittelemme n\u00e4ille arvokkaille esineille hopeakiillotusta. Voit ostaa laadukasta hopeaa useimmista korukaupoista, apteekeista ja jopa supermarketeista.<br>R\u00e4\u00e4t\u00e4l\u00f6idyt korusi muistuttavat el\u00e4m\u00e4si erityisimpi\u00e4 hetki\u00e4, joten k\u00e4sittele niit\u00e4 varovasti, niin ne kest\u00e4v\u00e4t koko el\u00e4m\u00e4si.<\/td><\/tr><\/tbody><\/table><\/figure>","protected":false},"excerpt":{"rendered":"<p>CARING FOR YOUR PERSONALIZED JEWELRY Every julity necklae&nbsp;is precious and should be treated as such.All jewelry, even the most precious, requires basic care. To keep your personalized jewelry looking lustrous and good new, here are a few simple instructions to keep in mind, no matter if it is&nbsp;solid gold name necklace&nbsp;or a&nbsp;gold plated&nbsp;one, or even [&#8230;]","protected":false},"author":1,"featured_media":0,"parent":0,"menu_order":0,"comment_status":"closed","ping_status":"closed","template":"","meta":{"footnotes":""},"class_list":["post-1866","page","type-page","status-publish","hentry"],"_links":{"self":[{"href":"https:\/\/julity.com\/fi\/wp-json\/wp\/v2\/pages\/1866","targetHints":{"allow":["GET"]}}],"collection":[{"href":"https:\/\/julity.com\/fi\/wp-json\/wp\/v2\/pages"}],"about":[{"href":"https:\/\/julity.com\/fi\/wp-json\/wp\/v2\/types\/page"}],"author":[{"embeddable":true,"href":"https:\/\/julity.com\/fi\/wp-json\/wp\/v2\/users\/1"}],"replies":[{"embeddable":true,"href":"https:\/\/julity.com\/fi\/wp-json\/wp\/v2\/comments?post=1866"}],"version-history":[{"count":1,"href":"https:\/\/julity.com\/fi\/wp-json\/wp\/v2\/pages\/1866\/revisions"}],"predecessor-version":[{"id":410182,"href":"https:\/\/julity.com\/fi\/wp-json\/wp\/v2\/pages\/1866\/revisions\/410182"}],"wp:attachment":[{"href":"https:\/\/julity.com\/fi\/wp-json\/wp\/v2\/media?parent=1866"}],"curies":[{"name":"wp","href":"https:\/\/api.w.org\/{rel}","templated":true}]}}