{"id":130046,"date":"2021-01-23T12:14:49","date_gmt":"2021-01-23T11:14:49","guid":{"rendered":"https:\/\/www.heagift.com\/product\/import-placeholder-for-1294\/"},"modified":"2024-10-06T23:54:29","modified_gmt":"2024-10-07T06:54:29","slug":"personalized-sterling-silver-men-leather-black-bracelet","status":"publish","type":"product","link":"https:\/\/julity.com\/fi\/product\/personalized-sterling-silver-men-leather-black-bracelet\/","title":{"rendered":"Personalized sterling silver men leather black bracelet"},"content":{"rendered":"<p>R\u00e4\u00e4t\u00e4l\u00f6idyt yksityiskohdat tekev\u00e4t miesten rannekorusta pienill\u00e4 mukautetuilla hopeahelmill\u00e4 erottuvan. T\u00e4ss\u00e4 henkil\u00f6kohtaisessa rannekorussa on komeasti punottu nauha, joka kiinnittyy tukevalla hopeanv\u00e4risell\u00e4 lukolla. Py\u00f6re\u00e4t helmet lis\u00e4\u00e4v\u00e4t miellytt\u00e4v\u00e4\u00e4 kontrastia, ja ne on kaiverrettu tilauksesta. T\u00e4m\u00e4 rannekoru on valmistettu laadukkaista osista, mukaan lukien sterlinghopeasta. Siin\u00e4 on:<\/p>\n<ul>\n<li>Materiaali: Sterling Silver 0.925 Aitoa nahkaa punos ranneke<\/li>\n<li>Helmen koko: 9,8 * 4,8 MM (0,38 * 0,18 TUUMAA) <\/li>\n<li>Helmen paksuus: 0,8 mm (0,03 tuumaa)<\/li>\n<li>Rannekorun ymp\u00e4rysmitta: S\u00e4\u00e4dett\u00e4v\u00e4 - 60 cm (24 tuumaa)<\/li>\n<li>Ketjun kokoa voidaan muuttaa ja k\u00e4ytt\u00f6liittym\u00e4 on kiinnitetty hopeanv\u00e4risell\u00e4 napilla.<\/li>\n<li>Jokaiselle helmelle voidaan kaivertaa oma nimi<\/li>\n<\/ul>","protected":false},"excerpt":{"rendered":"<p>Customized details make the Men Bracelet with Small Custom Beads in Silver a standout. This personalized bracelet features a handsomely braided band that fastens with a sturdy silver clasp. The circular beads add pleasing contrast, and are engraved to order. This bracelet is made with quality components including sterling silver. It features: Material: Sterling Silver [&#8230;]","protected":false},"featured_media":130050,"comment_status":"open","ping_status":"closed","template":"","meta":[],"product_brand":[],"product_cat":[101],"product_tag":[115,117],"class_list":{"0":"post-130046","1":"product","2":"type-product","3":"status-publish","4":"has-post-thumbnail","6":"product_cat-name-bracelets","7":"product_tag-bracelets","8":"product_tag-fathergift","9":"tm-has-options","11":"first","12":"instock","13":"sale","14":"shipping-taxable","15":"purchasable","16":"product-type-simple"},"_links":{"self":[{"href":"https:\/\/julity.com\/fi\/wp-json\/wp\/v2\/product\/130046","targetHints":{"allow":["GET"]}}],"collection":[{"href":"https:\/\/julity.com\/fi\/wp-json\/wp\/v2\/product"}],"about":[{"href":"https:\/\/julity.com\/fi\/wp-json\/wp\/v2\/types\/product"}],"replies":[{"embeddable":true,"href":"https:\/\/julity.com\/fi\/wp-json\/wp\/v2\/comments?post=130046"}],"wp:featuredmedia":[{"embeddable":true,"href":"https:\/\/julity.com\/fi\/wp-json\/wp\/v2\/media\/130050"}],"wp:attachment":[{"href":"https:\/\/julity.com\/fi\/wp-json\/wp\/v2\/media?parent=130046"}],"wp:term":[{"taxonomy":"product_brand","embeddable":true,"href":"https:\/\/julity.com\/fi\/wp-json\/wp\/v2\/product_brand?post=130046"},{"taxonomy":"product_cat","embeddable":true,"href":"https:\/\/julity.com\/fi\/wp-json\/wp\/v2\/product_cat?post=130046"},{"taxonomy":"product_tag","embeddable":true,"href":"https:\/\/julity.com\/fi\/wp-json\/wp\/v2\/product_tag?post=130046"}],"curies":[{"name":"wp","href":"https:\/\/api.w.org\/{rel}","templated":true}]}}