{"id":1814,"date":"2020-05-17T03:55:31","date_gmt":"2020-05-17T07:55:31","guid":{"rendered":"https:\/\/www.leryca.com\/?post_type=product&#038;p=1814"},"modified":"2021-11-26T01:03:21","modified_gmt":"2021-11-26T05:03:21","slug":"personalized-intertwined-hearts-necklace-with-birthstone","status":"publish","type":"product","link":"https:\/\/julity.com\/fi\/product\/personalized-intertwined-hearts-necklace-with-birthstone\/","title":{"rendered":"Henkil\u00f6kohtainen yhteensovitettu syd\u00e4nkaulakoru syntym\u00e4kivell\u00e4"},"content":{"rendered":"<div class=\"item-attr-title\">\n<h3>Kohteen tiedot:<\/h3>\n<\/div>\n<div>\n<table class=\"table table-striped\">\n<tbody>\n<tr>\n<th>Tyyli<\/th>\n<td>Henkil\u00f6kohtainen kaulakoru<\/td>\n<\/tr>\n<tr>\n<th>Koukku<\/th>\n<td>Yksikoukku\/kaksoiskoukku<\/td>\n<\/tr>\n<tr>\n<th>Ketjun tyyppi<\/th>\n<td>Rolo ketju<\/td>\n<\/tr>\n<tr>\n<th>Ketjun pituus<\/th>\n<td>14&#8243;,16&#8243;,18&#8243;,20&#8243;,22&#8243;<\/td>\n<\/tr>\n<tr>\n<th>Materiaali<\/th>\n<td>Sterling hopea 925<\/td>\n<\/tr>\n<\/tbody>\n<\/table>\n<p>T\u00e4m\u00e4 sterlinghopeasta valmistettu vieh\u00e4tt\u00e4v\u00e4, yhteen kietoutunut syd\u00e4nkaulakoru voi lis\u00e4t\u00e4 ulkoasuasi erityisen rakkauden ripauksen. Syd\u00e4met lukittuvat toisiinsa ja jokainen on koristeltu yksityiskohdilla ja hohtavilla syntym\u00e4kivill\u00e4. Valitse jokaiselle syd\u00e4melle nimi ja syntym\u00e4kivi saadaksesi t\u00e4ysin ainutlaatuisen ilmeen. Se on t\u00e4ydellinen lahja vaimollesi, tytt\u00f6yst\u00e4v\u00e4llesi, \u00e4idille, joka voi pit\u00e4\u00e4 l\u00e4heiset l\u00e4hell\u00e4\u00e4n, vaikka he ovat kaukana. Tee h\u00e4nen p\u00e4iv\u00e4st\u00e4\u00e4n erityinen t\u00e4ll\u00e4 henkil\u00f6kohtaisella syd\u00e4nkaulakorulla!<\/p>\n<\/div>","protected":false},"excerpt":{"rendered":"<p>Item specifics: Style Personalized Necklace Hook Single Hook\/Double Hooks Chain type Rolo Chain Chain Length 14&#8243;,16&#8243;,18&#8243;,20&#8243;,22&#8243; Material Sterling Silver 925 Created in sterling silver, this charming intertwined heart necklace can add a special touch of love to your look. The hearts interlock with each other and each adorned with detailing and shimmering birthstone. Choose the [&#8230;]","protected":false},"featured_media":1815,"comment_status":"open","ping_status":"closed","template":"","meta":[],"product_brand":[],"product_cat":[94,78],"product_tag":[],"class_list":{"0":"post-1814","1":"product","2":"type-product","3":"status-publish","4":"has-post-thumbnail","6":"product_cat-heart-necklace","7":"product_cat-moms-necklaces","8":"tm-has-options","10":"first","11":"instock","12":"sale","13":"shipping-taxable","14":"purchasable","15":"product-type-simple"},"_links":{"self":[{"href":"https:\/\/julity.com\/fi\/wp-json\/wp\/v2\/product\/1814","targetHints":{"allow":["GET"]}}],"collection":[{"href":"https:\/\/julity.com\/fi\/wp-json\/wp\/v2\/product"}],"about":[{"href":"https:\/\/julity.com\/fi\/wp-json\/wp\/v2\/types\/product"}],"replies":[{"embeddable":true,"href":"https:\/\/julity.com\/fi\/wp-json\/wp\/v2\/comments?post=1814"}],"wp:featuredmedia":[{"embeddable":true,"href":"https:\/\/julity.com\/fi\/wp-json\/wp\/v2\/media\/1815"}],"wp:attachment":[{"href":"https:\/\/julity.com\/fi\/wp-json\/wp\/v2\/media?parent=1814"}],"wp:term":[{"taxonomy":"product_brand","embeddable":true,"href":"https:\/\/julity.com\/fi\/wp-json\/wp\/v2\/product_brand?post=1814"},{"taxonomy":"product_cat","embeddable":true,"href":"https:\/\/julity.com\/fi\/wp-json\/wp\/v2\/product_cat?post=1814"},{"taxonomy":"product_tag","embeddable":true,"href":"https:\/\/julity.com\/fi\/wp-json\/wp\/v2\/product_tag?post=1814"}],"curies":[{"name":"wp","href":"https:\/\/api.w.org\/{rel}","templated":true}]}}