{"id":2105,"date":"2020-12-07T06:37:58","date_gmt":"2020-12-07T10:37:58","guid":{"rendered":"https:\/\/julity.com\/?post_type=product&#038;p=2105"},"modified":"2025-12-02T05:29:25","modified_gmt":"2025-12-02T12:29:25","slug":"christmas-gifts-for-mom-birthstone-necklace-for-mom","status":"publish","type":"product","link":"https:\/\/julity.com\/fi\/product\/christmas-gifts-for-mom-birthstone-necklace-for-mom\/","title":{"rendered":"Syd\u00e4men syntym\u00e4kiven kaulakorut 925 sterlinghopeassa"},"content":{"rendered":"<div class=\"item-attr-title\">\n<h3>Kohteen tiedot:<\/h3>\n<\/div>\n<div>\n<table class=\"table table-striped\">\n<tbody>\n<tr>\n<th>Tyyli<\/th>\n<td>Syd\u00e4n kaulakoru<\/td>\n<\/tr>\n<tr>\n<th>Riipuksen koko<\/th>\n<td>Korkeus: 25,5 MM (1 TUUMA), Leveys: 25,5 MM (1 TUUM), syntym\u00e4kiven koko: 2,5 MM (0,1 TUUMA)<\/td>\n<\/tr>\n<tr>\n<th>Koukku<\/th>\n<td>Yksitt\u00e4inen koukku<\/td>\n<\/tr>\n<tr>\n<th>Ketjun tyyppi<\/th>\n<td>Rolo ketju<\/td>\n<\/tr>\n<tr>\n<th>Materiaali<\/th>\n<td>Sterling hopea 925<\/td>\n<\/tr>\n<tr>\n<th>Paksuus<\/th>\n<td>4 MM (0,16 TUUMAA)<\/td>\n<\/tr>\n<\/tbody>\n<\/table>\n<p>Syntym\u00e4kivi:<img decoding=\"async\" src=\"\/\/julity.com\/wp-content\/uploads\/2021\/10\/stone.jpg\" alt=\"\" \/><br \/>\n<!--StartFragment --><\/p>\n<div><\/div>\n<p>\u2022 Suunnittelutiedot: Giftin syd\u00e4men syntym\u00e4kivikaulakoru on koristeltu 2-4 syntym\u00e4kivell\u00e4, nimet on r\u00e4\u00e4t\u00e4l\u00f6ity, kauniisti koristeltu useilla kirkkailla kiteill\u00e4.<\/p>\n<p>\u2022 Suunnittelun inspiraatio: syd\u00e4men muoto on suosittu ja klassinen elementti ikuisesti. Kiertyv\u00e4 muotoilu on kuin kaksi rakastunutta ihmist\u00e4 halaamassa toisiaan, mik\u00e4 korostaa sen ajatonta vetovoimaa<\/p>\n<p>\u2022 Lahjatilaisuus: yst\u00e4v\u00e4np\u00e4iv\u00e4, vuosip\u00e4iv\u00e4, joulu, tytt\u00f6yst\u00e4v\u00e4n syntym\u00e4p\u00e4iv\u00e4 jne.<\/p>\n<p>\u2022Lahjan saaja: vaimo, sisarukset, BBF, rakastaja, \u00e4iti, itsesi hoito jne.<\/p>\n<p>\u2022T\u00e4m\u00e4 ainutlaatuinen ja syd\u00e4mellinen tuote on pakattu kauniiseen laatikkoon ja valmis annettavaksi.<\/p>\n<p>Huomautus: Nimen tai sanan ensimm\u00e4inen kirjain kirjoitetaan oletuksena isolla.<\/p>\n<\/div>\n<p><!--more--><\/p>","protected":false},"excerpt":{"rendered":"<p>Item specifics: Style Heart Necklace Pendant Size Height: 25.5MM(1INCH), Width: 25.5MM(1INCH), Birthstone Size: 2.5MM(0.1INCH) Hook Single Hook Chain type Rolo Chain Material Sterling Silver 925 Thickness 4MM(0.16INCH) Birthstone: \u2022Design Details: the heart birthstone necklace by Gift is adorned with 2-4 birthstones, names customized, beautifully embellished with several sparkling clear crystals. \u2022Design Inspiration: heart shape is [&#8230;]","protected":false},"featured_media":390053,"comment_status":"open","ping_status":"closed","template":"","meta":[],"product_brand":[],"product_cat":[82,90,86,91,84],"product_tag":[125,114,119],"class_list":{"0":"post-2105","1":"product","2":"type-product","3":"status-publish","4":"has-post-thumbnail","6":"product_cat-18k-gold-plated","7":"product_cat-gifts-for-couples","8":"product_cat-gifts-for-mom","9":"product_cat-gifts-for-teens","10":"product_cat-new-arrivals","11":"product_tag-emailshow","12":"product_tag-new","13":"product_tag-new2021","14":"tm-has-options","16":"first","17":"instock","18":"sale","19":"shipping-taxable","20":"purchasable","21":"product-type-simple"},"_links":{"self":[{"href":"https:\/\/julity.com\/fi\/wp-json\/wp\/v2\/product\/2105","targetHints":{"allow":["GET"]}}],"collection":[{"href":"https:\/\/julity.com\/fi\/wp-json\/wp\/v2\/product"}],"about":[{"href":"https:\/\/julity.com\/fi\/wp-json\/wp\/v2\/types\/product"}],"replies":[{"embeddable":true,"href":"https:\/\/julity.com\/fi\/wp-json\/wp\/v2\/comments?post=2105"}],"wp:featuredmedia":[{"embeddable":true,"href":"https:\/\/julity.com\/fi\/wp-json\/wp\/v2\/media\/390053"}],"wp:attachment":[{"href":"https:\/\/julity.com\/fi\/wp-json\/wp\/v2\/media?parent=2105"}],"wp:term":[{"taxonomy":"product_brand","embeddable":true,"href":"https:\/\/julity.com\/fi\/wp-json\/wp\/v2\/product_brand?post=2105"},{"taxonomy":"product_cat","embeddable":true,"href":"https:\/\/julity.com\/fi\/wp-json\/wp\/v2\/product_cat?post=2105"},{"taxonomy":"product_tag","embeddable":true,"href":"https:\/\/julity.com\/fi\/wp-json\/wp\/v2\/product_tag?post=2105"}],"curies":[{"name":"wp","href":"https:\/\/api.w.org\/{rel}","templated":true}]}}