{"id":300610,"date":"2023-02-24T22:34:54","date_gmt":"2023-02-25T05:34:54","guid":{"rendered":"https:\/\/julity.com\/?post_type=product&#038;p=300610"},"modified":"2025-06-21T01:18:21","modified_gmt":"2025-06-21T08:18:21","slug":"custom-2-birthstone-mothers-necklace","status":"publish","type":"product","link":"https:\/\/julity.com\/fi\/product\/custom-2-birthstone-mothers-necklace\/","title":{"rendered":"Mukautettu 2 Birthstone -\u00e4idin kaulakoru"},"content":{"rendered":"<div class=\"item-attr-title\">\n<h3>Kohteen tiedot:<\/h3>\n<\/div>\n<div>\n<table class=\"table table-striped\">\n<tbody>\n<tr>\n<th>Tyyli<\/th>\n<td> Syd\u00e4n kaulakoru<\/td>\n<\/tr>\n<tr>\n<th>Riipuksen koko<\/th>\n<td>Korkeus: 25,5 MM (1 TUUMA), Leveys: 25,5 MM (1 TUUM), syntym\u00e4kiven koko: 2,5 MM (0,1 TUUMA)<\/td>\n<\/tr>\n<tr>\n<th>Koukku<\/th>\n<td>Yksitt\u00e4inen koukku<\/td>\n<\/tr>\n<tr>\n<th>Ketjun tyyppi<\/th>\n<td>Rolo ketju<\/td>\n<\/tr>\n<tr>\n<th>Materiaali<\/th>\n<td>Sterling hopea 925<\/td>\n<\/tr>\n<tr>\n<th>Paksuus<\/th>\n<td>4 MM (0,16 TUUMAA)<\/td>\n<\/tr>\n<\/tbody>\n<\/table>\n<p>Syntym\u00e4kivi:<img decoding=\"async\" src=\"\/\/julity.com\/wp-content\/uploads\/2021\/10\/stone.jpg\" alt=\"\" \/><br \/>\n<!--StartFragment --><\/p>\n<div><\/div>\n<p>Kaiverrettu syd\u00e4nkaulakoru syntym\u00e4kivell\u00e4 \u2013 henkil\u00f6kohtainen lahja h\u00e4nelle. T\u00e4ss\u00e4 ihanassa syntym\u00e4kivikaulakorussa on valitsemasi syd\u00e4menmuotoiset syntym\u00e4kivet symboloimaan rakkauttasi. Voit personoida kaiverruksella l\u00e4heistesi nimet. Kaivertaa jopa 1-6 nime\u00e4 ja 1-6 valitsemaasi syntym\u00e4kive\u00e4 t\u00e4h\u00e4n persoonalliseen koruun. Mukautettu kaulakoru on valmistettu sterlinghopeasta. Kaulakorussa on erinomainen muotoilu ja syd\u00e4men muotoinen riipus syntym\u00e4kivill\u00e4 tarjoaa h\u00e4mm\u00e4stytt\u00e4v\u00e4n visuaalisen vaikutelman. Vastaanottaja: \u00e4iti, tytt\u00f6yst\u00e4v\u00e4, vaimo, tyt\u00e4r. Lahjatyyppi: Birthstone-kaulakorut. Tilaisuudet \u00e4itienp\u00e4iv\u00e4, yst\u00e4v\u00e4np\u00e4iv\u00e4, joulu, syntym\u00e4p\u00e4iv\u00e4 jne. Mukauttamistyyppi: nimi, viesti, p\u00e4iv\u00e4m\u00e4\u00e4r\u00e4. <\/p>","protected":false},"excerpt":{"rendered":"<p>Item specifics: Style Heart Necklace Pendant Size Height: 25.5MM(1INCH), Width: 25.5MM(1INCH), Birthstone Size: 2.5MM(0.1INCH) Hook Single Hook Chain type Rolo Chain Material Sterling Silver 925 Thickness 4MM(0.16INCH) Birthstone: Engraved Heart Necklace with Birthstone &#8211; Personalized Gift for Her. This lovely birthstone necklace features heart-shaped birthstones of your choice to symbolise your love. You may personalize [&#8230;]","protected":false},"featured_media":300671,"comment_status":"open","ping_status":"closed","template":"","meta":[],"product_brand":[],"product_cat":[15],"product_tag":[114,119,124],"class_list":{"0":"post-300610","1":"product","2":"type-product","3":"status-publish","4":"has-post-thumbnail","6":"product_cat-uncategorized","7":"product_tag-new","8":"product_tag-new2021","9":"product_tag-new2023","10":"tm-has-options","12":"first","13":"instock","14":"sale","15":"shipping-taxable","16":"purchasable","17":"product-type-simple"},"_links":{"self":[{"href":"https:\/\/julity.com\/fi\/wp-json\/wp\/v2\/product\/300610","targetHints":{"allow":["GET"]}}],"collection":[{"href":"https:\/\/julity.com\/fi\/wp-json\/wp\/v2\/product"}],"about":[{"href":"https:\/\/julity.com\/fi\/wp-json\/wp\/v2\/types\/product"}],"replies":[{"embeddable":true,"href":"https:\/\/julity.com\/fi\/wp-json\/wp\/v2\/comments?post=300610"}],"wp:featuredmedia":[{"embeddable":true,"href":"https:\/\/julity.com\/fi\/wp-json\/wp\/v2\/media\/300671"}],"wp:attachment":[{"href":"https:\/\/julity.com\/fi\/wp-json\/wp\/v2\/media?parent=300610"}],"wp:term":[{"taxonomy":"product_brand","embeddable":true,"href":"https:\/\/julity.com\/fi\/wp-json\/wp\/v2\/product_brand?post=300610"},{"taxonomy":"product_cat","embeddable":true,"href":"https:\/\/julity.com\/fi\/wp-json\/wp\/v2\/product_cat?post=300610"},{"taxonomy":"product_tag","embeddable":true,"href":"https:\/\/julity.com\/fi\/wp-json\/wp\/v2\/product_tag?post=300610"}],"curies":[{"name":"wp","href":"https:\/\/api.w.org\/{rel}","templated":true}]}}