{"id":390070,"date":"2023-10-19T23:45:06","date_gmt":"2023-10-20T06:45:06","guid":{"rendered":"https:\/\/julity.com\/?post_type=product&#038;p=390070"},"modified":"2023-12-05T00:15:22","modified_gmt":"2023-12-05T07:15:22","slug":"3d6name","status":"publish","type":"product","link":"https:\/\/julity.com\/fi\/product\/3d6name\/","title":{"rendered":"3D Names Birthstone Family Heart kaulakoru"},"content":{"rendered":"<div class=\"item-attr-title\">\n<h3>Kohteen tiedot:<\/h3>\n<\/div>\n<div>\n<table class=\"table table-striped\">\n<tbody>\n<tr>\n<th>Tyyli<\/th>\n<td> Syd\u00e4n kaulakoru<\/td>\n<\/tr>\n<tr>\n<th>Riipuksen koko<\/th>\n<td>Korkeus: 25,5 MM (1 TUUMA), Leveys: 25,5 MM (1 TUUM), syntym\u00e4kiven koko: 2,5 MM (0,1 TUUMA)<\/td>\n<\/tr>\n<tr>\n<th>Koukku<\/th>\n<td>Yksitt\u00e4inen koukku<\/td>\n<\/tr>\n<tr>\n<th>Ketjun tyyppi<\/th>\n<td>Rolo ketju<\/td>\n<\/tr>\n<tr>\n<th>Materiaali<\/th>\n<td>Sterling hopea 925<\/td>\n<\/tr>\n<tr>\n<th>Paksuus<\/th>\n<td>4 MM (0,16 TUUMAA)<\/td>\n<\/tr>\n<\/tbody>\n<\/table>\n<p>Syntym\u00e4kivi:<img decoding=\"async\" src=\"\/\/julity.com\/wp-content\/uploads\/2021\/10\/stone.jpg\" alt=\"\" \/><br \/>\n<!--StartFragment --><\/p>\n<div><\/div>\n<p>Kunnioita \u00e4iti\u00e4si t\u00e4ll\u00e4 henkil\u00f6kohtaisella \u00e4idin syd\u00e4nkaulakorulla! T\u00e4h\u00e4n perheeseen voidaan kaivertaa kaikkien h\u00e4nen lastensa nimet ja syntym\u00e4kivet, ja se antaa h\u00e4nelle kumppanuutta minne tahansa h\u00e4n menee. Syd\u00e4nriipuksen ymp\u00e4rille on kaiverrettu kaikkien h\u00e4nen lastensa yksil\u00f6lliset nimet, joten t\u00e4m\u00e4 kaulakoru on mielek\u00e4s lahja \u00e4idille, jota voi vaalia ikuisesti! Mukauta Mama-kaulakoru sukunimill\u00e4si ja n\u00e4yt\u00e4 \u00e4idillesi kuinka paljon rakastat h\u00e4nt\u00e4!<\/p>","protected":false},"excerpt":{"rendered":"<p>Item specifics: Style Heart Necklace Pendant Size Height: 25.5MM(1INCH), Width: 25.5MM(1INCH), Birthstone Size: 2.5MM(0.1INCH) Hook Single Hook Chain type Rolo Chain Material Sterling Silver 925 Thickness 4MM(0.16INCH) Birthstone: Honor your mother with this personalized mom\u2019s heart necklace! This family can be engraved with the names and birthstones of all her children and gives her companionship [&#8230;]","protected":false},"featured_media":390073,"comment_status":"open","ping_status":"closed","template":"","meta":[],"product_brand":[],"product_cat":[82,90,86,91,84],"product_tag":[114,119],"class_list":{"0":"post-390070","1":"product","2":"type-product","3":"status-publish","4":"has-post-thumbnail","6":"product_cat-18k-gold-plated","7":"product_cat-gifts-for-couples","8":"product_cat-gifts-for-mom","9":"product_cat-gifts-for-teens","10":"product_cat-new-arrivals","11":"product_tag-new","12":"product_tag-new2021","13":"tm-has-options","15":"first","16":"instock","17":"sale","18":"shipping-taxable","19":"purchasable","20":"product-type-simple"},"_links":{"self":[{"href":"https:\/\/julity.com\/fi\/wp-json\/wp\/v2\/product\/390070","targetHints":{"allow":["GET"]}}],"collection":[{"href":"https:\/\/julity.com\/fi\/wp-json\/wp\/v2\/product"}],"about":[{"href":"https:\/\/julity.com\/fi\/wp-json\/wp\/v2\/types\/product"}],"replies":[{"embeddable":true,"href":"https:\/\/julity.com\/fi\/wp-json\/wp\/v2\/comments?post=390070"}],"wp:featuredmedia":[{"embeddable":true,"href":"https:\/\/julity.com\/fi\/wp-json\/wp\/v2\/media\/390073"}],"wp:attachment":[{"href":"https:\/\/julity.com\/fi\/wp-json\/wp\/v2\/media?parent=390070"}],"wp:term":[{"taxonomy":"product_brand","embeddable":true,"href":"https:\/\/julity.com\/fi\/wp-json\/wp\/v2\/product_brand?post=390070"},{"taxonomy":"product_cat","embeddable":true,"href":"https:\/\/julity.com\/fi\/wp-json\/wp\/v2\/product_cat?post=390070"},{"taxonomy":"product_tag","embeddable":true,"href":"https:\/\/julity.com\/fi\/wp-json\/wp\/v2\/product_tag?post=390070"}],"curies":[{"name":"wp","href":"https:\/\/api.w.org\/{rel}","templated":true}]}}