{"id":390309,"date":"2024-05-22T04:21:59","date_gmt":"2024-05-22T11:21:59","guid":{"rendered":"https:\/\/julity.com\/?post_type=product&#038;p=390309"},"modified":"2026-02-18T07:09:27","modified_gmt":"2026-02-18T11:09:27","slug":"personalized-sterling-silver-men-single-strand-thick-leather-bracelet","status":"publish","type":"product","link":"https:\/\/julity.com\/fi\/product\/personalized-sterling-silver-men-single-strand-thick-leather-bracelet\/","title":{"rendered":"Henkil\u00f6kohtainen sterlinghopea miesten yksinauhainen paksu nahkarannekoru"},"content":{"rendered":"<p>T\u00e4m\u00e4 k\u00e4sintehty persoonallinen rannekoru on valmistettu korkealaatuisesta nahasta ja muokattavissa olevista hopeahelmist\u00e4, joten se on ainutlaatuinen ja harkittu lahja puolisollesi, yst\u00e4v\u00e4llesi tai perheesi j\u00e4senelle. Lis\u00e4ksi n\u00e4m\u00e4 ovat ihania lahjoja syntym\u00e4p\u00e4ivin\u00e4, jouluna, yst\u00e4v\u00e4np\u00e4iv\u00e4n\u00e4, \u00e4itienp\u00e4iv\u00e4n\u00e4, is\u00e4np\u00e4iv\u00e4n\u00e4 ja muissa erityisiss\u00e4 tilaisuuksissa.<br \/>\nT\u00e4ss\u00e4 henkil\u00f6kohtaisessa rannekorussa on komeasti punottu nauha, joka kiinnittyy tukevalla magneettilukon avulla.<\/p>\n<p>R\u00e4\u00e4t\u00e4l\u00f6idyt yksityiskohdat tekev\u00e4t miesten rannekorusta pienill\u00e4 mukautetuilla hopeahelmill\u00e4 erottuvan. T\u00e4ss\u00e4 henkil\u00f6kohtaisessa rannekorussa on komeasti punottu nauha, joka kiinnittyy tukevalla hopeanv\u00e4risell\u00e4 lukolla. Py\u00f6re\u00e4t helmet lis\u00e4\u00e4v\u00e4t miellytt\u00e4v\u00e4\u00e4 kontrastia, ja ne on kaiverrettu tilauksesta. T\u00e4m\u00e4 rannekoru on valmistettu laadukkaista osista, mukaan lukien sterlinghopeasta. Siin\u00e4 on:<\/p>\n<ul>\n<li>Materiaali: Sterling Silver 0.925 Aitoa nahkaa punos ranneke<\/li>\n<li>Helmen koko: 9,8 * 4,8 MM (0,38 * 0,18 TUUMAA)<\/li>\n<li>Helmen paksuus: 0,8 mm (0,03 tuumaa)<\/li>\n<li>Jokaiselle helmelle voidaan kaivertaa oma nimi<\/li>\n<\/ul>\n<p><img decoding=\"async\" src=\"https:\/\/julity.com\/wp-content\/uploads\/2024\/05\/brace-szsie.jpg\" alt=\"size\" \/><\/p>","protected":false},"excerpt":{"rendered":"<p>This handmade personalized bracelet is made of high quality leather and customizable silver beads, making it a unique and thoughtful gift for your spouse, a friend, or a member of your family. Additionally, these are wonderful presents for birthdays, Christmas, Valentine&#8217;s Day, Mother&#8217;s Day, Father&#8217;s Day, and other special occasions. This personalized bracelet features a [&#8230;]","protected":false},"featured_media":390310,"comment_status":"open","ping_status":"closed","template":"","meta":[],"product_brand":[],"product_cat":[101],"product_tag":[115],"class_list":{"0":"post-390309","1":"product","2":"type-product","3":"status-publish","4":"has-post-thumbnail","6":"product_cat-name-bracelets","7":"product_tag-bracelets","8":"tm-has-options","10":"first","11":"instock","12":"sale","13":"shipping-taxable","14":"purchasable","15":"product-type-simple"},"_links":{"self":[{"href":"https:\/\/julity.com\/fi\/wp-json\/wp\/v2\/product\/390309","targetHints":{"allow":["GET"]}}],"collection":[{"href":"https:\/\/julity.com\/fi\/wp-json\/wp\/v2\/product"}],"about":[{"href":"https:\/\/julity.com\/fi\/wp-json\/wp\/v2\/types\/product"}],"replies":[{"embeddable":true,"href":"https:\/\/julity.com\/fi\/wp-json\/wp\/v2\/comments?post=390309"}],"wp:featuredmedia":[{"embeddable":true,"href":"https:\/\/julity.com\/fi\/wp-json\/wp\/v2\/media\/390310"}],"wp:attachment":[{"href":"https:\/\/julity.com\/fi\/wp-json\/wp\/v2\/media?parent=390309"}],"wp:term":[{"taxonomy":"product_brand","embeddable":true,"href":"https:\/\/julity.com\/fi\/wp-json\/wp\/v2\/product_brand?post=390309"},{"taxonomy":"product_cat","embeddable":true,"href":"https:\/\/julity.com\/fi\/wp-json\/wp\/v2\/product_cat?post=390309"},{"taxonomy":"product_tag","embeddable":true,"href":"https:\/\/julity.com\/fi\/wp-json\/wp\/v2\/product_tag?post=390309"}],"curies":[{"name":"wp","href":"https:\/\/api.w.org\/{rel}","templated":true}]}}