{"id":811,"date":"2018-11-09T16:24:00","date_gmt":"2018-11-09T21:24:00","guid":{"rendered":"https:\/\/www.leryca.com\/product\/engraved-baby-feet-necklace-with-personalized-birthstone-gold-plating\/"},"modified":"2020-05-19T04:37:29","modified_gmt":"2020-05-19T08:37:29","slug":"engraved-baby-feet-necklace-with-personalized-birthstone-gold-plating","status":"publish","type":"product","link":"https:\/\/julity.com\/fi\/product\/engraved-baby-feet-necklace-with-personalized-birthstone-gold-plating\/","title":{"rendered":"Engraved Baby Feet Necklace with Personalized Birthstone Gold Plating"},"content":{"rendered":"<p>Lis\u00e4\u00e4 jotain erikoista korurasiaan ihastuttavilla kaiverretuilla kaulakoruilla. Saatavilla on lukuisia upeita malleja, jotka voidaan muokata nimell\u00e4, kahdella nimell\u00e4 tai jopa inspiroivilla sanoilla, joista pid\u00e4t. julity tarjoaa edullisia kaiverrettavia koruja, jotka eiv\u00e4t riko pankkia. Lis\u00e4ksi n\u00e4m\u00e4 kappaleet ovat eritt\u00e4in harkittuja ja arvostettuja lahjoja yst\u00e4ville ja perheelle. Anna ne jollekulle, joka juhlii syntym\u00e4p\u00e4iv\u00e4\u00e4, valmistujaisia, vauvajuhlia tai vuosip\u00e4iv\u00e4\u00e4. Viimeistelyt ovat kauniisti kiillotettuja, joten niist\u00e4 tuleva kiilto on eritt\u00e4in intensiivist\u00e4. Tarjolla on kaikkea ympyr\u00e4riipuskaulakoruista ja kaksoispalkkikaulakoruista footprint-kaulakoruihin ja lasten vieh\u00e4tyskaulakoruihin.<\/p>","protected":false},"excerpt":{"rendered":"<p>Add something extra special to your jewelry box with julity engravable necklaces. There are a plethora of gorgeous designs that can be customized with a name, two names, or even inspirational words that you love. julity provides affordable engravable jewelry that won\u2019t break the bank. In addition, these pieces make for very thoughtful and appreciated [&#8230;]","protected":false},"featured_media":812,"comment_status":"open","ping_status":"closed","template":"","meta":[],"product_brand":[],"product_cat":[82,86,88,78],"product_tag":[],"class_list":{"0":"post-811","1":"product","2":"type-product","3":"status-publish","4":"has-post-thumbnail","6":"product_cat-18k-gold-plated","7":"product_cat-gifts-for-mom","8":"product_cat-gifts-for-new-mom","9":"product_cat-moms-necklaces","10":"tm-has-options","12":"first","13":"instock","14":"sale","15":"shipping-taxable","16":"purchasable","17":"product-type-simple"},"_links":{"self":[{"href":"https:\/\/julity.com\/fi\/wp-json\/wp\/v2\/product\/811","targetHints":{"allow":["GET"]}}],"collection":[{"href":"https:\/\/julity.com\/fi\/wp-json\/wp\/v2\/product"}],"about":[{"href":"https:\/\/julity.com\/fi\/wp-json\/wp\/v2\/types\/product"}],"replies":[{"embeddable":true,"href":"https:\/\/julity.com\/fi\/wp-json\/wp\/v2\/comments?post=811"}],"wp:featuredmedia":[{"embeddable":true,"href":"https:\/\/julity.com\/fi\/wp-json\/wp\/v2\/media\/812"}],"wp:attachment":[{"href":"https:\/\/julity.com\/fi\/wp-json\/wp\/v2\/media?parent=811"}],"wp:term":[{"taxonomy":"product_brand","embeddable":true,"href":"https:\/\/julity.com\/fi\/wp-json\/wp\/v2\/product_brand?post=811"},{"taxonomy":"product_cat","embeddable":true,"href":"https:\/\/julity.com\/fi\/wp-json\/wp\/v2\/product_cat?post=811"},{"taxonomy":"product_tag","embeddable":true,"href":"https:\/\/julity.com\/fi\/wp-json\/wp\/v2\/product_tag?post=811"}],"curies":[{"name":"wp","href":"https:\/\/api.w.org\/{rel}","templated":true}]}}