{"id":1848,"date":"2020-05-17T05:53:57","date_gmt":"2020-05-17T09:53:57","guid":{"rendered":"https:\/\/www.leryca.com\/?page_id=1848"},"modified":"2021-06-01T22:12:46","modified_gmt":"2021-06-02T02:12:46","slug":"faq","status":"publish","type":"page","link":"https:\/\/julity.com\/fr\/faq\/","title":{"rendered":"FAQ"},"content":{"rendered":"<div class=\"row\"  id=\"row-504524240\">\n\n\t<div id=\"col-1068972864\" class=\"col small-12 large-12\"  >\n\t\t\t\t<div class=\"col-inner\"  >\n\t\t\t\n\t\t\t\n<h3 class=\"accordion_title\">livraison<\/h3><div class=\"accordion\">\n\t<div id=\"accordion-2464340095\" class=\"accordion-item\">\n\t\t<a id=\"accordion-2464340095-label\" class=\"accordion-title plain\" href=\"#accordion-item-do-you-ship-worldwide?\" aria-expanded=\"false\" aria-controls=\"accordion-2464340095-content\">\n\t\t\t<button class=\"toggle\" aria-label=\"Basculer\"><i class=\"icon-angle-down\" aria-hidden=\"true\"><\/i><\/button>\n\t\t\t<span>Livrez-vous dans le monde entier?<\/span>\n\t\t<\/a>\n\t\t<div id=\"accordion-2464340095-content\" class=\"accordion-inner\" aria-labelledby=\"accordion-2464340095-label\">\n\t\t\t\n<p>Oui, nous exp\u00e9dions dans la plupart des pays du monde.&nbsp;<\/p>\n<p>Nous offrons l&#039;exp\u00e9dition vers les pays de destination suivants:&nbsp;<\/p>\n<table width=\"100%\" cellspacing=\"0\" cellpadding=\"0\" border=\"0\" bgcolor=\"#ffffff\" align=\"center\">\n<tbody>\n<tr>\n<td width=\"190\" valign=\"top\" align=\"left\"><span style=\"font-size: medium;\">UNE<\/span>rgentine&nbsp;<br \/>\nAustralie&nbsp;<br \/>\nL&#039;Autriche&nbsp;<\/p>\n<p><span style=\"font-size: medium;\">B<\/span>elgium&nbsp;<br \/>\nBr\u00e9sil&nbsp;<\/p>\n<p><span style=\"font-size: medium;\">C<\/span>anada&nbsp;<br \/>\nChili&nbsp;<br \/>\nCosta Rica&nbsp;<br \/>\nCroatie&nbsp;<br \/>\nChypre&nbsp;<br \/>\nR\u00e9publique Tch\u00e8que&nbsp;<\/p>\n<p><span style=\"font-size: medium;\">r\u00e9<\/span>enmark&nbsp;<br \/>\nR\u00e9publique Dominicaine&nbsp;<\/p>\n<p><span style=\"font-size: medium;\">E<\/span>cuador&nbsp;<br \/>\nEstonie&nbsp;<\/p>\n<p><span style=\"font-size: medium;\">F<\/span>int\u00e9rieur&nbsp;<br \/>\nFrance&nbsp;<\/p>\n<p><span style=\"font-size: medium;\">g<\/span>Allemagne&nbsp;<br \/>\nGr\u00e8ce&nbsp;<\/td>\n<td width=\"190\" valign=\"top\" align=\"left\"><span style=\"font-size: medium;\">H<\/span>ong Kong&nbsp;<br \/>\nHongrie&nbsp;<\/p>\n<p><span style=\"font-size: medium;\">je<\/span>celand&nbsp;<br \/>\nInde&nbsp;<br \/>\nIrlande&nbsp;<br \/>\nIsra\u00ebl&nbsp;<br \/>\nItalie&nbsp;<\/p>\n<p><span style=\"font-size: medium;\">J<\/span>amaica&nbsp;<br \/>\nJapon&nbsp;<\/p>\n<p><span style=\"font-size: medium;\">L<\/span>atvia&nbsp;<br \/>\nLituanie&nbsp;<br \/>\nLuxembourg&nbsp;<\/p>\n<p><span style=\"font-size: medium;\">M<\/span>alta&nbsp;<\/p>\n<p><span style=\"font-size: medium;\">N<\/span>etherlands&nbsp;<br \/>\nNouvelle-Z\u00e9lande&nbsp;<br \/>\nNorv\u00e8ge&nbsp;<\/p>\n<p><span style=\"font-size: medium;\">P<\/span>oland&nbsp;<br \/>\nle Portugal&nbsp;<br \/>\nPorto Rico&nbsp;<\/td>\n<td width=\"190\" valign=\"top\" align=\"left\"><span style=\"font-size: medium;\">R<\/span>omanie&nbsp;<\/p>\n<p><span style=\"font-size: medium;\">S<\/span>cotland-UK&nbsp;<br \/>\nSingapour&nbsp;<br \/>\nSlovaquie&nbsp;<br \/>\nSlov\u00e9nie&nbsp;<br \/>\nAfrique du Sud&nbsp;<br \/>\nEspagne&nbsp;<br \/>\nSu\u00e8de&nbsp;<br \/>\nSuisse&nbsp;<\/p>\n<p><span style=\"font-size: medium;\">T<\/span>aiwan&nbsp;<br \/>\nTha\u00eflande&nbsp;<br \/>\ndinde&nbsp;<\/p>\n<p><span style=\"font-size: medium;\">U<\/span>Royaume-Uni&nbsp;<br \/>\n\u00c9tats Unis&nbsp;<br \/>\nUruguay&nbsp;<\/p>\n<p><span style=\"font-size: medium;\">V<\/span>enezuela<\/td>\n<\/tr>\n<\/tbody>\n<\/table>\n\t\t<\/div>\n\t<\/div>\n\t\n\t<div id=\"accordion-3447909801\" class=\"accordion-item\">\n\t\t<a id=\"accordion-3447909801-label\" class=\"accordion-title plain\" href=\"#accordion-item-what-shipping-methods-do-you-offer?\" aria-expanded=\"false\" aria-controls=\"accordion-3447909801-content\">\n\t\t\t<button class=\"toggle\" aria-label=\"Basculer\"><i class=\"icon-angle-down\" aria-hidden=\"true\"><\/i><\/button>\n\t\t\t<span>Quelles m\u00e9thodes d&#039;exp\u00e9dition proposez-vous?<\/span>\n\t\t<\/a>\n\t\t<div id=\"accordion-3447909801-content\" class=\"accordion-inner\" aria-labelledby=\"accordion-3447909801-label\">\n\t\t\t\n<p>Voir notre&nbsp;<a href=\"https:\/\/julity.com\/fr\/shipping-information\/\">Informations sur la livraison<\/a>&nbsp;page pour toutes les m\u00e9thodes d&#039;exp\u00e9dition disponibles.<\/p>\n\t\t<\/div>\n\t<\/div>\n\t\n\t<div id=\"accordion-2071362284\" class=\"accordion-item\">\n\t\t<a id=\"accordion-2071362284-label\" class=\"accordion-title plain\" href=\"#accordion-item-how-do-i-track-my-order?\" aria-expanded=\"false\" aria-controls=\"accordion-2071362284-content\">\n\t\t\t<button class=\"toggle\" aria-label=\"Basculer\"><i class=\"icon-angle-down\" aria-hidden=\"true\"><\/i><\/button>\n\t\t\t<span>Comment suivre ma commande?<\/span>\n\t\t<\/a>\n\t\t<div id=\"accordion-2071362284-content\" class=\"accordion-inner\" aria-labelledby=\"accordion-2071362284-label\">\n\t\t\t\n<p>Nous avons un syst\u00e8me qui vous permet de suivre l&#039;\u00e9tat de votre commande et de votre envoi.&nbsp;<br \/>\nVous devez remplir votre num\u00e9ro d&#039;identification de commande et l&#039;adresse e-mail que vous avez utilis\u00e9e lors de votre commande.&nbsp;<\/p>\n<p>Vous pouvez aller sur notre page de suivi&nbsp;<a href=\"https:\/\/julity.com\/fr\/track-order\/\">ici<\/a>.<\/p>\n\t\t<\/div>\n\t<\/div>\n\t\n<\/div>\n\t\t<\/div>\n\t\t\t\t\t<\/div>\n\n\t\n<\/div>\n<div class=\"row\"  id=\"row-87670398\">\n\n\t<div id=\"col-925449833\" class=\"col small-12 large-12\"  >\n\t\t\t\t<div class=\"col-inner\"  >\n\t\t\t\n\t\t\t\n<h3 class=\"accordion_title\">Paiement<\/h3><div class=\"accordion\">\n\t<div id=\"accordion-3881445440\" class=\"accordion-item\">\n\t\t<a id=\"accordion-3881445440-label\" class=\"accordion-title plain\" href=\"#accordion-item-how-can-i-find-my-purchase-on-my-billing-statement?\" aria-expanded=\"false\" aria-controls=\"accordion-3881445440-content\">\n\t\t\t<button class=\"toggle\" aria-label=\"Basculer\"><i class=\"icon-angle-down\" aria-hidden=\"true\"><\/i><\/button>\n\t\t\t<span>Comment trouver mon achat sur mon relev\u00e9 de facturation?<\/span>\n\t\t<\/a>\n\t\t<div id=\"accordion-3881445440-content\" class=\"accordion-inner\" aria-labelledby=\"accordion-3881445440-label\">\n\t\t\t\n<p>Vous pouvez nous trouver \u00e0 c\u00f4t\u00e9 du montant de l'achat sous le nom \"Jewelry Website \/ julity\".<\/p>\n\t\t<\/div>\n\t<\/div>\n\t\n\t<div id=\"accordion-2257787503\" class=\"accordion-item\">\n\t\t<a id=\"accordion-2257787503-label\" class=\"accordion-title plain\" href=\"#accordion-item-what-payment-methods-are-available-on-your-website?\" aria-expanded=\"false\" aria-controls=\"accordion-2257787503-content\">\n\t\t\t<button class=\"toggle\" aria-label=\"Basculer\"><i class=\"icon-angle-down\" aria-hidden=\"true\"><\/i><\/button>\n\t\t\t<span>Quelles m\u00e9thodes de paiement sont disponibles sur votre site Web?<\/span>\n\t\t<\/a>\n\t\t<div id=\"accordion-2257787503-content\" class=\"accordion-inner\" aria-labelledby=\"accordion-2257787503-label\">\n\t\t\t\n<p>Nous acceptons toutes les principales cartes de cr\u00e9dit et les paiements effectu\u00e9s via PayPal.&nbsp;<br \/>\nVous pouvez voir la liste compl\u00e8te des modes de paiement sur notre page de paiement, apr\u00e8s avoir cliqu\u00e9 sur le bouton \u00abPasser \u00e0 la caisse\u00bb sur le panier et s\u00e9lectionn\u00e9 votre pays.<\/p>\n\t\t<\/div>\n\t<\/div>\n\t\n\t<div id=\"accordion-4141780799\" class=\"accordion-item\">\n\t\t<a id=\"accordion-4141780799-label\" class=\"accordion-title plain\" href=\"#accordion-item-what-is-your-privacy-policy?\" aria-expanded=\"false\" aria-controls=\"accordion-4141780799-content\">\n\t\t\t<button class=\"toggle\" aria-label=\"Basculer\"><i class=\"icon-angle-down\" aria-hidden=\"true\"><\/i><\/button>\n\t\t\t<span>Quelle est votre politique de confidentialit\u00e9?<\/span>\n\t\t<\/a>\n\t\t<div id=\"accordion-4141780799-content\" class=\"accordion-inner\" aria-labelledby=\"accordion-4141780799-label\">\n\t\t\t\n<p>Le respect de votre vie priv\u00e9e est de la plus haute importance pour nous chez julity. Toute information que vous soumettez \u00e0 notre site Web, ou qui est recueillie par un \u00ab cookie \u00bb lors de votre visite, est utilis\u00e9e strictement par julity pour conserver une trace de vos achats et \u00e0 des fins promotionnelles. Nous ne vendons, transf\u00e9rons, louons ou \u00e9changeons vos informations \u00e0 aucun tiers.&nbsp;<\/p>\n<p>Lorsque vous vous inscrivez sur notre site, il vous sera demand\u00e9 de fournir des informations personnelles, telles que votre nom et vos coordonn\u00e9es. julity prot\u00e9gera vos informations personnelles. En aucun cas, nous ne divulguerons ni ne partagerons vos informations avec des tiers non autoris\u00e9s. De plus, nous utilisons un \u00ab cookie \u00bb pour suivre vos mouvements sur le site. Le cookie \"se souvient\" de qui vous \u00eates, \u00e9liminant ainsi la n\u00e9cessit\u00e9 pour vous de vous r\u00e9inscrire aupr\u00e8s de nous chaque fois que vous visitez notre site. En outre, cela nous permet de vous fournir une fonction de panier d'achat et de rationaliser votre exp\u00e9rience d'achat globale.<\/p>\n\t\t<\/div>\n\t<\/div>\n\t\n\t<div id=\"accordion-200649076\" class=\"accordion-item\">\n\t\t<a id=\"accordion-200649076-label\" class=\"accordion-title plain\" href=\"#accordion-item-i-received-a-promotional-code.-how-do-i-use-it?\" aria-expanded=\"false\" aria-controls=\"accordion-200649076-content\">\n\t\t\t<button class=\"toggle\" aria-label=\"Basculer\"><i class=\"icon-angle-down\" aria-hidden=\"true\"><\/i><\/button>\n\t\t\t<span>J&#039;ai re\u00e7u un code promotionnel. Comment est-ce que je l&#039;utilise?<\/span>\n\t\t<\/a>\n\t\t<div id=\"accordion-200649076-content\" class=\"accordion-inner\" aria-labelledby=\"accordion-200649076-label\">\n\t\t\t\n<p>Si vous avez un code promotionnel julity, entrez le code dans la case \"Code promotionnel\" en bas des achats et cliquez sur \"Appliquer\".<\/p>\n\t\t<\/div>\n\t<\/div>\n\t\n\t<div id=\"accordion-2071233172\" class=\"accordion-item\">\n\t\t<a id=\"accordion-2071233172-label\" class=\"accordion-title plain\" href=\"#accordion-item-what-should-i-do-if-i-receive-a-\u2018payment-didn\u2019t-go-through\u2019-message?\" aria-expanded=\"false\" aria-controls=\"accordion-2071233172-content\">\n\t\t\t<button class=\"toggle\" aria-label=\"Basculer\"><i class=\"icon-angle-down\" aria-hidden=\"true\"><\/i><\/button>\n\t\t\t<span>Que dois-je faire si je re\u00e7ois un message \u00abLe paiement n&#039;a pas \u00e9t\u00e9 effectu\u00e9\u00bb?<\/span>\n\t\t<\/a>\n\t\t<div id=\"accordion-2071233172-content\" class=\"accordion-inner\" aria-labelledby=\"accordion-2071233172-label\">\n\t\t\t\n<p>Si vous recevez un message indiquant que votre paiement n&#039;a pas \u00e9t\u00e9 effectu\u00e9, veuillez v\u00e9rifier vos informations de facturation et vous assurer qu&#039;elles sont exactes.&nbsp;<br \/>\nSi tous les d\u00e9tails sont corrects, veuillez essayer de payer via PayPal. Vous n&#039;avez pas besoin d&#039;\u00eatre un membre enregistr\u00e9 de PayPal pour utiliser leurs services.&nbsp;<br \/>\nVous pouvez \u00e9galement utiliser une autre carte de cr\u00e9dit ou r\u00e9essayer quelques heures plus tard pour poursuivre le processus de paiement.<\/p>\n\t\t<\/div>\n\t<\/div>\n\t\n\t<div id=\"accordion-3053164234\" class=\"accordion-item\">\n\t\t<a id=\"accordion-3053164234-label\" class=\"accordion-title plain\" href=\"#accordion-item-i-have-a-paypal-account-but-i-cannot-complete-the-payment.\" aria-expanded=\"false\" aria-controls=\"accordion-3053164234-content\">\n\t\t\t<button class=\"toggle\" aria-label=\"Basculer\"><i class=\"icon-angle-down\" aria-hidden=\"true\"><\/i><\/button>\n\t\t\t<span>J&#039;ai un compte PayPal mais je ne peux pas effectuer le paiement.<\/span>\n\t\t<\/a>\n\t\t<div id=\"accordion-3053164234-content\" class=\"accordion-inner\" aria-labelledby=\"accordion-3053164234-label\">\n\t\t\t\n<p>Si, pour une raison quelconque, vous ne pouvez pas effectuer votre paiement \u00e0 l&#039;aide de PayPal, veuillez&nbsp;<a href=\"https:\/\/julity.com\/fr\/contact-us\/\">Nous contacter<\/a>&nbsp;avec les d\u00e9tails de votre commande.&nbsp;<br \/>\nNous vous enverrons un e-mail avec une demande de paiement PayPal afin de finaliser votre paiement.<\/p>\n\t\t<\/div>\n\t<\/div>\n\t\n<\/div>\n\t\t<\/div>\n\t\t\t\t\t<\/div>\n\n\t\n<\/div>\n<div class=\"row\"  id=\"row-95279986\">\n\n\t<div id=\"col-1296870366\" class=\"col small-12 large-12\"  >\n\t\t\t\t<div class=\"col-inner\"  >\n\t\t\t\n\t\t\t\n<h3 class=\"accordion_title\">Passer des commandes<\/h3><div class=\"accordion\">\n\t<div id=\"accordion-4253263661\" class=\"accordion-item\">\n\t\t<a id=\"accordion-4253263661-label\" class=\"accordion-title plain\" href=\"#accordion-item-how-do-i-place-an-order?\" aria-expanded=\"false\" aria-controls=\"accordion-4253263661-content\">\n\t\t\t<button class=\"toggle\" aria-label=\"Basculer\"><i class=\"icon-angle-down\" aria-hidden=\"true\"><\/i><\/button>\n\t\t\t<span>Comment puis-je passer une commande?<\/span>\n\t\t<\/a>\n\t\t<div id=\"accordion-4253263661-content\" class=\"accordion-inner\" aria-labelledby=\"accordion-4253263661-label\">\n\t\t\t\n<p>Passer une commande est facile. Choisissez le bijou et \u00e9crivez l&#039;inscription souhait\u00e9e.&nbsp;<br \/>\nS\u00e9lectionnez la longueur de la cha\u00eene dans le menu d\u00e9roulant et cliquez sur le bouton &quot;Ajouter au panier&quot;.&nbsp;<br \/>\nDans le panier, vous pouvez ajouter une bo\u00eete-cadeau et un message de carte-cadeau.&nbsp;<br \/>\nVous s\u00e9lectionnez ensuite l&#039;option d&#039;exp\u00e9dition que vous souhaitez dans la case \u00abM\u00e9thode d&#039;exp\u00e9dition\u00bb du panier.&nbsp;<\/p>\n<p>Cliquez sur \u00abPasser \u00e0 la caisse\u00bb ou sur le bouton \u00abPasser \u00e0 la caisse avec PayPal\u00bb pour terminer votre achat.&nbsp;<br \/>\nVous serez dirig\u00e9 vers le site Web de traitement des paiements s\u00e9curis\u00e9 s\u00e9lectionn\u00e9.&nbsp;<br \/>\nL\u00e0, vous aurez la possibilit\u00e9 de payer avec votre carte de cr\u00e9dit, PayPal ou un virement bancaire.&nbsp;<\/p>\n<p>N&#039;h\u00e9sitez pas \u00e0&nbsp;<a href=\"https:\/\/julity.com\/fr\/contact-us\/\">Envoyez-nous un email<\/a>&nbsp;avec toutes demandes ou questions sp\u00e9ciales.<\/p>\n\t\t<\/div>\n\t<\/div>\n\t\n\t<div id=\"accordion-932650429\" class=\"accordion-item\">\n\t\t<a id=\"accordion-932650429-label\" class=\"accordion-title plain\" href=\"#accordion-item-i-have-a-special-request-for-my-necklace,-what-should-i-do?\" aria-expanded=\"false\" aria-controls=\"accordion-932650429-content\">\n\t\t\t<button class=\"toggle\" aria-label=\"Basculer\"><i class=\"icon-angle-down\" aria-hidden=\"true\"><\/i><\/button>\n\t\t\t<span>J&#039;ai une demande sp\u00e9ciale pour mon collier, que dois-je faire?<\/span>\n\t\t<\/a>\n\t\t<div id=\"accordion-932650429-content\" class=\"accordion-inner\" aria-labelledby=\"accordion-932650429-label\">\n\t\t\t\n<p>Vous pouvez ajouter vos demandes sp\u00e9ciales dans la case \u00abCommentaires\u00bb au bas de votre panier.&nbsp;<br \/>\nNous veillerons \u00e0 ce que votre commande soit ex\u00e9cut\u00e9e selon votre pr\u00e9f\u00e9rence.&nbsp;<\/p>\n<p>Si vous ne savez pas si votre demande sp\u00e9ciale est possible, veuillez&nbsp;<a href=\"https:\/\/julity.com\/fr\/contact-us\/\">Nous contacter<\/a>.<\/p>\n\t\t<\/div>\n\t<\/div>\n\t\n\t<div id=\"accordion-1785827074\" class=\"accordion-item\">\n\t\t<a id=\"accordion-1785827074-label\" class=\"accordion-title plain\" href=\"#accordion-item-how-do-i-change-an-order-after-it-has-been-placed?\" aria-expanded=\"false\" aria-controls=\"accordion-1785827074-content\">\n\t\t\t<button class=\"toggle\" aria-label=\"Basculer\"><i class=\"icon-angle-down\" aria-hidden=\"true\"><\/i><\/button>\n\t\t\t<span>Comment modifier une commande apr\u00e8s l&#039;avoir pass\u00e9e?<\/span>\n\t\t<\/a>\n\t\t<div id=\"accordion-1785827074-content\" class=\"accordion-inner\" aria-labelledby=\"accordion-1785827074-label\">\n\t\t\t\n<p>Nous commen\u00e7ons \u00e0 travailler sur vos bijoux imm\u00e9diatement apr\u00e8s votre commande.&nbsp;<\/p>\n<p>Si vous souhaitez modifier une commande, veuillez&nbsp;<a href=\"https:\/\/julity.com\/fr\/contact-us\/\">Nous contacter<\/a>&nbsp;D\u00e8s que possible.&nbsp;<br \/>\nLes modifications apport\u00e9es plus de 12 heures apr\u00e8s l&#039;achat peuvent n\u00e9cessiter des frais de r\u00e9approvisionnement 30%.<\/p>\n\t\t<\/div>\n\t<\/div>\n\t\n\t<div id=\"accordion-2160613340\" class=\"accordion-item\">\n\t\t<a id=\"accordion-2160613340-label\" class=\"accordion-title plain\" href=\"#accordion-item-how-can-i-cancel-an-order?\" aria-expanded=\"false\" aria-controls=\"accordion-2160613340-content\">\n\t\t\t<button class=\"toggle\" aria-label=\"Basculer\"><i class=\"icon-angle-down\" aria-hidden=\"true\"><\/i><\/button>\n\t\t\t<span>Comment annuler une commande?<\/span>\n\t\t<\/a>\n\t\t<div id=\"accordion-2160613340-content\" class=\"accordion-inner\" aria-labelledby=\"accordion-2160613340-label\">\n\t\t\t\n<p>Une fois votre commande soumise, nous commencerons imm\u00e9diatement la production des articles.&nbsp;<\/p>\n<p>En raison du fait que chaque article est unique et personnalis\u00e9, vous serez rembours\u00e9 d&#039;un 70% du prix de l&#039;article d&#039;origine car il ne peut pas \u00eatre r\u00e9approvisionn\u00e9. Si vous avez des questions sur l&#039;annulation de votre commande, n&#039;h\u00e9sitez pas \u00e0&nbsp;<a href=\"https:\/\/julity.com\/fr\/contact-us\/\">Nous contacter<\/a>.<\/p>\n\t\t<\/div>\n\t<\/div>\n\t\n\t<div id=\"accordion-3925250886\" class=\"accordion-item\">\n\t\t<a id=\"accordion-3925250886-label\" class=\"accordion-title plain\" href=\"#accordion-item-why-didn\u2019t-i-get-a-confirmation-\/-shipping-email?\" aria-expanded=\"false\" aria-controls=\"accordion-3925250886-content\">\n\t\t\t<button class=\"toggle\" aria-label=\"Basculer\"><i class=\"icon-angle-down\" aria-hidden=\"true\"><\/i><\/button>\n\t\t\t<span>Pourquoi n&#039;ai-je pas re\u00e7u d&#039;e-mail de confirmation \/ exp\u00e9dition?<\/span>\n\t\t<\/a>\n\t\t<div id=\"accordion-3925250886-content\" class=\"accordion-inner\" aria-labelledby=\"accordion-3925250886-label\">\n\t\t\t\n<p>Apr\u00e8s avoir pass\u00e9 une commande, vous recevrez un e-mail de \u00abconfirmation de commande\u00bb avec tous les d\u00e9tails de votre commande. Nous vous demandons de revoir vos articles et votre adresse d&#039;exp\u00e9dition. Par cons\u00e9quent, il est important de nous fournir une adresse e-mail valide.&nbsp;<br \/>\nSi vous n&#039;avez pas re\u00e7u d&#039;e-mail de confirmation, veuillez cocher votre bo\u00eete spam.&nbsp;<br \/>\nPour vous assurer que nos e-mails n'iront pas dans votre dossier spam\/courrier ind\u00e9sirable, ajoutez service@julity.com \u00e0 votre liste d'adresses e-mail.&nbsp;<\/p>\n<p>Vous pouvez conna\u00eetre l&#039;\u00e9tat de votre commande ici:&nbsp;<a href=\"https:\/\/julity.com\/fr\/track-order\/\">Informations sur l&#039;\u00e9tat de la commande et de l&#039;exp\u00e9dition<\/a>.<\/p>\n\t\t<\/div>\n\t<\/div>\n\t\n<\/div>\n\t\t<\/div>\n\t\t\t\t\t<\/div>\n\n\t\n<\/div>\n<div class=\"row\"  id=\"row-1928518540\">\n\n\t<div id=\"col-1083183084\" class=\"col small-12 large-12\"  >\n\t\t\t\t<div class=\"col-inner\"  >\n\t\t\t\n\t\t\t\n<h3 class=\"accordion_title\">Retours et remboursements<\/h3><div class=\"accordion\">\n\t<div id=\"accordion-2233213501\" class=\"accordion-item\">\n\t\t<a id=\"accordion-2233213501-label\" class=\"accordion-title plain\" href=\"#accordion-item-what-are-your-return-conditions?\" aria-expanded=\"false\" aria-controls=\"accordion-2233213501-content\">\n\t\t\t<button class=\"toggle\" aria-label=\"Basculer\"><i class=\"icon-angle-down\" aria-hidden=\"true\"><\/i><\/button>\n\t\t\t<span>Quelles sont vos conditions de retour?<\/span>\n\t\t<\/a>\n\t\t<div id=\"accordion-2233213501-content\" class=\"accordion-inner\" aria-labelledby=\"accordion-2233213501-label\">\n\t\t\t\n<p>Vous pouvez retourner la plupart des articles neufs non ouverts achet\u00e9s et re\u00e7us de julity.com dans les 30 jours suivant la livraison.&nbsp;<\/p>\n<p>Vous pouvez trouver notre politique compl\u00e8te de retour et d&#039;annulation&nbsp;<a href=\"https:\/\/julity.com\/fr\/return-and-cancellation-policy\/\">ici<\/a>.<\/p>\n\t\t<\/div>\n\t<\/div>\n\t\n<\/div>\n\t\t<\/div>\n\t\t\t\t\t<\/div>\n\n\t\n<\/div>\n<div class=\"row\"  id=\"row-1044183342\">\n\n\t<div id=\"col-1371808717\" class=\"col small-12 large-12\"  >\n\t\t\t\t<div class=\"col-inner\"  >\n\t\t\t\n\t\t\t\n<h3 class=\"accordion_title\">Encore besoin d&#039;aide?<\/h3><div class=\"accordion\">\n\t<div id=\"accordion-1818292918\" class=\"accordion-item\">\n\t\t<a id=\"accordion-1818292918-label\" class=\"accordion-title plain\" href=\"#accordion-item-contact-us\" aria-expanded=\"false\" aria-controls=\"accordion-1818292918-content\">\n\t\t\t<button class=\"toggle\" aria-label=\"Basculer\"><i class=\"icon-angle-down\" aria-hidden=\"true\"><\/i><\/button>\n\t\t\t<span>Nous contacter<\/span>\n\t\t<\/a>\n\t\t<div id=\"accordion-1818292918-content\" class=\"accordion-inner\" aria-labelledby=\"accordion-1818292918-label\">\n\t\t\t\n<div id=\"faqs\"><span>Si votre question ne figure pas ici, n&#039;h\u00e9sitez pas \u00e0&nbsp;<a href=\"https:\/\/julity.com\/fr\/contact-us\/\">Nous contacter<\/a>.<\/span><\/div>\n\t\t<\/div>\n\t<\/div>\n\t\n<\/div>\n\t\t<\/div>\n\t\t\t\t\t<\/div>\n\n\t\n<\/div>","protected":false},"excerpt":{"rendered":"","protected":false},"author":1,"featured_media":0,"parent":0,"menu_order":0,"comment_status":"closed","ping_status":"closed","template":"","meta":{"footnotes":""},"class_list":["post-1848","page","type-page","status-publish","hentry"],"_links":{"self":[{"href":"https:\/\/julity.com\/fr\/wp-json\/wp\/v2\/pages\/1848","targetHints":{"allow":["GET"]}}],"collection":[{"href":"https:\/\/julity.com\/fr\/wp-json\/wp\/v2\/pages"}],"about":[{"href":"https:\/\/julity.com\/fr\/wp-json\/wp\/v2\/types\/page"}],"author":[{"embeddable":true,"href":"https:\/\/julity.com\/fr\/wp-json\/wp\/v2\/users\/1"}],"replies":[{"embeddable":true,"href":"https:\/\/julity.com\/fr\/wp-json\/wp\/v2\/comments?post=1848"}],"version-history":[{"count":0,"href":"https:\/\/julity.com\/fr\/wp-json\/wp\/v2\/pages\/1848\/revisions"}],"wp:attachment":[{"href":"https:\/\/julity.com\/fr\/wp-json\/wp\/v2\/media?parent=1848"}],"curies":[{"name":"wp","href":"https:\/\/api.w.org\/{rel}","templated":true}]}}