{"id":1854,"date":"2020-05-17T05:55:06","date_gmt":"2020-05-17T09:55:06","guid":{"rendered":"https:\/\/www.leryca.com\/?page_id=1854"},"modified":"2025-06-30T01:01:58","modified_gmt":"2025-06-30T08:01:58","slug":"payment-policy","status":"publish","type":"page","link":"https:\/\/julity.com\/fr\/payment-policy\/","title":{"rendered":"POLITIQUE DE PAIEMENT"},"content":{"rendered":"<div class=\"wp-block-group is-layout-constrained wp-block-group-is-layout-constrained\">\n<div class=\"wp-block-columns is-layout-flex wp-container-core-columns-is-layout-9d6595d7 wp-block-columns-is-layout-flex\">\n<div class=\"wp-block-column is-layout-flow wp-block-column-is-layout-flow\" style=\"flex-basis:100%\">\n<figure class=\"wp-block-table alignleft is-style-stripes\"><table><tbody><tr><td class=\"has-text-align-left\" data-align=\"left\">POLITIQUE DE PAIEMENT<\/td><\/tr><tr><td class=\"has-text-align-left\" data-align=\"left\">     Chez julity Necklace, nous acceptons toutes les principales cartes de cr\u00e9dit et les paiements effectu\u00e9s via PayPal. Le paiement doit \u00eatre effectu\u00e9 en totalit\u00e9 avant exp\u00e9dition.<br>     Si vous souhaitez payer avec votre carte de cr\u00e9dit, veuillez utiliser l&#039;option \u00abPasser \u00e0 la caisse\u00bb sur la page du panier. Vous pouvez payer avec votre carte Visa, MasterCard, American Express ou Diners.<br>      De plus, vous pouvez utiliser PayPal. Il n&#039;est pas n\u00e9cessaire d&#039;\u00eatre membre PayPal pour payer par carte de cr\u00e9dit via PayPal. Veuillez utiliser l&#039;option &quot;Commander avec PayPal&quot; sur la page du panier.<br>      Notre syst\u00e8me de paiement dispose d&#039;un cryptage 2048 bits et de serveurs s\u00e9curis\u00e9s qui vous permettent d&#039;effectuer votre paiement en toute confiance.<br>      Vos informations de carte de cr\u00e9dit ne sont pas trait\u00e9es ou stock\u00e9es sur les serveurs Julity, et aucune information n&#039;est jamais divulgu\u00e9e \u00e0 un tiers.<br>      julity se r\u00e9serve le droit d&#039;apporter des modifications \u00e0 nos politiques \u00e0 tout moment. Une notification de tels changements sera publi\u00e9e sur cette page. Si vous avez des questions ou des commentaires sur l&#039;une de nos politiques, veuillez nous contacter.<\/td><\/tr><\/tbody><\/table><\/figure>\n<\/div>\n<\/div>\n<\/div>","protected":false},"excerpt":{"rendered":"<p>PAYMENT POLICY At julity\u00a0Necklace\u00a0we accept all major credit cards and payments made through PayPal. Payment must be made in full before shipment. If you wish to pay with your credit card, please use the \u201cProceed to Checkout\u201d option on the\u00a0shopping cart\u00a0page. You may pay using your Visa, MasterCard, American Express or Diners card. In addition, [&#8230;]","protected":false},"author":1,"featured_media":0,"parent":0,"menu_order":0,"comment_status":"closed","ping_status":"closed","template":"","meta":{"footnotes":""},"class_list":["post-1854","page","type-page","status-publish","hentry"],"_links":{"self":[{"href":"https:\/\/julity.com\/fr\/wp-json\/wp\/v2\/pages\/1854","targetHints":{"allow":["GET"]}}],"collection":[{"href":"https:\/\/julity.com\/fr\/wp-json\/wp\/v2\/pages"}],"about":[{"href":"https:\/\/julity.com\/fr\/wp-json\/wp\/v2\/types\/page"}],"author":[{"embeddable":true,"href":"https:\/\/julity.com\/fr\/wp-json\/wp\/v2\/users\/1"}],"replies":[{"embeddable":true,"href":"https:\/\/julity.com\/fr\/wp-json\/wp\/v2\/comments?post=1854"}],"version-history":[{"count":3,"href":"https:\/\/julity.com\/fr\/wp-json\/wp\/v2\/pages\/1854\/revisions"}],"predecessor-version":[{"id":410176,"href":"https:\/\/julity.com\/fr\/wp-json\/wp\/v2\/pages\/1854\/revisions\/410176"}],"wp:attachment":[{"href":"https:\/\/julity.com\/fr\/wp-json\/wp\/v2\/media?parent=1854"}],"curies":[{"name":"wp","href":"https:\/\/api.w.org\/{rel}","templated":true}]}}