{"id":1862,"date":"2020-05-17T05:57:39","date_gmt":"2020-05-17T09:57:39","guid":{"rendered":"https:\/\/www.leryca.com\/?page_id=1862"},"modified":"2023-03-18T04:36:39","modified_gmt":"2023-03-18T11:36:39","slug":"shipping-information","status":"publish","type":"page","link":"https:\/\/julity.com\/fr\/shipping-information\/","title":{"rendered":"INFORMATIONS SUR LA LIVRAISON"},"content":{"rendered":"<div class=\"wp-block-group is-layout-constrained wp-block-group-is-layout-constrained\">\n<div class=\"wp-block-columns is-layout-flex wp-container-core-columns-is-layout-9d6595d7 wp-block-columns-is-layout-flex\">\n<div class=\"wp-block-column is-layout-flow wp-block-column-is-layout-flow\" style=\"flex-basis:100%\">\n<div class=\"wp-block-columns is-layout-flex wp-container-core-columns-is-layout-9d6595d7 wp-block-columns-is-layout-flex\">\n<div class=\"wp-block-column is-layout-flow wp-block-column-is-layout-flow\" style=\"flex-basis:100%\">\n<div class=\"wp-block-columns is-layout-flex wp-container-core-columns-is-layout-9d6595d7 wp-block-columns-is-layout-flex\">\n<div class=\"wp-block-column is-layout-flow wp-block-column-is-layout-flow\" style=\"flex-basis:100%\">\n<figure class=\"wp-block-table\"><table><tbody><tr><td>INFORMATIONS SUR LA LIVRAISON<\/td><\/tr><\/tbody><\/table><\/figure>\n<figure class=\"wp-block-table\"><table><tbody><tr><td><strong>M\u00c9THODES ET FRAIS DE LIVRAISON<\/strong>\n\nVotre commande sera exp\u00e9di\u00e9e \u00e0 l&#039;adresse indiqu\u00e9e selon le mode d&#039;exp\u00e9dition s\u00e9lectionn\u00e9 lors de votre commande:\n<\/td><\/tr><\/tbody><\/table><\/figure>\n<table class=\"shipping-information__Table-sc-1rm6hsf-0 ccmVNz\" style=\"height: 127px;\" width=\"311\">\n<thead>\n<tr>\n<th class=\"shipping-information__TableHead-sc-1rm6hsf-2 dQZIHE\">livraison<!-- --> Service<\/th>\n<th class=\"shipping-information__TableHead-sc-1rm6hsf-2 dQZIHE\">Heure de livraison<\/th>\n<th class=\"shipping-information__TableHead-sc-1rm6hsf-2 dQZIHE\">Les taux<\/th>\n<\/tr>\n<\/thead>\n<tbody>\n<tr>\n<td class=\"shipping-information__TableData-sc-1rm6hsf-1 hoRxWH\">Sol standard<\/td>\n<td class=\"shipping-information__TableData-sc-1rm6hsf-1 hoRxWH\">10-14 jours ouvrables<\/td>\n<td class=\"shipping-information__TableData-sc-1rm6hsf-1 hoRxWH\"><strong class=\"sc-fzoLsD iyaybf\">GRATUIT<\/strong><\/td>\n<\/tr>\n<tr>\n<td class=\"shipping-information__TableData-sc-1rm6hsf-1 hoRxWH\">Livraison express<\/td>\n<td class=\"shipping-information__TableData-sc-1rm6hsf-1 hoRxWH\">4-6 jours ouvrables<\/td>\n<td class=\"shipping-information__TableData-sc-1rm6hsf-1 hoRxWH\">$7.99<\/td>\n<\/tr>\n<\/tbody>\n<\/table>\n\n<figure class=\"wp-block-table\"><table><tbody><tr><td>\nVeuillez garder \u00e0 l&#039;esprit que les d\u00e9lais de livraison estim\u00e9s sont affect\u00e9s par la m\u00e9thode d&#039;exp\u00e9dition que vous avez s\u00e9lectionn\u00e9e et ne tiennent pas compte des retards caus\u00e9s par les fournisseurs ou les interruptions de service et m\u00e9t\u00e9orologiques.<\/td><\/tr><\/tbody><\/table><\/figure>\n<figure class=\"wp-block-table\"><table><tbody><tr><td>\nNOTEZ S&#039;IL VOUS PLA\u00ceT:\n<strong>All our packages are fully insured and shipping time frames described above applies to orders shipped within the continental United States. The time frames mentioned above for shipping include production time.\nExpress shipments require a customer signature upon delivery.<\/strong>\nEven if you live outside of the country, don\u2019t fret! We also provide free international shipping to many countries.&nbsp;Click here&nbsp;for a full list of countries we ship to.\nEach customer is responsible for any customs charges that may be applied to&nbsp;<strong>exp\u00e9ditions internationales<\/strong>. momlova has no control over these charges and is not responsible for any actions taken by customs or delivery services.\n<\/td><\/tr><\/tbody><\/table><\/figure>\n<figure class=\"wp-block-table\"><table><tbody><tr><td>\n<strong>INFORMATIONS D&#039;ADRESSE<\/strong>\n\nPlease note that it is the customer\u2019s responsibility to provide us with a correct and complete shipping address.\nIf your shipping address is different from your billing address, please specify this during checkout.\n<\/td><\/tr><\/tbody><\/table><\/figure>\n<figure class=\"wp-block-table\"><table><tbody><tr><td>\n<strong>NOTIFICATION D&#039;EXP\u00c9DITION<\/strong>\n\nWhen your order ships, you will receive a Shipping Notification email.\nThis email will provide you with&nbsp;<strong>votre identifiant de commande<\/strong>&nbsp;to track your item as it makes its way to you, as well as the date your order was shipped. You can also check the status of your order online by logging into the&nbsp;track my order page with your Order ID and Email.\n<\/td><\/tr><\/tbody><\/table><\/figure>\n<figure class=\"wp-block-table\"><table><tbody><tr><td>\n<strong>FRAIS DE LIVRAISON ESTIM\u00c9S<\/strong>\n\nLa date d&#039;exp\u00e9dition estim\u00e9e est bas\u00e9e sur la m\u00e9thode d&#039;exp\u00e9dition s\u00e9lectionn\u00e9e. Les dates d&#039;exp\u00e9dition sont bas\u00e9es sur&nbsp;<strong>jours ouvrables<\/strong>&nbsp;et ils&nbsp;<strong>n&#039;inclut pas les week-ends et les jours f\u00e9ri\u00e9s<\/strong>.\nPlease note that special orders may have a longer processing and manufacturing time frame.\nPLEASE NOTE:\nIf your order has not arrived within the estimated Shipping time, or you have additional questions regarding shipping, please&nbsp;contact our Customer Service Representatives.<\/td><\/tr><\/tbody><\/table><\/figure>\n<\/div>\n<\/div>\n<\/div>\n<\/div>\n<\/div>\n<\/div>\n<\/div>","protected":false},"excerpt":{"rendered":"<p>SHIPPING INFORMATION SHIPPING METHODS &amp; CHARGES Your order will be shipped to the specified address according to the shipping method selected during checkout: Shipping Service Delivery Time Rates Standard Ground 10-14 business days FREE Express Shipping 4-6 business days $7.99 Please keep in mind that the estimated shipping time frames are impacted by your selected [&#8230;]","protected":false},"author":1,"featured_media":0,"parent":0,"menu_order":0,"comment_status":"closed","ping_status":"closed","template":"","meta":{"footnotes":""},"class_list":["post-1862","page","type-page","status-publish","hentry"],"_links":{"self":[{"href":"https:\/\/julity.com\/fr\/wp-json\/wp\/v2\/pages\/1862","targetHints":{"allow":["GET"]}}],"collection":[{"href":"https:\/\/julity.com\/fr\/wp-json\/wp\/v2\/pages"}],"about":[{"href":"https:\/\/julity.com\/fr\/wp-json\/wp\/v2\/types\/page"}],"author":[{"embeddable":true,"href":"https:\/\/julity.com\/fr\/wp-json\/wp\/v2\/users\/1"}],"replies":[{"embeddable":true,"href":"https:\/\/julity.com\/fr\/wp-json\/wp\/v2\/comments?post=1862"}],"version-history":[{"count":1,"href":"https:\/\/julity.com\/fr\/wp-json\/wp\/v2\/pages\/1862\/revisions"}],"predecessor-version":[{"id":410181,"href":"https:\/\/julity.com\/fr\/wp-json\/wp\/v2\/pages\/1862\/revisions\/410181"}],"wp:attachment":[{"href":"https:\/\/julity.com\/fr\/wp-json\/wp\/v2\/media?parent=1862"}],"curies":[{"name":"wp","href":"https:\/\/api.w.org\/{rel}","templated":true}]}}