{"id":1007,"date":"2018-11-10T06:10:00","date_gmt":"2018-11-10T11:10:00","guid":{"rendered":"https:\/\/www.leryca.com\/product\/solitaire-infinity-ring-with-accents\/"},"modified":"2020-05-19T04:40:55","modified_gmt":"2020-05-19T08:40:55","slug":"solitaire-infinity-ring-with-accents","status":"publish","type":"product","link":"https:\/\/julity.com\/fr\/product\/solitaire-infinity-ring-with-accents\/","title":{"rendered":"Bague solitaire infini avec accents"},"content":{"rendered":"<p>Qu&#039;il s&#039;agisse d&#039;une promesse entre amis ou d&#039;une promesse dans une relation amoureuse, julity a un grand assortiment d&#039;anneaux de promesse de haute qualit\u00e9 qui sont parfaits pour montrer un lien sp\u00e9cial et une d\u00e9votion. Les surfaces ont \u00e9t\u00e9 magnifiquement polies pour que la brillance qui s&#039;en d\u00e9gage soit forte et brillante. Certains de ces styles ont m\u00eame \u00e9t\u00e9 incrust\u00e9s de cristaux de haute qualit\u00e9 pour une touche d&#039;\u00e9clat suppl\u00e9mentaire. Pour ceux qui aiment les bijoux personnalis\u00e9s, il existe des options de bague gravable. Gravez-les avec des noms, des mots sp\u00e9ciaux et tout ce que votre groupe souhaiterait. Les bagues de promesse font \u00e9galement de belles bagues de fian\u00e7ailles pour ceux qui aiment les designs d\u00e9licats et \u00e9l\u00e9gants qui sont sous-estim\u00e9s.<\/p>","protected":false},"excerpt":{"rendered":"<p>Whether a promise between friends or a promise in a romantic relationship, julity has a great assortment of high-quality promise rings that are great for showing a special bond and devotion. The surfaces have been beautifully polished so that the shine that comes off of them is strong and brilliant. Some of these styles have [&#8230;]","protected":false},"featured_media":1008,"comment_status":"open","ping_status":"closed","template":"","meta":[],"product_brand":[],"product_cat":[105,86,108,81],"product_tag":[],"class_list":{"0":"post-1007","1":"product","2":"type-product","3":"status-publish","4":"has-post-thumbnail","6":"product_cat-birthstone-rings","7":"product_cat-gifts-for-mom","8":"product_cat-mothers-rings","9":"product_cat-sterling-silver","10":"tm-has-options","12":"first","13":"instock","14":"sale","15":"shipping-taxable","16":"purchasable","17":"product-type-simple"},"_links":{"self":[{"href":"https:\/\/julity.com\/fr\/wp-json\/wp\/v2\/product\/1007","targetHints":{"allow":["GET"]}}],"collection":[{"href":"https:\/\/julity.com\/fr\/wp-json\/wp\/v2\/product"}],"about":[{"href":"https:\/\/julity.com\/fr\/wp-json\/wp\/v2\/types\/product"}],"replies":[{"embeddable":true,"href":"https:\/\/julity.com\/fr\/wp-json\/wp\/v2\/comments?post=1007"}],"wp:featuredmedia":[{"embeddable":true,"href":"https:\/\/julity.com\/fr\/wp-json\/wp\/v2\/media\/1008"}],"wp:attachment":[{"href":"https:\/\/julity.com\/fr\/wp-json\/wp\/v2\/media?parent=1007"}],"wp:term":[{"taxonomy":"product_brand","embeddable":true,"href":"https:\/\/julity.com\/fr\/wp-json\/wp\/v2\/product_brand?post=1007"},{"taxonomy":"product_cat","embeddable":true,"href":"https:\/\/julity.com\/fr\/wp-json\/wp\/v2\/product_cat?post=1007"},{"taxonomy":"product_tag","embeddable":true,"href":"https:\/\/julity.com\/fr\/wp-json\/wp\/v2\/product_tag?post=1007"}],"curies":[{"name":"wp","href":"https:\/\/api.w.org\/{rel}","templated":true}]}}