{"id":1042,"date":"2018-11-14T01:28:00","date_gmt":"2018-11-14T06:28:00","guid":{"rendered":"https:\/\/www.leryca.com\/product\/mens-photo-engraved-tag-necklace-with-engraving-18k-gold-plated-stainless-steel\/"},"modified":"2020-05-19T04:36:54","modified_gmt":"2020-05-19T08:36:54","slug":"mens-photo-engraved-tag-necklace-with-engraving-18k-gold-plated-stainless-steel","status":"publish","type":"product","link":"https:\/\/julity.com\/fr\/product\/mens-photo-engraved-tag-necklace-with-engraving-18k-gold-plated-stainless-steel\/","title":{"rendered":"Collier d&#039;\u00e9tiquette grav\u00e9 avec photo pour homme avec gravure en acier inoxydable plaqu\u00e9 or 18 carats"},"content":{"rendered":"<p>Habillez votre tenue avec un fabuleux collier \u00e0 breloques par Julity. Il existe de nombreuses options pr\u00e9d\u00e9finies diff\u00e9rentes \u00e0 s\u00e9lectionner, mais il existe \u00e9galement de nombreuses fa\u00e7ons de cr\u00e9er vos propres pi\u00e8ces personnalis\u00e9es. Pour quelque chose de tr\u00e8s sp\u00e9cial, les colliers et m\u00e9daillons Julity Photo Charm vous permettent d&#039;ajouter des souvenirs photo que vous voudrez garder pr\u00e8s de votre c\u0153ur. Vous avez \u00e9galement la possibilit\u00e9 de commander s\u00e9par\u00e9ment des cha\u00eenes et des breloques unies afin de pouvoir changer votre collier quand vous le souhaitez. Portez des colliers avec un ou plusieurs breloques selon votre humeur mode pour la journ\u00e9e. Vous pouvez \u00e9galement offrir \u00e0 un fan de bijoux dans votre vie une vari\u00e9t\u00e9 de cha\u00eenes afin qu&#039;ils aient quelque chose \u00e0 enfiler quand ils ne veulent pas les porter sur des bracelets.<\/p>","protected":false},"excerpt":{"rendered":"<p>Dress up your outfit with a fabulous charm necklace by julity. There are so many different pre-made options to select from, however there are also many ways to create your own customized pieces. For something extra special, julity photo charm necklaces and lockets allow you to add in photo memories that you will want to [&#8230;]","protected":false},"featured_media":1043,"comment_status":"open","ping_status":"closed","template":"","meta":[],"product_brand":[],"product_cat":[102,111],"product_tag":[],"class_list":{"0":"post-1042","1":"product","2":"type-product","3":"status-publish","4":"has-post-thumbnail","6":"product_cat-gifts-for-him","7":"product_cat-photo-necklaces","8":"tm-has-options","10":"first","11":"instock","12":"sale","13":"shipping-taxable","14":"purchasable","15":"product-type-simple"},"_links":{"self":[{"href":"https:\/\/julity.com\/fr\/wp-json\/wp\/v2\/product\/1042","targetHints":{"allow":["GET"]}}],"collection":[{"href":"https:\/\/julity.com\/fr\/wp-json\/wp\/v2\/product"}],"about":[{"href":"https:\/\/julity.com\/fr\/wp-json\/wp\/v2\/types\/product"}],"replies":[{"embeddable":true,"href":"https:\/\/julity.com\/fr\/wp-json\/wp\/v2\/comments?post=1042"}],"wp:featuredmedia":[{"embeddable":true,"href":"https:\/\/julity.com\/fr\/wp-json\/wp\/v2\/media\/1043"}],"wp:attachment":[{"href":"https:\/\/julity.com\/fr\/wp-json\/wp\/v2\/media?parent=1042"}],"wp:term":[{"taxonomy":"product_brand","embeddable":true,"href":"https:\/\/julity.com\/fr\/wp-json\/wp\/v2\/product_brand?post=1042"},{"taxonomy":"product_cat","embeddable":true,"href":"https:\/\/julity.com\/fr\/wp-json\/wp\/v2\/product_cat?post=1042"},{"taxonomy":"product_tag","embeddable":true,"href":"https:\/\/julity.com\/fr\/wp-json\/wp\/v2\/product_tag?post=1042"}],"curies":[{"name":"wp","href":"https:\/\/api.w.org\/{rel}","templated":true}]}}