{"id":1097,"date":"2018-11-14T02:04:00","date_gmt":"2018-11-14T02:04:00","guid":{"rendered":"https:\/\/www.leryca.com\/product\/womens-photo-watch-color-nylon-strap\/"},"modified":"2022-12-06T02:08:24","modified_gmt":"2022-12-06T06:08:24","slug":"womens-photo-watch-color-nylon-strap","status":"publish","type":"product","link":"https:\/\/julity.com\/fr\/product\/womens-photo-watch-color-nylon-strap\/","title":{"rendered":"Bracelet en nylon couleur pour montre photo pour femme"},"content":{"rendered":"<p>Bo\u00eetier de la montre: alliage sp\u00e9cial et verre, diam\u00e8tre ext\u00e9rieur de 1,57 po \/ 4,0 cm<br \/>\nBracelet de montre: alliage sp\u00e9cial, 7,8 po \/ 20 cm de longueur, 0,7 po \/ 1,8 cm de largeur.<br \/>\nSurprenez votre bien-aim\u00e9 avec une montre photo personnalis\u00e9e qui est purement sur mesure pour s&#039;adapter \u00e0 toute personnalit\u00e9. L&#039;image du design est directement imprim\u00e9e \u00e0 l&#039;int\u00e9rieur de la surface de la montre. Une fois que vous avez pass\u00e9 une commande, vous pourrez pr\u00e9visualiser comment elle appara\u00eetra sur la montre. N&#039;oubliez pas que l&#039;image haute r\u00e9solution sortira mieux que l&#039;aper\u00e7u. Cette montre photo personnalis\u00e9e ne peut pas \u00eatre rembours\u00e9e une fois que nous avons commenc\u00e9 le processus de fabrication. Une montre photo personnalis\u00e9e est toujours un excellent cadeau et ne se d\u00e9modera jamais. Achetez le v\u00f4tre aujourd&#039;hui!<\/p>\n<div class=\"simple-video-replace\" style=\"display: none;\" data-slide=\"4\"><video preload=\"auto\" controls=\"controls\" width=\"500\" height=\"500\"><source src=\"https:\/\/videos.files.wordpress.com\/580PJrMB\/29145591808-1-1_hd.mp4\" source=\"\" \/><\/video><\/div>","protected":false},"excerpt":{"rendered":"<p>Watch Case: Special Alloy and Glass, Outside Diameter 1.57 in\/4.0 cm Watch Band: Special Alloy, 7.8 in\/20 cm in Length, 0.7 in\/1.8 cm in Width. Surprise your loved one with a custom photo watch which is purely custom made to fit any personality. The image of design is directly printed onto the inside of watch [&#8230;]","protected":false},"featured_media":1098,"comment_status":"open","ping_status":"closed","template":"","meta":[],"product_brand":[],"product_cat":[86,88,112],"product_tag":[],"class_list":{"0":"post-1097","1":"product","2":"type-product","3":"status-publish","4":"has-post-thumbnail","6":"product_cat-gifts-for-mom","7":"product_cat-gifts-for-new-mom","8":"product_cat-photo-watches","9":"tm-has-options","11":"first","12":"instock","13":"sale","14":"shipping-taxable","15":"purchasable","16":"product-type-simple"},"_links":{"self":[{"href":"https:\/\/julity.com\/fr\/wp-json\/wp\/v2\/product\/1097","targetHints":{"allow":["GET"]}}],"collection":[{"href":"https:\/\/julity.com\/fr\/wp-json\/wp\/v2\/product"}],"about":[{"href":"https:\/\/julity.com\/fr\/wp-json\/wp\/v2\/types\/product"}],"replies":[{"embeddable":true,"href":"https:\/\/julity.com\/fr\/wp-json\/wp\/v2\/comments?post=1097"}],"wp:featuredmedia":[{"embeddable":true,"href":"https:\/\/julity.com\/fr\/wp-json\/wp\/v2\/media\/1098"}],"wp:attachment":[{"href":"https:\/\/julity.com\/fr\/wp-json\/wp\/v2\/media?parent=1097"}],"wp:term":[{"taxonomy":"product_brand","embeddable":true,"href":"https:\/\/julity.com\/fr\/wp-json\/wp\/v2\/product_brand?post=1097"},{"taxonomy":"product_cat","embeddable":true,"href":"https:\/\/julity.com\/fr\/wp-json\/wp\/v2\/product_cat?post=1097"},{"taxonomy":"product_tag","embeddable":true,"href":"https:\/\/julity.com\/fr\/wp-json\/wp\/v2\/product_tag?post=1097"}],"curies":[{"name":"wp","href":"https:\/\/api.w.org\/{rel}","templated":true}]}}