{"id":1181,"date":"2018-11-29T08:07:00","date_gmt":"2018-11-29T13:07:00","guid":{"rendered":"https:\/\/www.leryca.com\/product\/rose-gold-plated-family-tree-necklace-with-birthstones\/"},"modified":"2020-05-19T04:30:47","modified_gmt":"2020-05-19T08:30:47","slug":"rose-gold-plated-family-tree-necklace-with-birthstones","status":"publish","type":"product","link":"https:\/\/julity.com\/fr\/product\/rose-gold-plated-family-tree-necklace-with-birthstones\/","title":{"rendered":"Collier arbre g\u00e9n\u00e9alogique en plaqu\u00e9 or rose avec pierres de naissance"},"content":{"rendered":"<p>Vous aimez le look des colliers d&#039;arbre g\u00e9n\u00e9alogique? Celui-ci vous permet d&#039;afficher avec go\u00fbt votre connexion \u00e0 ceux que vous aimez le plus. Notre\u00a0<b>Collier arbre g\u00e9n\u00e9alogique plaqu\u00e9 or avec pierres de naissance<\/b>\u00a0fait un cadeau magnifique et significatif pour toutes les occasions, surtout lorsque vous le donnez \u00e0 maman ou \u00e0 grand-m\u00e8re.<\/p>\n<p>Choisissez jusqu&#039;\u00e0 six noms et pierres de naissance correspondantes \u00e0 ajouter \u00e0 ce pendentif sophistiqu\u00e9, qui est gracieusement suspendu \u00e0 un\u00a0<b>cha\u00eene Rollo plaqu\u00e9e or<\/b>\u00a0pour un look parfaitement coordonn\u00e9. Ce collier d&#039;arbre g\u00e9n\u00e9alogique est \u00e9galement disponible en argent; Quelle que soit votre pr\u00e9f\u00e9rence, vous appr\u00e9cierez la fa\u00e7on dont elle vous rappelle vos proches tout en ajoutant une touche d&#039;\u00e9clat \u00e0 toutes vos tenues pr\u00e9f\u00e9r\u00e9es.<\/p>","protected":false},"excerpt":{"rendered":"<p>Love the look of\u00a0family tree necklaces? This one lets you tastefully display your connection to the ones you love most. Our\u00a0Gold Plated Family Tree Necklace with Birthstones\u00a0makes a beautiful and meaningful all-occasion gift, especially when you give it to mom or grandma. Choose up to six names and corresponding birthstones to add to this sophisticated [&#8230;]","protected":false},"featured_media":1182,"comment_status":"open","ping_status":"closed","template":"","meta":[],"product_brand":[],"product_cat":[83,95,78],"product_tag":[],"class_list":{"0":"post-1181","1":"product","2":"type-product","3":"status-publish","4":"has-post-thumbnail","6":"product_cat-18k-rose-gold","7":"product_cat-gifts-for-grandmother","8":"product_cat-moms-necklaces","9":"tm-has-options","11":"first","12":"instock","13":"sale","14":"shipping-taxable","15":"purchasable","16":"product-type-simple"},"_links":{"self":[{"href":"https:\/\/julity.com\/fr\/wp-json\/wp\/v2\/product\/1181","targetHints":{"allow":["GET"]}}],"collection":[{"href":"https:\/\/julity.com\/fr\/wp-json\/wp\/v2\/product"}],"about":[{"href":"https:\/\/julity.com\/fr\/wp-json\/wp\/v2\/types\/product"}],"replies":[{"embeddable":true,"href":"https:\/\/julity.com\/fr\/wp-json\/wp\/v2\/comments?post=1181"}],"wp:featuredmedia":[{"embeddable":true,"href":"https:\/\/julity.com\/fr\/wp-json\/wp\/v2\/media\/1182"}],"wp:attachment":[{"href":"https:\/\/julity.com\/fr\/wp-json\/wp\/v2\/media?parent=1181"}],"wp:term":[{"taxonomy":"product_brand","embeddable":true,"href":"https:\/\/julity.com\/fr\/wp-json\/wp\/v2\/product_brand?post=1181"},{"taxonomy":"product_cat","embeddable":true,"href":"https:\/\/julity.com\/fr\/wp-json\/wp\/v2\/product_cat?post=1181"},{"taxonomy":"product_tag","embeddable":true,"href":"https:\/\/julity.com\/fr\/wp-json\/wp\/v2\/product_tag?post=1181"}],"curies":[{"name":"wp","href":"https:\/\/api.w.org\/{rel}","templated":true}]}}