{"id":1213,"date":"2019-01-12T00:00:00","date_gmt":"2019-01-12T05:00:00","guid":{"rendered":"https:\/\/www.leryca.com\/product\/russian-ring-necklace-with-engraving-rose-gold-plated\/"},"modified":"2020-05-19T04:30:01","modified_gmt":"2020-05-19T08:30:01","slug":"russian-ring-necklace-with-engraving-rose-gold-plated","status":"publish","type":"product","link":"https:\/\/julity.com\/fr\/product\/russian-ring-necklace-with-engraving-rose-gold-plated\/","title":{"rendered":"Collier Bague Russe avec Gravure - Plaqu\u00e9 Or Rose"},"content":{"rendered":"<p>Tendance, amusant et le compl\u00e9ment parfait \u00e0 n&#039;importe quelle tenue, ce collier \u00e0 bague russe en or rose pr\u00e9sente jusqu&#039;\u00e0 trois noms ou mots significatifs sur chacun de ses cercles entrelac\u00e9s. Fabriqu\u00e9 en plaqu\u00e9 or rose 18 carats sur de l&#039;argent sterling 0,925, ce magnifique collier comprend une cha\u00eene de bo\u00eete assortie en or rose. Comme plus de colliers m\u00e8res de notre collection, celui-ci est \u00e9galement disponible dans votre choix de plaqu\u00e9 argent et or 18 carats<\/p>\n<div class=\"simple-video-replace\" style=\"display: none;\" data-slide=\"4\"><video preload=\"auto\" controls=\"controls\" width=\"500\" height=\"500\"><source src=\"https:\/\/videos.files.wordpress.com\/6qmWPC65\/circles201901a01-1_hd.mp4\" source=\"\" \/><\/video><\/div>","protected":false},"excerpt":{"rendered":"<p>Trendy, fun, and the perfect complement to any outfit, this rose gold Russian ring necklace showcases up to three names or meaningful words on each of its intertwined circles. Made with 18k rose gold plating over 0.925 sterling silver, this stunning necklace includes a matching rose gold-plated box chain. Like\u00a0more mother necklaces\u00a0from our collection, this [&#8230;]","protected":false},"featured_media":1214,"comment_status":"open","ping_status":"closed","template":"","meta":[],"product_brand":[],"product_cat":[83,96,95,86,78],"product_tag":[],"class_list":{"0":"post-1213","1":"product","2":"type-product","3":"status-publish","4":"has-post-thumbnail","6":"product_cat-18k-rose-gold","7":"product_cat-discs-circles","8":"product_cat-gifts-for-grandmother","9":"product_cat-gifts-for-mom","10":"product_cat-moms-necklaces","11":"tm-has-options","13":"first","14":"instock","15":"sale","16":"shipping-taxable","17":"purchasable","18":"product-type-simple"},"_links":{"self":[{"href":"https:\/\/julity.com\/fr\/wp-json\/wp\/v2\/product\/1213","targetHints":{"allow":["GET"]}}],"collection":[{"href":"https:\/\/julity.com\/fr\/wp-json\/wp\/v2\/product"}],"about":[{"href":"https:\/\/julity.com\/fr\/wp-json\/wp\/v2\/types\/product"}],"replies":[{"embeddable":true,"href":"https:\/\/julity.com\/fr\/wp-json\/wp\/v2\/comments?post=1213"}],"wp:featuredmedia":[{"embeddable":true,"href":"https:\/\/julity.com\/fr\/wp-json\/wp\/v2\/media\/1214"}],"wp:attachment":[{"href":"https:\/\/julity.com\/fr\/wp-json\/wp\/v2\/media?parent=1213"}],"wp:term":[{"taxonomy":"product_brand","embeddable":true,"href":"https:\/\/julity.com\/fr\/wp-json\/wp\/v2\/product_brand?post=1213"},{"taxonomy":"product_cat","embeddable":true,"href":"https:\/\/julity.com\/fr\/wp-json\/wp\/v2\/product_cat?post=1213"},{"taxonomy":"product_tag","embeddable":true,"href":"https:\/\/julity.com\/fr\/wp-json\/wp\/v2\/product_tag?post=1213"}],"curies":[{"name":"wp","href":"https:\/\/api.w.org\/{rel}","templated":true}]}}