{"id":1219,"date":"2019-01-12T00:11:00","date_gmt":"2019-01-12T05:11:00","guid":{"rendered":"https:\/\/www.leryca.com\/product\/family-love-circle-pendant-necklace-rose-gold-plated\/"},"modified":"2020-05-19T04:29:38","modified_gmt":"2020-05-19T08:29:38","slug":"family-love-circle-pendant-necklace-rose-gold-plated","status":"publish","type":"product","link":"https:\/\/julity.com\/fr\/product\/family-love-circle-pendant-necklace-rose-gold-plated\/","title":{"rendered":"Collier Pendentif Cercle Famille Amour - Plaqu\u00e9 Or Rose"},"content":{"rendered":"<p>Pr\u00e9sentant un petit c\u0153ur d\u00e9coup\u00e9, ce collier pendentif cercle est le cadeau parfait pour toutes les occasions pour maman ou grand-m\u00e8re. Personnalisez avec des noms ou d&#039;autres mots significatifs pour le rendre vraiment unique! \u00c9l\u00e9gant, \u00e9l\u00e9gant et id\u00e9al pour \u00eatre associ\u00e9 \u00e0 une vari\u00e9t\u00e9 de ses tenues pr\u00e9f\u00e9r\u00e9es, ce collier est fait de plaqu\u00e9 or rose sur de l&#039;argent sterling 0,925 et est suspendu \u00e0 une cha\u00eene rolo assortie. Comme beaucoup d&#039;autres pi\u00e8ces de notre collection de bijoux pour maman, elle est \u00e9galement disponible en argent sterling et plaqu\u00e9 or 18 carats.<\/p>","protected":false},"excerpt":{"rendered":"<p>Showcasing a petite cutout heart, this circle pendant necklace makes the perfect all-occasion gift for mom or grandma. Personalize with names or other meaningful words to make it truly unique! Sleek, stylish, and just right for pairing with a variety of her favorite outfits, this necklace is made with rose gold plating over 0.925 sterling [&#8230;]","protected":false},"featured_media":1220,"comment_status":"open","ping_status":"closed","template":"","meta":[],"product_brand":[],"product_cat":[83,96,95,86,78,84],"product_tag":[],"class_list":{"0":"post-1219","1":"product","2":"type-product","3":"status-publish","4":"has-post-thumbnail","6":"product_cat-18k-rose-gold","7":"product_cat-discs-circles","8":"product_cat-gifts-for-grandmother","9":"product_cat-gifts-for-mom","10":"product_cat-moms-necklaces","11":"product_cat-new-arrivals","12":"tm-has-options","14":"first","15":"instock","16":"sale","17":"shipping-taxable","18":"purchasable","19":"product-type-simple"},"_links":{"self":[{"href":"https:\/\/julity.com\/fr\/wp-json\/wp\/v2\/product\/1219","targetHints":{"allow":["GET"]}}],"collection":[{"href":"https:\/\/julity.com\/fr\/wp-json\/wp\/v2\/product"}],"about":[{"href":"https:\/\/julity.com\/fr\/wp-json\/wp\/v2\/types\/product"}],"replies":[{"embeddable":true,"href":"https:\/\/julity.com\/fr\/wp-json\/wp\/v2\/comments?post=1219"}],"wp:featuredmedia":[{"embeddable":true,"href":"https:\/\/julity.com\/fr\/wp-json\/wp\/v2\/media\/1220"}],"wp:attachment":[{"href":"https:\/\/julity.com\/fr\/wp-json\/wp\/v2\/media?parent=1219"}],"wp:term":[{"taxonomy":"product_brand","embeddable":true,"href":"https:\/\/julity.com\/fr\/wp-json\/wp\/v2\/product_brand?post=1219"},{"taxonomy":"product_cat","embeddable":true,"href":"https:\/\/julity.com\/fr\/wp-json\/wp\/v2\/product_cat?post=1219"},{"taxonomy":"product_tag","embeddable":true,"href":"https:\/\/julity.com\/fr\/wp-json\/wp\/v2\/product_tag?post=1219"}],"curies":[{"name":"wp","href":"https:\/\/api.w.org\/{rel}","templated":true}]}}