{"id":1294,"date":"2019-10-28T02:36:00","date_gmt":"2019-10-28T06:36:00","guid":{"rendered":"https:\/\/www.leryca.com\/product\/leather-bracelet-men-bracelet-with-small-custom-beads\/"},"modified":"2020-05-19T04:26:29","modified_gmt":"2020-05-19T08:26:29","slug":"personalized-sterling-silver-mens-leather-black-bracelet","status":"publish","type":"product","link":"https:\/\/julity.com\/fr\/product\/personalized-sterling-silver-mens-leather-black-bracelet\/","title":{"rendered":"Bracelet en cuir noir pour homme en argent sterling personnalis\u00e9"},"content":{"rendered":"<p>Les d\u00e9tails personnalis\u00e9s font du bracelet homme avec de petites perles personnalis\u00e9es en argent un atout majeur. Ce bracelet personnalis\u00e9 comporte une bande joliment tress\u00e9e qui se ferme avec un fermoir en argent robuste. Les perles circulaires ajoutent un contraste agr\u00e9able et sont grav\u00e9es sur commande. Ce bracelet est fabriqu\u00e9 avec des composants de qualit\u00e9 dont de l'argent sterling. Il comporte:<\/p>\n<ul>\n<li>Comfortable wax cotton braid wrist band<\/li>\n<li>Up to 7 beads<\/li>\n<li>Chaque perle a une inscription<\/li>\n<\/ul>","protected":false},"excerpt":{"rendered":"<p>Customized details make the Men Bracelet with Small Custom Beads in Silver a standout. This personalized bracelet features a handsomely braided band that fastens with a sturdy silver clasp. The circular beads add pleasing contrast, and are engraved to order. This bracelet is made with quality components including sterling silver. It features: Comfortable wax cotton [&#8230;]","protected":false},"featured_media":1295,"comment_status":"open","ping_status":"closed","template":"","meta":[],"product_brand":[],"product_cat":[101],"product_tag":[],"class_list":{"0":"post-1294","1":"product","2":"type-product","3":"status-publish","4":"has-post-thumbnail","6":"product_cat-name-bracelets","7":"tm-has-options","9":"first","10":"instock","11":"sale","12":"shipping-taxable","13":"purchasable","14":"product-type-simple"},"_links":{"self":[{"href":"https:\/\/julity.com\/fr\/wp-json\/wp\/v2\/product\/1294","targetHints":{"allow":["GET"]}}],"collection":[{"href":"https:\/\/julity.com\/fr\/wp-json\/wp\/v2\/product"}],"about":[{"href":"https:\/\/julity.com\/fr\/wp-json\/wp\/v2\/types\/product"}],"replies":[{"embeddable":true,"href":"https:\/\/julity.com\/fr\/wp-json\/wp\/v2\/comments?post=1294"}],"wp:featuredmedia":[{"embeddable":true,"href":"https:\/\/julity.com\/fr\/wp-json\/wp\/v2\/media\/1295"}],"wp:attachment":[{"href":"https:\/\/julity.com\/fr\/wp-json\/wp\/v2\/media?parent=1294"}],"wp:term":[{"taxonomy":"product_brand","embeddable":true,"href":"https:\/\/julity.com\/fr\/wp-json\/wp\/v2\/product_brand?post=1294"},{"taxonomy":"product_cat","embeddable":true,"href":"https:\/\/julity.com\/fr\/wp-json\/wp\/v2\/product_cat?post=1294"},{"taxonomy":"product_tag","embeddable":true,"href":"https:\/\/julity.com\/fr\/wp-json\/wp\/v2\/product_tag?post=1294"}],"curies":[{"name":"wp","href":"https:\/\/api.w.org\/{rel}","templated":true}]}}