{"id":130046,"date":"2021-01-23T12:14:49","date_gmt":"2021-01-23T11:14:49","guid":{"rendered":"https:\/\/www.heagift.com\/product\/import-placeholder-for-1294\/"},"modified":"2024-10-06T23:54:29","modified_gmt":"2024-10-07T06:54:29","slug":"personalized-sterling-silver-men-leather-black-bracelet","status":"publish","type":"product","link":"https:\/\/julity.com\/fr\/product\/personalized-sterling-silver-men-leather-black-bracelet\/","title":{"rendered":"Bracelet homme cuir noir argent sterling personnalis\u00e9"},"content":{"rendered":"<p>Les d\u00e9tails personnalis\u00e9s font du bracelet homme avec de petites perles personnalis\u00e9es en argent un atout majeur. Ce bracelet personnalis\u00e9 comporte une bande joliment tress\u00e9e qui se ferme avec un fermoir en argent robuste. Les perles circulaires ajoutent un contraste agr\u00e9able et sont grav\u00e9es sur commande. Ce bracelet est fabriqu\u00e9 avec des composants de qualit\u00e9 dont de l'argent sterling. Il comporte:<\/p>\n<ul>\n<li>Mat\u00e9riau: bracelet en tresse en cuir v\u00e9ritable en argent sterling 0.925<\/li>\n<li>Taille des perles: 9,8 * 4,8 MM (0,38 * 0,18 pouces) <\/li>\n<li>\u00c9paisseur de perle: 0,8 mm (0,03 pouce)<\/li>\n<li>P\u00e9rim\u00e8tre du bracelet: r\u00e9glable - 60 cm (24 pouces)<\/li>\n<li>La cha\u00eene peut \u00eatre redimensionn\u00e9e et l'interface est s\u00e9curis\u00e9e avec un bouton argent\u00e9.<\/li>\n<li>Chaque perle peut \u00eatre grav\u00e9e avec un nom personnalis\u00e9<\/li>\n<\/ul>","protected":false},"excerpt":{"rendered":"<p>Customized details make the Men Bracelet with Small Custom Beads in Silver a standout. This personalized bracelet features a handsomely braided band that fastens with a sturdy silver clasp. The circular beads add pleasing contrast, and are engraved to order. This bracelet is made with quality components including sterling silver. It features: Material: Sterling Silver [&#8230;]","protected":false},"featured_media":130050,"comment_status":"open","ping_status":"closed","template":"","meta":[],"product_brand":[],"product_cat":[101],"product_tag":[115,117],"class_list":{"0":"post-130046","1":"product","2":"type-product","3":"status-publish","4":"has-post-thumbnail","6":"product_cat-name-bracelets","7":"product_tag-bracelets","8":"product_tag-fathergift","9":"tm-has-options","11":"first","12":"instock","13":"sale","14":"shipping-taxable","15":"purchasable","16":"product-type-simple"},"_links":{"self":[{"href":"https:\/\/julity.com\/fr\/wp-json\/wp\/v2\/product\/130046","targetHints":{"allow":["GET"]}}],"collection":[{"href":"https:\/\/julity.com\/fr\/wp-json\/wp\/v2\/product"}],"about":[{"href":"https:\/\/julity.com\/fr\/wp-json\/wp\/v2\/types\/product"}],"replies":[{"embeddable":true,"href":"https:\/\/julity.com\/fr\/wp-json\/wp\/v2\/comments?post=130046"}],"wp:featuredmedia":[{"embeddable":true,"href":"https:\/\/julity.com\/fr\/wp-json\/wp\/v2\/media\/130050"}],"wp:attachment":[{"href":"https:\/\/julity.com\/fr\/wp-json\/wp\/v2\/media?parent=130046"}],"wp:term":[{"taxonomy":"product_brand","embeddable":true,"href":"https:\/\/julity.com\/fr\/wp-json\/wp\/v2\/product_brand?post=130046"},{"taxonomy":"product_cat","embeddable":true,"href":"https:\/\/julity.com\/fr\/wp-json\/wp\/v2\/product_cat?post=130046"},{"taxonomy":"product_tag","embeddable":true,"href":"https:\/\/julity.com\/fr\/wp-json\/wp\/v2\/product_tag?post=130046"}],"curies":[{"name":"wp","href":"https:\/\/api.w.org\/{rel}","templated":true}]}}