{"id":130047,"date":"2021-01-23T12:14:49","date_gmt":"2021-01-23T11:14:49","guid":{"rendered":"https:\/\/www.heagift.com\/product\/import-placeholder-for-2176\/"},"modified":"2021-11-26T01:02:57","modified_gmt":"2021-11-26T05:02:57","slug":"engraved-small-gold-women-beads","status":"publish","type":"product","link":"https:\/\/julity.com\/fr\/product\/engraved-small-gold-women-beads\/","title":{"rendered":"Petites perles grav\u00e9es en or pour femmes"},"content":{"rendered":"<p>Les bracelets pr\u00e9nom sont avant-gardistes et un excellent moyen de montrer quelque chose de personnel et unique. Gardez \u00e0 l'esprit que vous n'\u00eates pas oblig\u00e9 de personnaliser les bracelets coutumecollier avec un nom. Vous pouvez \u00e9galement y ajouter un mot pr\u00e9f\u00e9r\u00e9 pour vous inspirer tout au long de la journ\u00e9e. En plus des finitions argent\u00e9es, des options en or jaune et en or rose sont \u00e9galement disponibles. M\u00e9langez et assortissez les m\u00e9taux pour cr\u00e9er votre propre cr\u00e9ation empil\u00e9e unique et color\u00e9e. Des bracelets nomm\u00e9s comme celui-ci constitueraient \u00e9galement de fantastiques options de cadeaux pour les amis et la famille de votre vie. Magasinez parmi tout, des bracelets \u00e0 breloques pr\u00e9nom et bracelets \u00e0 plaque signal\u00e9tique aux manchettes pr\u00e9nom et bracelets pr\u00e9nom r\u00e9glables.<\/p>","protected":false},"excerpt":{"rendered":"<p>Name bracelets are fashion forward and a great way to show off something personal and unique. Keep in mind, you don&#8217;t have to customize coutumecollier bracelets with a name. You could also get a favorite word on it to bring you some inspiration throughout the day. In addition to silver finishes, yellow gold and rose [&#8230;]","protected":false},"featured_media":130054,"comment_status":"closed","ping_status":"closed","template":"","meta":[],"product_brand":[],"product_cat":[82,90,86,91,103,101,84],"product_tag":[115],"class_list":{"0":"post-130047","1":"product","2":"type-product","3":"status-publish","4":"has-post-thumbnail","6":"product_cat-18k-gold-plated","7":"product_cat-gifts-for-couples","8":"product_cat-gifts-for-mom","9":"product_cat-gifts-for-teens","10":"product_cat-love-bracelets","11":"product_cat-name-bracelets","12":"product_cat-new-arrivals","13":"product_tag-bracelets","14":"tm-has-options","16":"first","17":"instock","18":"sale","19":"shipping-taxable","20":"purchasable","21":"product-type-simple"},"_links":{"self":[{"href":"https:\/\/julity.com\/fr\/wp-json\/wp\/v2\/product\/130047","targetHints":{"allow":["GET"]}}],"collection":[{"href":"https:\/\/julity.com\/fr\/wp-json\/wp\/v2\/product"}],"about":[{"href":"https:\/\/julity.com\/fr\/wp-json\/wp\/v2\/types\/product"}],"replies":[{"embeddable":true,"href":"https:\/\/julity.com\/fr\/wp-json\/wp\/v2\/comments?post=130047"}],"wp:featuredmedia":[{"embeddable":true,"href":"https:\/\/julity.com\/fr\/wp-json\/wp\/v2\/media\/130054"}],"wp:attachment":[{"href":"https:\/\/julity.com\/fr\/wp-json\/wp\/v2\/media?parent=130047"}],"wp:term":[{"taxonomy":"product_brand","embeddable":true,"href":"https:\/\/julity.com\/fr\/wp-json\/wp\/v2\/product_brand?post=130047"},{"taxonomy":"product_cat","embeddable":true,"href":"https:\/\/julity.com\/fr\/wp-json\/wp\/v2\/product_cat?post=130047"},{"taxonomy":"product_tag","embeddable":true,"href":"https:\/\/julity.com\/fr\/wp-json\/wp\/v2\/product_tag?post=130047"}],"curies":[{"name":"wp","href":"https:\/\/api.w.org\/{rel}","templated":true}]}}