{"id":1655,"date":"2020-05-12T13:45:21","date_gmt":"2020-05-12T17:45:21","guid":{"rendered":"https:\/\/www.leryca.com\/?post_type=product&#038;p=1655"},"modified":"2020-05-19T04:26:02","modified_gmt":"2020-05-19T08:26:02","slug":"family-tree-birthstone-necklace-18k-gold-plated","status":"publish","type":"product","link":"https:\/\/julity.com\/fr\/product\/family-tree-birthstone-necklace-18k-gold-plated\/","title":{"rendered":"Collier Pierre de naissance Arbre g\u00e9n\u00e9alogique - Plaqu\u00e9 or 18 carats"},"content":{"rendered":"<p>Affichez fi\u00e8rement et \u00e9l\u00e9gamment votre famille avec l&#039;un de nos colliers d&#039;arbre g\u00e9n\u00e9alogique les plus populaires. Notre collier de naissance en arbre g\u00e9n\u00e9alogique - plaqu\u00e9 or 18 carats peut accueillir plusieurs noms et peut \u00eatre con\u00e7u avec 1 \u00e0 7 pierres de naissance.<\/p>\n<p>Faites correspondre les noms grav\u00e9s \u00e0 leurs pierres de naissance sp\u00e9cifiques ou choisissez simplement les couleurs de pierre qui vous semblent les plus belles pour vous ou le destinataire de ce cadeau attentionn\u00e9.<\/p>\n<p>Ce collier de pierre de naissance familial est fait de plaqu\u00e9 or 18 carats sur de l&#039;argent sterling 0,925 et est suspendu \u00e0 une cha\u00eene de perles plaqu\u00e9e or 18 carats.<\/p>\n<p>D\u00e9couvrez tous nos styles, y compris celui-ci dans votre choix d&#039;argent sterling, plaqu\u00e9 or rose 18 carats ou or massif 10 carats.<\/p>","protected":false},"excerpt":{"rendered":"<p>Proudly and elegantly display your family with one of our most popular\u00a0Family tree necklaces. Our Family Tree Birthstone Necklace \u2013 18k Gold Plated can accommodate multiple names and can be designed with 1-7 birthstones. Match the engraved names to their specific birthstones or simply choose the stone colors that you think look the best on [&#8230;]","protected":false},"featured_media":1656,"comment_status":"open","ping_status":"closed","template":"","meta":[],"product_brand":[],"product_cat":[96,95,86],"product_tag":[],"class_list":{"0":"post-1655","1":"product","2":"type-product","3":"status-publish","4":"has-post-thumbnail","6":"product_cat-discs-circles","7":"product_cat-gifts-for-grandmother","8":"product_cat-gifts-for-mom","9":"tm-has-options","11":"first","12":"instock","13":"sale","14":"shipping-taxable","15":"purchasable","16":"product-type-simple"},"_links":{"self":[{"href":"https:\/\/julity.com\/fr\/wp-json\/wp\/v2\/product\/1655","targetHints":{"allow":["GET"]}}],"collection":[{"href":"https:\/\/julity.com\/fr\/wp-json\/wp\/v2\/product"}],"about":[{"href":"https:\/\/julity.com\/fr\/wp-json\/wp\/v2\/types\/product"}],"replies":[{"embeddable":true,"href":"https:\/\/julity.com\/fr\/wp-json\/wp\/v2\/comments?post=1655"}],"wp:featuredmedia":[{"embeddable":true,"href":"https:\/\/julity.com\/fr\/wp-json\/wp\/v2\/media\/1656"}],"wp:attachment":[{"href":"https:\/\/julity.com\/fr\/wp-json\/wp\/v2\/media?parent=1655"}],"wp:term":[{"taxonomy":"product_brand","embeddable":true,"href":"https:\/\/julity.com\/fr\/wp-json\/wp\/v2\/product_brand?post=1655"},{"taxonomy":"product_cat","embeddable":true,"href":"https:\/\/julity.com\/fr\/wp-json\/wp\/v2\/product_cat?post=1655"},{"taxonomy":"product_tag","embeddable":true,"href":"https:\/\/julity.com\/fr\/wp-json\/wp\/v2\/product_tag?post=1655"}],"curies":[{"name":"wp","href":"https:\/\/api.w.org\/{rel}","templated":true}]}}