{"id":1745,"date":"2020-05-14T09:24:50","date_gmt":"2020-05-14T13:24:50","guid":{"rendered":"https:\/\/www.leryca.com\/?post_type=product&#038;p=1745"},"modified":"2020-05-19T04:25:38","modified_gmt":"2020-05-19T08:25:38","slug":"heart-engraved-necklace-with-custom-birthstone-family-gift-silver","status":"publish","type":"product","link":"https:\/\/julity.com\/fr\/product\/heart-engraved-necklace-with-custom-birthstone-family-gift-silver\/","title":{"rendered":"Collier grav\u00e9 de coeur avec cadeau de famille personnalis\u00e9 de naissance en argent"},"content":{"rendered":"<p>Ajoutez quelque chose de tr\u00e8s sp\u00e9cial \u00e0 votre bo\u00eete \u00e0 bijoux avec les colliers gravables officiels de Name Necklace Il existe une multitude de designs magnifiques qui peuvent \u00eatre personnalis\u00e9s avec un nom, deux noms ou m\u00eame des mots inspirants que vous aimez. Nom Collier officiel fournit des bijoux \u00e0 graver abordables qui ne casseront pas la banque. De plus, ces pi\u00e8ces sont des cadeaux tr\u00e8s r\u00e9fl\u00e9chis et appr\u00e9ci\u00e9s pour les amis et la famille. Donnez-les \u00e0 quelqu&#039;un qui c\u00e9l\u00e8bre un anniversaire, un dipl\u00f4me, une f\u00eate de naissance ou un anniversaire. Les finitions sont magnifiquement polies de sorte que la brillance qui s&#039;en d\u00e9gage est tr\u00e8s intense. Il y a tout, des colliers \u00e0 pendentif circulaire et des colliers \u00e0 double barre aux colliers \u00e0 empreinte et aux colliers de charme pour enfants.<\/p>","protected":false},"excerpt":{"rendered":"<p>Add something extra special to your jewelry box with Name Necklace Official engravable necklaces. There are a plethora of gorgeous designs that can be customized with a name, two names, or even inspirational words that you love. Name Necklace Official provides affordable engravable jewelry that won&#8217;t break the bank. In addition, these pieces make for [&#8230;]","protected":false},"featured_media":1746,"comment_status":"open","ping_status":"closed","template":"","meta":[],"product_brand":[],"product_cat":[86,78,81],"product_tag":[],"class_list":{"0":"post-1745","1":"product","2":"type-product","3":"status-publish","4":"has-post-thumbnail","6":"product_cat-gifts-for-mom","7":"product_cat-moms-necklaces","8":"product_cat-sterling-silver","9":"tm-has-options","11":"first","12":"instock","13":"sale","14":"shipping-taxable","15":"purchasable","16":"product-type-simple"},"_links":{"self":[{"href":"https:\/\/julity.com\/fr\/wp-json\/wp\/v2\/product\/1745","targetHints":{"allow":["GET"]}}],"collection":[{"href":"https:\/\/julity.com\/fr\/wp-json\/wp\/v2\/product"}],"about":[{"href":"https:\/\/julity.com\/fr\/wp-json\/wp\/v2\/types\/product"}],"replies":[{"embeddable":true,"href":"https:\/\/julity.com\/fr\/wp-json\/wp\/v2\/comments?post=1745"}],"wp:featuredmedia":[{"embeddable":true,"href":"https:\/\/julity.com\/fr\/wp-json\/wp\/v2\/media\/1746"}],"wp:attachment":[{"href":"https:\/\/julity.com\/fr\/wp-json\/wp\/v2\/media?parent=1745"}],"wp:term":[{"taxonomy":"product_brand","embeddable":true,"href":"https:\/\/julity.com\/fr\/wp-json\/wp\/v2\/product_brand?post=1745"},{"taxonomy":"product_cat","embeddable":true,"href":"https:\/\/julity.com\/fr\/wp-json\/wp\/v2\/product_cat?post=1745"},{"taxonomy":"product_tag","embeddable":true,"href":"https:\/\/julity.com\/fr\/wp-json\/wp\/v2\/product_tag?post=1745"}],"curies":[{"name":"wp","href":"https:\/\/api.w.org\/{rel}","templated":true}]}}