{"id":1776,"date":"2020-05-14T11:32:15","date_gmt":"2020-05-14T15:32:15","guid":{"rendered":"https:\/\/www.leryca.com\/?post_type=product&#038;p=1776"},"modified":"2021-11-26T01:03:24","modified_gmt":"2021-11-26T05:03:24","slug":"personalized-infinity-name-necklace-sterling-silver","status":"publish","type":"product","link":"https:\/\/julity.com\/fr\/product\/personalized-infinity-name-necklace-sterling-silver\/","title":{"rendered":"Collier Pr\u00e9nom Infini Personnalis\u00e9 Argent Massif"},"content":{"rendered":"<div class=\"item-attr\">\n<div class=\"item-attr-title\">\n<h3>Caract\u00e9ristiques de l&#039;objet:<\/h3>\n<\/div>\n<div>\n<table class=\"table table-striped\">\n<tbody>\n<tr>\n<th>Style<\/th>\n<td>Collier Pr\u00e9nom \/ Collier Lettre<\/td>\n<\/tr>\n<tr>\n<th>Taille du pendentif<\/th>\n<td>4,4 cm (1,76 pouces)<\/td>\n<\/tr>\n<tr>\n<th>Crochet<\/th>\n<td>Crochets doubles<\/td>\n<\/tr>\n<tr>\n<th>Type de cha\u00eene<\/th>\n<td>Cha\u00eene de c\u00e2ble<\/td>\n<\/tr>\n<tr>\n<th>Mat\u00e9riel<\/th>\n<td>Argent sterling 925<\/td>\n<\/tr>\n<tr>\n<th>\u00c9paisseur<\/th>\n<td>1,2 mm (0,048 pouce)<\/td>\n<\/tr>\n<\/tbody>\n<\/table>\n<\/div>\n<\/div>","protected":false},"excerpt":{"rendered":"<p>Caract\u00e9ristiques de l&#039;article: Style Nom Collier \/ Lettre Collier Pendentif Taille 4.4CM (1.76INCH) Crochet Double Crochets Type de cha\u00eene Cha\u00eene de c\u00e2ble Mat\u00e9riel Argent sterling 925 \u00c9paisseur 1.2MM (0.048INCH)<\/p>","protected":false},"featured_media":1777,"comment_status":"open","ping_status":"closed","template":"","meta":[],"product_brand":[],"product_cat":[87],"product_tag":[],"class_list":{"0":"post-1776","1":"product","2":"type-product","3":"status-publish","4":"has-post-thumbnail","6":"product_cat-infinity-name-necklaces","7":"tm-has-options","9":"first","10":"instock","11":"sale","12":"shipping-taxable","13":"purchasable","14":"product-type-simple"},"_links":{"self":[{"href":"https:\/\/julity.com\/fr\/wp-json\/wp\/v2\/product\/1776","targetHints":{"allow":["GET"]}}],"collection":[{"href":"https:\/\/julity.com\/fr\/wp-json\/wp\/v2\/product"}],"about":[{"href":"https:\/\/julity.com\/fr\/wp-json\/wp\/v2\/types\/product"}],"replies":[{"embeddable":true,"href":"https:\/\/julity.com\/fr\/wp-json\/wp\/v2\/comments?post=1776"}],"wp:featuredmedia":[{"embeddable":true,"href":"https:\/\/julity.com\/fr\/wp-json\/wp\/v2\/media\/1777"}],"wp:attachment":[{"href":"https:\/\/julity.com\/fr\/wp-json\/wp\/v2\/media?parent=1776"}],"wp:term":[{"taxonomy":"product_brand","embeddable":true,"href":"https:\/\/julity.com\/fr\/wp-json\/wp\/v2\/product_brand?post=1776"},{"taxonomy":"product_cat","embeddable":true,"href":"https:\/\/julity.com\/fr\/wp-json\/wp\/v2\/product_cat?post=1776"},{"taxonomy":"product_tag","embeddable":true,"href":"https:\/\/julity.com\/fr\/wp-json\/wp\/v2\/product_tag?post=1776"}],"curies":[{"name":"wp","href":"https:\/\/api.w.org\/{rel}","templated":true}]}}