{"id":1786,"date":"2020-05-14T11:45:55","date_gmt":"2020-05-14T15:45:55","guid":{"rendered":"https:\/\/www.leryca.com\/?post_type=product&#038;p=1786"},"modified":"2021-11-26T01:03:23","modified_gmt":"2021-11-26T05:03:23","slug":"circle-pendant-necklace-with-leaf-and-custom-beads","status":"publish","type":"product","link":"https:\/\/julity.com\/fr\/product\/circle-pendant-necklace-with-leaf-and-custom-beads\/","title":{"rendered":"Collier pendentif cercle avec feuille et perles personnalis\u00e9es"},"content":{"rendered":"<p>L\u00e9ger et charmant! Notre collier pendentif cercle avec des feuilles et des perles personnalis\u00e9es en argent sterling est le moyen id\u00e9al pour offrir \u00e0 maman quelque chose de sp\u00e9cial. Magnifiquement personnalis\u00e9 avec jusqu&#039;\u00e0 quatre perles, le pendentif peut \u00eatre accentu\u00e9 avec une belle pierre et un charme de feuille \u00e9l\u00e9gant pour ajouter un style suppl\u00e9mentaire. Il comporte:<\/p>\n<ul>\n<li>En argent sterling 925<\/li>\n<li>1 \u00e0 6 perles personnalis\u00e9es<\/li>\n<li>1 nom ou mot par perle<\/li>\n<li>Ajout optionnel de breloques en pierre et en feuille<\/li>\n<li>Ouvrez et verrouillez facilement pour ajouter ou supprimer des charmes<\/li>\n<\/ul>","protected":false},"excerpt":{"rendered":"<p>Light and lovely! Our Circle Pendant Necklace with Leaf and Custom Beads in Sterling Silver is the perfect way to treat mom to something special. Beautifully personalized with up to four beads, the pendant can be accented with a lovely stone and an elegant leaf charm to add extra style. It features: Made of 925 [&#8230;]","protected":false},"featured_media":1788,"comment_status":"open","ping_status":"closed","template":"","meta":[],"product_brand":[],"product_cat":[78],"product_tag":[],"class_list":{"0":"post-1786","1":"product","2":"type-product","3":"status-publish","4":"has-post-thumbnail","6":"product_cat-moms-necklaces","7":"tm-has-options","9":"first","10":"instock","11":"sale","12":"shipping-taxable","13":"purchasable","14":"product-type-simple"},"_links":{"self":[{"href":"https:\/\/julity.com\/fr\/wp-json\/wp\/v2\/product\/1786","targetHints":{"allow":["GET"]}}],"collection":[{"href":"https:\/\/julity.com\/fr\/wp-json\/wp\/v2\/product"}],"about":[{"href":"https:\/\/julity.com\/fr\/wp-json\/wp\/v2\/types\/product"}],"replies":[{"embeddable":true,"href":"https:\/\/julity.com\/fr\/wp-json\/wp\/v2\/comments?post=1786"}],"wp:featuredmedia":[{"embeddable":true,"href":"https:\/\/julity.com\/fr\/wp-json\/wp\/v2\/media\/1788"}],"wp:attachment":[{"href":"https:\/\/julity.com\/fr\/wp-json\/wp\/v2\/media?parent=1786"}],"wp:term":[{"taxonomy":"product_brand","embeddable":true,"href":"https:\/\/julity.com\/fr\/wp-json\/wp\/v2\/product_brand?post=1786"},{"taxonomy":"product_cat","embeddable":true,"href":"https:\/\/julity.com\/fr\/wp-json\/wp\/v2\/product_cat?post=1786"},{"taxonomy":"product_tag","embeddable":true,"href":"https:\/\/julity.com\/fr\/wp-json\/wp\/v2\/product_tag?post=1786"}],"curies":[{"name":"wp","href":"https:\/\/api.w.org\/{rel}","templated":true}]}}