{"id":1814,"date":"2020-05-17T03:55:31","date_gmt":"2020-05-17T07:55:31","guid":{"rendered":"https:\/\/www.leryca.com\/?post_type=product&#038;p=1814"},"modified":"2021-11-26T01:03:21","modified_gmt":"2021-11-26T05:03:21","slug":"personalized-intertwined-hearts-necklace-with-birthstone","status":"publish","type":"product","link":"https:\/\/julity.com\/fr\/product\/personalized-intertwined-hearts-necklace-with-birthstone\/","title":{"rendered":"Collier coeurs entrelac\u00e9s personnalis\u00e9 avec pierre de naissance"},"content":{"rendered":"<div class=\"item-attr-title\">\n<h3>Caract\u00e9ristiques de l&#039;objet:<\/h3>\n<\/div>\n<div>\n<table class=\"table table-striped\">\n<tbody>\n<tr>\n<th>Style<\/th>\n<td>Collier personnalis\u00e9<\/td>\n<\/tr>\n<tr>\n<th>Crochet<\/th>\n<td>Crochet simple \/ crochets doubles<\/td>\n<\/tr>\n<tr>\n<th>Type de cha\u00eene<\/th>\n<td>Cha\u00eene Rolo<\/td>\n<\/tr>\n<tr>\n<th>Longueur de cha\u00eene<\/th>\n<td>14&#8243;,16&#8243;,18&#8243;,20&#8243;,22&#8243;<\/td>\n<\/tr>\n<tr>\n<th>Mat\u00e9riel<\/th>\n<td>Argent sterling 925<\/td>\n<\/tr>\n<\/tbody>\n<\/table>\n<p>Cr\u00e9\u00e9 en argent sterling, ce charmant collier coeur entrelac\u00e9 peut ajouter une touche sp\u00e9ciale d&#039;amour \u00e0 votre look. Les coeurs s&#039;imbriquent les uns dans les autres et chacun est orn\u00e9 de d\u00e9tails et de pierres de naissance chatoyantes. Choisissez le nom et la pierre de naissance de chaque c\u0153ur pour un look compl\u00e8tement unique. C&#039;est un cadeau parfait pour votre femme, votre petite amie, une maman qui peut garder ses proches pr\u00e8s d&#039;elle m\u00eame lorsqu&#039;ils sont loin. Rendez sa journ\u00e9e sp\u00e9ciale avec ce collier coeurs personnalis\u00e9!<\/p>\n<\/div>","protected":false},"excerpt":{"rendered":"<p>Item specifics: Style Personalized Necklace Hook Single Hook\/Double Hooks Chain type Rolo Chain Chain Length 14&#8243;,16&#8243;,18&#8243;,20&#8243;,22&#8243; Material Sterling Silver 925 Created in sterling silver, this charming intertwined heart necklace can add a special touch of love to your look. The hearts interlock with each other and each adorned with detailing and shimmering birthstone. Choose the [&#8230;]","protected":false},"featured_media":1815,"comment_status":"open","ping_status":"closed","template":"","meta":[],"product_brand":[],"product_cat":[94,78],"product_tag":[],"class_list":{"0":"post-1814","1":"product","2":"type-product","3":"status-publish","4":"has-post-thumbnail","6":"product_cat-heart-necklace","7":"product_cat-moms-necklaces","8":"tm-has-options","10":"first","11":"instock","12":"sale","13":"shipping-taxable","14":"purchasable","15":"product-type-simple"},"_links":{"self":[{"href":"https:\/\/julity.com\/fr\/wp-json\/wp\/v2\/product\/1814","targetHints":{"allow":["GET"]}}],"collection":[{"href":"https:\/\/julity.com\/fr\/wp-json\/wp\/v2\/product"}],"about":[{"href":"https:\/\/julity.com\/fr\/wp-json\/wp\/v2\/types\/product"}],"replies":[{"embeddable":true,"href":"https:\/\/julity.com\/fr\/wp-json\/wp\/v2\/comments?post=1814"}],"wp:featuredmedia":[{"embeddable":true,"href":"https:\/\/julity.com\/fr\/wp-json\/wp\/v2\/media\/1815"}],"wp:attachment":[{"href":"https:\/\/julity.com\/fr\/wp-json\/wp\/v2\/media?parent=1814"}],"wp:term":[{"taxonomy":"product_brand","embeddable":true,"href":"https:\/\/julity.com\/fr\/wp-json\/wp\/v2\/product_brand?post=1814"},{"taxonomy":"product_cat","embeddable":true,"href":"https:\/\/julity.com\/fr\/wp-json\/wp\/v2\/product_cat?post=1814"},{"taxonomy":"product_tag","embeddable":true,"href":"https:\/\/julity.com\/fr\/wp-json\/wp\/v2\/product_tag?post=1814"}],"curies":[{"name":"wp","href":"https:\/\/api.w.org\/{rel}","templated":true}]}}