{"id":2105,"date":"2020-12-07T06:37:58","date_gmt":"2020-12-07T10:37:58","guid":{"rendered":"https:\/\/julity.com\/?post_type=product&#038;p=2105"},"modified":"2025-12-02T05:29:25","modified_gmt":"2025-12-02T12:29:25","slug":"christmas-gifts-for-mom-birthstone-necklace-for-mom","status":"publish","type":"product","link":"https:\/\/julity.com\/fr\/product\/christmas-gifts-for-mom-birthstone-necklace-for-mom\/","title":{"rendered":"Colliers de pierre de naissance du c\u0153ur en 925 argent sterling"},"content":{"rendered":"<div class=\"item-attr-title\">\n<h3>Caract\u00e9ristiques de l&#039;objet:<\/h3>\n<\/div>\n<div>\n<table class=\"table table-striped\">\n<tbody>\n<tr>\n<th>Style<\/th>\n<td>Collier coeur<\/td>\n<\/tr>\n<tr>\n<th>Taille du pendentif<\/th>\n<td>Hauteur: 25,5 mm (1 pouce), largeur: 25,5 mm (1 pouce), taille de la pierre de naissance: 2,5 mm (0,1 pouce)<\/td>\n<\/tr>\n<tr>\n<th>Crochet<\/th>\n<td>Crochet simple<\/td>\n<\/tr>\n<tr>\n<th>Type de cha\u00eene<\/th>\n<td>Cha\u00eene Rolo<\/td>\n<\/tr>\n<tr>\n<th>Mat\u00e9riel<\/th>\n<td>Argent sterling 925<\/td>\n<\/tr>\n<tr>\n<th>\u00c9paisseur<\/th>\n<td>4 MM (0,16 pouce)<\/td>\n<\/tr>\n<\/tbody>\n<\/table>\n<p>Pierre de naissance:<img decoding=\"async\" src=\"\/\/julity.com\/wp-content\/uploads\/2021\/10\/stone.jpg\" alt=\"\" \/><br \/>\n<!--StartFragment --><\/p>\n<div><\/div>\n<p>\u2022D\u00e9tails du design : le collier de pierres de naissance en forme de c\u0153ur de Gift est orn\u00e9 de 2 \u00e0 4 pierres de naissance, de noms personnalis\u00e9s, magnifiquement orn\u00e9s de plusieurs cristaux transparents \u00e9tincelants.<\/p>\n<p>\u2022 Design Inspiration: la forme du c\u0153ur est un \u00e9l\u00e9ment populaire et classique pour toujours. Le design torsad\u00e9 est comme deux personnes amoureuses s'embrassant, ce qui souligne son attrait intemporel<\/p>\n<p>\u2022 Occasion de cadeau: Saint Valentin, anniversaire, No\u00ebl, anniversaire de petite amie, etc.<\/p>\n<p>\u2022 R\u00e9cipiendaire du cadeau: \u00e9pouse, s\u0153urs, BBF, amant, maman, se faire plaisir, etc.<\/p>\n<p>\u2022 Ce produit unique et sinc\u00e8re est emball\u00e9 avec une belle bo\u00eete et pr\u00eat \u00e0 \u00eatre offert.<\/p>\n<p>Remarque: la premi\u00e8re lettre du nom ou du mot est en majuscule par d\u00e9faut.<\/p>\n<\/div>\n<p><!--more--><\/p>","protected":false},"excerpt":{"rendered":"<p>Item specifics: Style Heart Necklace Pendant Size Height: 25.5MM(1INCH), Width: 25.5MM(1INCH), Birthstone Size: 2.5MM(0.1INCH) Hook Single Hook Chain type Rolo Chain Material Sterling Silver 925 Thickness 4MM(0.16INCH) Birthstone: \u2022Design Details: the heart birthstone necklace by Gift is adorned with 2-4 birthstones, names customized, beautifully embellished with several sparkling clear crystals. \u2022Design Inspiration: heart shape is [&#8230;]","protected":false},"featured_media":390053,"comment_status":"open","ping_status":"closed","template":"","meta":[],"product_brand":[],"product_cat":[82,90,86,91,84],"product_tag":[125,114,119],"class_list":{"0":"post-2105","1":"product","2":"type-product","3":"status-publish","4":"has-post-thumbnail","6":"product_cat-18k-gold-plated","7":"product_cat-gifts-for-couples","8":"product_cat-gifts-for-mom","9":"product_cat-gifts-for-teens","10":"product_cat-new-arrivals","11":"product_tag-emailshow","12":"product_tag-new","13":"product_tag-new2021","14":"tm-has-options","16":"first","17":"instock","18":"sale","19":"shipping-taxable","20":"purchasable","21":"product-type-simple"},"_links":{"self":[{"href":"https:\/\/julity.com\/fr\/wp-json\/wp\/v2\/product\/2105","targetHints":{"allow":["GET"]}}],"collection":[{"href":"https:\/\/julity.com\/fr\/wp-json\/wp\/v2\/product"}],"about":[{"href":"https:\/\/julity.com\/fr\/wp-json\/wp\/v2\/types\/product"}],"replies":[{"embeddable":true,"href":"https:\/\/julity.com\/fr\/wp-json\/wp\/v2\/comments?post=2105"}],"wp:featuredmedia":[{"embeddable":true,"href":"https:\/\/julity.com\/fr\/wp-json\/wp\/v2\/media\/390053"}],"wp:attachment":[{"href":"https:\/\/julity.com\/fr\/wp-json\/wp\/v2\/media?parent=2105"}],"wp:term":[{"taxonomy":"product_brand","embeddable":true,"href":"https:\/\/julity.com\/fr\/wp-json\/wp\/v2\/product_brand?post=2105"},{"taxonomy":"product_cat","embeddable":true,"href":"https:\/\/julity.com\/fr\/wp-json\/wp\/v2\/product_cat?post=2105"},{"taxonomy":"product_tag","embeddable":true,"href":"https:\/\/julity.com\/fr\/wp-json\/wp\/v2\/product_tag?post=2105"}],"curies":[{"name":"wp","href":"https:\/\/api.w.org\/{rel}","templated":true}]}}