{"id":300611,"date":"2023-02-24T22:34:54","date_gmt":"2023-02-25T05:34:54","guid":{"rendered":"https:\/\/julity.com\/?post_type=product&#038;p=300611"},"modified":"2025-06-21T01:19:48","modified_gmt":"2025-06-21T08:19:48","slug":"love-heart-necklace-with-double-names-birthstones","status":"publish","type":"product","link":"https:\/\/julity.com\/fr\/product\/love-heart-necklace-with-double-names-birthstones\/","title":{"rendered":"Collier Coeur d'Amour avec Double Pr\u00e9noms et Pierres de Naissance"},"content":{"rendered":"<div class=\"item-attr-title\">\n<h3>Caract\u00e9ristiques de l&#039;objet:<\/h3>\n<\/div>\n<div>\n<table class=\"table table-striped\">\n<tbody>\n<tr>\n<th>Style<\/th>\n<td> Collier coeur<\/td>\n<\/tr>\n<tr>\n<th>Taille du pendentif<\/th>\n<td>Hauteur: 25,5 mm (1 pouce), largeur: 25,5 mm (1 pouce), taille de la pierre de naissance: 2,5 mm (0,1 pouce)<\/td>\n<\/tr>\n<tr>\n<th>Crochet<\/th>\n<td>Crochet simple<\/td>\n<\/tr>\n<tr>\n<th>Type de cha\u00eene<\/th>\n<td>Cha\u00eene Rolo<\/td>\n<\/tr>\n<tr>\n<th>Mat\u00e9riel<\/th>\n<td>Argent sterling 925<\/td>\n<\/tr>\n<tr>\n<th>\u00c9paisseur<\/th>\n<td>4 MM (0,16 pouce)<\/td>\n<\/tr>\n<\/tbody>\n<\/table>\n<p>Pierre de naissance:<img decoding=\"async\" src=\"\/\/julity.com\/wp-content\/uploads\/2021\/10\/stone.jpg\" alt=\"\" \/><br \/>\n<!--StartFragment --><\/p>\n<div><\/div>\n<p>Collier c\u0153ur grav\u00e9 avec pierre de naissance \u2013 Cadeau personnalis\u00e9 pour elle. Ce joli collier de pierres de naissance pr\u00e9sente des pierres de naissance en forme de c\u0153ur de votre choix pour symboliser votre amour. Vous pouvez personnaliser en gravant les pr\u00e9noms de vos proches. Gravez jusqu'\u00e0 1 \u00e0 6 noms avec 1 \u00e0 6 pierres de naissance de votre choix dans ce bijou personnalis\u00e9. Le collier personnalis\u00e9 est fabriqu\u00e9 en argent sterling. Le collier pr\u00e9sente un excellent design et le pendentif est con\u00e7u en forme de c\u0153ur avec des pierres de naissance offrant un effet visuel \u00e9tonnant. Destinataire : Maman, petite amie, \u00e9pouse, fille. Type de cadeau : colliers avec pierre de naissance. Occasions F\u00eate des M\u00e8res, Saint Valentin, No\u00ebl, Anniversaire, etc. Type de personnalisation : nom, message, date. <\/p>","protected":false},"excerpt":{"rendered":"<p>Item specifics: Style Heart Necklace Pendant Size Height: 25.5MM(1INCH), Width: 25.5MM(1INCH), Birthstone Size: 2.5MM(0.1INCH) Hook Single Hook Chain type Rolo Chain Material Sterling Silver 925 Thickness 4MM(0.16INCH) Birthstone: Engraved Heart Necklace with Birthstone &#8211; Personalized Gift for Her. This lovely birthstone necklace features heart-shaped birthstones of your choice to symbolise your love. You may personalize [&#8230;]","protected":false},"featured_media":300676,"comment_status":"open","ping_status":"closed","template":"","meta":[],"product_brand":[],"product_cat":[15],"product_tag":[114,119,124],"class_list":{"0":"post-300611","1":"product","2":"type-product","3":"status-publish","4":"has-post-thumbnail","6":"product_cat-uncategorized","7":"product_tag-new","8":"product_tag-new2021","9":"product_tag-new2023","10":"tm-has-options","12":"first","13":"instock","14":"sale","15":"shipping-taxable","16":"purchasable","17":"product-type-simple"},"_links":{"self":[{"href":"https:\/\/julity.com\/fr\/wp-json\/wp\/v2\/product\/300611","targetHints":{"allow":["GET"]}}],"collection":[{"href":"https:\/\/julity.com\/fr\/wp-json\/wp\/v2\/product"}],"about":[{"href":"https:\/\/julity.com\/fr\/wp-json\/wp\/v2\/types\/product"}],"replies":[{"embeddable":true,"href":"https:\/\/julity.com\/fr\/wp-json\/wp\/v2\/comments?post=300611"}],"wp:featuredmedia":[{"embeddable":true,"href":"https:\/\/julity.com\/fr\/wp-json\/wp\/v2\/media\/300676"}],"wp:attachment":[{"href":"https:\/\/julity.com\/fr\/wp-json\/wp\/v2\/media?parent=300611"}],"wp:term":[{"taxonomy":"product_brand","embeddable":true,"href":"https:\/\/julity.com\/fr\/wp-json\/wp\/v2\/product_brand?post=300611"},{"taxonomy":"product_cat","embeddable":true,"href":"https:\/\/julity.com\/fr\/wp-json\/wp\/v2\/product_cat?post=300611"},{"taxonomy":"product_tag","embeddable":true,"href":"https:\/\/julity.com\/fr\/wp-json\/wp\/v2\/product_tag?post=300611"}],"curies":[{"name":"wp","href":"https:\/\/api.w.org\/{rel}","templated":true}]}}