{"id":390070,"date":"2023-10-19T23:45:06","date_gmt":"2023-10-20T06:45:06","guid":{"rendered":"https:\/\/julity.com\/?post_type=product&#038;p=390070"},"modified":"2023-12-05T00:15:22","modified_gmt":"2023-12-05T07:15:22","slug":"3d6name","status":"publish","type":"product","link":"https:\/\/julity.com\/fr\/product\/3d6name\/","title":{"rendered":"Collier de coeur de famille de pierre de naissance de noms 3D"},"content":{"rendered":"<div class=\"item-attr-title\">\n<h3>Caract\u00e9ristiques de l&#039;objet:<\/h3>\n<\/div>\n<div>\n<table class=\"table table-striped\">\n<tbody>\n<tr>\n<th>Style<\/th>\n<td> Collier coeur<\/td>\n<\/tr>\n<tr>\n<th>Taille du pendentif<\/th>\n<td>Hauteur: 25,5 mm (1 pouce), largeur: 25,5 mm (1 pouce), taille de la pierre de naissance: 2,5 mm (0,1 pouce)<\/td>\n<\/tr>\n<tr>\n<th>Crochet<\/th>\n<td>Crochet simple<\/td>\n<\/tr>\n<tr>\n<th>Type de cha\u00eene<\/th>\n<td>Cha\u00eene Rolo<\/td>\n<\/tr>\n<tr>\n<th>Mat\u00e9riel<\/th>\n<td>Argent sterling 925<\/td>\n<\/tr>\n<tr>\n<th>\u00c9paisseur<\/th>\n<td>4 MM (0,16 pouce)<\/td>\n<\/tr>\n<\/tbody>\n<\/table>\n<p>Pierre de naissance:<img decoding=\"async\" src=\"\/\/julity.com\/wp-content\/uploads\/2021\/10\/stone.jpg\" alt=\"\" \/><br \/>\n<!--StartFragment --><\/p>\n<div><\/div>\n<p>Honorez votre m\u00e8re avec ce collier personnalis\u00e9 en forme de c\u0153ur de maman ! Il peut \u00eatre grav\u00e9 avec les noms et les pierres de naissance de tous ses enfants et lui donne de la compagnie partout o\u00f9 elle va. Avec les noms personnalis\u00e9s de tous ses enfants grav\u00e9s autour du pendentif en forme de c\u0153ur, ce collier fera un cadeau significatif pour une maman qui le ch\u00e9rira pour toujours ! Personnalisez le collier Mama avec les noms de votre famille et montrez \u00e0 votre maman combien vous l'aimez !<\/p>","protected":false},"excerpt":{"rendered":"<p>Item specifics: Style Heart Necklace Pendant Size Height: 25.5MM(1INCH), Width: 25.5MM(1INCH), Birthstone Size: 2.5MM(0.1INCH) Hook Single Hook Chain type Rolo Chain Material Sterling Silver 925 Thickness 4MM(0.16INCH) Birthstone: Honor your mother with this personalized mom\u2019s heart necklace! This family can be engraved with the names and birthstones of all her children and gives her companionship [&#8230;]","protected":false},"featured_media":390073,"comment_status":"open","ping_status":"closed","template":"","meta":[],"product_brand":[],"product_cat":[82,90,86,91,84],"product_tag":[114,119],"class_list":{"0":"post-390070","1":"product","2":"type-product","3":"status-publish","4":"has-post-thumbnail","6":"product_cat-18k-gold-plated","7":"product_cat-gifts-for-couples","8":"product_cat-gifts-for-mom","9":"product_cat-gifts-for-teens","10":"product_cat-new-arrivals","11":"product_tag-new","12":"product_tag-new2021","13":"tm-has-options","15":"first","16":"instock","17":"sale","18":"shipping-taxable","19":"purchasable","20":"product-type-simple"},"_links":{"self":[{"href":"https:\/\/julity.com\/fr\/wp-json\/wp\/v2\/product\/390070","targetHints":{"allow":["GET"]}}],"collection":[{"href":"https:\/\/julity.com\/fr\/wp-json\/wp\/v2\/product"}],"about":[{"href":"https:\/\/julity.com\/fr\/wp-json\/wp\/v2\/types\/product"}],"replies":[{"embeddable":true,"href":"https:\/\/julity.com\/fr\/wp-json\/wp\/v2\/comments?post=390070"}],"wp:featuredmedia":[{"embeddable":true,"href":"https:\/\/julity.com\/fr\/wp-json\/wp\/v2\/media\/390073"}],"wp:attachment":[{"href":"https:\/\/julity.com\/fr\/wp-json\/wp\/v2\/media?parent=390070"}],"wp:term":[{"taxonomy":"product_brand","embeddable":true,"href":"https:\/\/julity.com\/fr\/wp-json\/wp\/v2\/product_brand?post=390070"},{"taxonomy":"product_cat","embeddable":true,"href":"https:\/\/julity.com\/fr\/wp-json\/wp\/v2\/product_cat?post=390070"},{"taxonomy":"product_tag","embeddable":true,"href":"https:\/\/julity.com\/fr\/wp-json\/wp\/v2\/product_tag?post=390070"}],"curies":[{"name":"wp","href":"https:\/\/api.w.org\/{rel}","templated":true}]}}