{"id":410610,"date":"2026-02-18T04:57:45","date_gmt":"2026-02-18T08:57:45","guid":{"rendered":"https:\/\/julity.com\/?post_type=product&#038;p=410610"},"modified":"2026-02-18T07:15:44","modified_gmt":"2026-02-18T11:15:44","slug":"personalized-sterling-silver-men-single-strand-thick-leather-bracelet-1","status":"publish","type":"product","link":"https:\/\/julity.com\/fr\/product\/personalized-sterling-silver-men-single-strand-thick-leather-bracelet-1\/","title":{"rendered":"Bracelet en cuir \u00e9pais \u00e0 brin unique pour hommes en argent sterling personnalis\u00e9"},"content":{"rendered":"<p>Ce bracelet personnalis\u00e9 fait main est compos\u00e9 de cuir de haute qualit\u00e9 et de perles d'argent personnalisables, ce qui en fait un cadeau unique et attentionn\u00e9 pour votre conjoint, un ami ou un membre de votre famille. De plus, ce sont de merveilleux cadeaux pour les anniversaires, No\u00ebl, la Saint-Valentin, la f\u00eate des m\u00e8res, la f\u00eate des p\u00e8res et d'autres occasions sp\u00e9ciales.<br \/>\nCe bracelet personnalis\u00e9 comporte une bande joliment tress\u00e9e qui se ferme avec un fermoir magn\u00e9tique robuste.<\/p>\n<p>Les d\u00e9tails personnalis\u00e9s font du bracelet homme avec de petites perles personnalis\u00e9es en argent un atout majeur. Ce bracelet personnalis\u00e9 comporte une bande joliment tress\u00e9e qui se ferme avec un fermoir en argent robuste. Les perles circulaires ajoutent un contraste agr\u00e9able et sont grav\u00e9es sur commande. Ce bracelet est fabriqu\u00e9 avec des composants de qualit\u00e9 dont de l'argent sterling. Il comporte:<\/p>\n<ul>\n<li>Mat\u00e9riau: bracelet en tresse en cuir v\u00e9ritable en argent sterling 0.925<\/li>\n<li>Taille des perles: 9,8 * 4,8 MM (0,38 * 0,18 pouces)<\/li>\n<li>\u00c9paisseur de perle: 0,8 mm (0,03 pouce)<\/li>\n<li>Chaque perle peut \u00eatre grav\u00e9e avec un nom personnalis\u00e9<\/li>\n<\/ul>\n<p><img decoding=\"async\" src=\"https:\/\/julity.com\/wp-content\/uploads\/2024\/05\/brace-szsie.jpg\" alt=\"size\" \/><\/p>","protected":false},"excerpt":{"rendered":"<p>This handmade personalized bracelet is made of high quality leather and customizable silver beads, making it a unique and thoughtful gift for your spouse, a friend, or a member of your family. Additionally, these are wonderful presents for birthdays, Christmas, Valentine&#8217;s Day, Mother&#8217;s Day, Father&#8217;s Day, and other special occasions. This personalized bracelet features a [&#8230;]","protected":false},"featured_media":390310,"comment_status":"open","ping_status":"closed","template":"","meta":[],"product_brand":[],"product_cat":[101],"product_tag":[115],"class_list":{"0":"post-410610","1":"product","2":"type-product","3":"status-publish","4":"has-post-thumbnail","6":"product_cat-name-bracelets","7":"product_tag-bracelets","8":"tm-no-options","10":"first","11":"instock","12":"sale","13":"shipping-taxable","14":"purchasable","15":"product-type-simple"},"_links":{"self":[{"href":"https:\/\/julity.com\/fr\/wp-json\/wp\/v2\/product\/410610","targetHints":{"allow":["GET"]}}],"collection":[{"href":"https:\/\/julity.com\/fr\/wp-json\/wp\/v2\/product"}],"about":[{"href":"https:\/\/julity.com\/fr\/wp-json\/wp\/v2\/types\/product"}],"replies":[{"embeddable":true,"href":"https:\/\/julity.com\/fr\/wp-json\/wp\/v2\/comments?post=410610"}],"wp:featuredmedia":[{"embeddable":true,"href":"https:\/\/julity.com\/fr\/wp-json\/wp\/v2\/media\/390310"}],"wp:attachment":[{"href":"https:\/\/julity.com\/fr\/wp-json\/wp\/v2\/media?parent=410610"}],"wp:term":[{"taxonomy":"product_brand","embeddable":true,"href":"https:\/\/julity.com\/fr\/wp-json\/wp\/v2\/product_brand?post=410610"},{"taxonomy":"product_cat","embeddable":true,"href":"https:\/\/julity.com\/fr\/wp-json\/wp\/v2\/product_cat?post=410610"},{"taxonomy":"product_tag","embeddable":true,"href":"https:\/\/julity.com\/fr\/wp-json\/wp\/v2\/product_tag?post=410610"}],"curies":[{"name":"wp","href":"https:\/\/api.w.org\/{rel}","templated":true}]}}