{"id":535,"date":"2018-11-09T09:27:00","date_gmt":"2018-11-09T14:27:00","guid":{"rendered":"https:\/\/www.leryca.com\/product\/vertical-infinity-name-necklace-with-birthstones-rose-gold-plated\/"},"modified":"2020-05-19T04:45:59","modified_gmt":"2020-05-19T08:45:59","slug":"vertical-infinity-name-necklace-with-birthstones-rose-gold-plated","status":"publish","type":"product","link":"https:\/\/julity.com\/fr\/product\/vertical-infinity-name-necklace-with-birthstones-rose-gold-plated\/","title":{"rendered":"Collier Pr\u00e9nom Infini Vertical avec Pierres de Naissance Plaqu\u00e9 Or Rose"},"content":{"rendered":"<p>Les colliers pr\u00e9noms sont un must pour toutes les femmes \u00e0 la mode. Ils ont une sensation amusante et personnalis\u00e9e pour eux. De plus, les colliers pr\u00e9nom julity sont suffisamment polyvalents pour \u00eatre port\u00e9s au quotidien. Enfilez-les seuls ou superposez-les pour un look plus audacieux. Selon le style que vous obtenez, vous pouvez personnaliser les pi\u00e8ces de julity avec des initiales, un nom ou deux noms. Il existe des colliers infinis personnalis\u00e9s, des colliers r\u00e9tro avec plaque signal\u00e9tique et des colliers de bar modernes. En plus d&#039;obtenir votre propre nom, d&#039;autres options seraient d&#039;obtenir le nom d&#039;un petit ami, d&#039;une meilleure amie, d&#039;un animal de compagnie, d&#039;un parent ou m\u00eame d&#039;un mot pr\u00e9f\u00e9r\u00e9 que vous utilisez pour vous inspirer.<\/p>","protected":false},"excerpt":{"rendered":"<p>Name necklaces are a must for every fashionable woman. They have a fun and personalized feel to them. In addition, julity name necklaces are versatile enough for everyday wear. Slip them on alone or layer them up for a bolder look. Depending on which style you get, you can customize julity pieces with initials, one [&#8230;]","protected":false},"featured_media":536,"comment_status":"open","ping_status":"closed","template":"","meta":[],"product_brand":[],"product_cat":[83,86,85,87,78],"product_tag":[],"class_list":{"0":"post-535","1":"product","2":"type-product","3":"status-publish","4":"has-post-thumbnail","6":"product_cat-18k-rose-gold","7":"product_cat-gifts-for-mom","8":"product_cat-gifts-for-your-love","9":"product_cat-infinity-name-necklaces","10":"product_cat-moms-necklaces","11":"tm-has-options","13":"first","14":"instock","15":"sale","16":"shipping-taxable","17":"purchasable","18":"product-type-simple"},"_links":{"self":[{"href":"https:\/\/julity.com\/fr\/wp-json\/wp\/v2\/product\/535","targetHints":{"allow":["GET"]}}],"collection":[{"href":"https:\/\/julity.com\/fr\/wp-json\/wp\/v2\/product"}],"about":[{"href":"https:\/\/julity.com\/fr\/wp-json\/wp\/v2\/types\/product"}],"replies":[{"embeddable":true,"href":"https:\/\/julity.com\/fr\/wp-json\/wp\/v2\/comments?post=535"}],"wp:featuredmedia":[{"embeddable":true,"href":"https:\/\/julity.com\/fr\/wp-json\/wp\/v2\/media\/536"}],"wp:attachment":[{"href":"https:\/\/julity.com\/fr\/wp-json\/wp\/v2\/media?parent=535"}],"wp:term":[{"taxonomy":"product_brand","embeddable":true,"href":"https:\/\/julity.com\/fr\/wp-json\/wp\/v2\/product_brand?post=535"},{"taxonomy":"product_cat","embeddable":true,"href":"https:\/\/julity.com\/fr\/wp-json\/wp\/v2\/product_cat?post=535"},{"taxonomy":"product_tag","embeddable":true,"href":"https:\/\/julity.com\/fr\/wp-json\/wp\/v2\/product_tag?post=535"}],"curies":[{"name":"wp","href":"https:\/\/api.w.org\/{rel}","templated":true}]}}