{"id":596,"date":"2018-11-09T13:28:00","date_gmt":"2018-11-09T18:28:00","guid":{"rendered":"https:\/\/www.leryca.com\/product\/custom-couple-name-tag-necklace-with-birthstones\/"},"modified":"2020-05-19T04:40:45","modified_gmt":"2020-05-19T08:40:45","slug":"custom-couple-name-tag-necklace-with-birthstones","status":"publish","type":"product","link":"https:\/\/julity.com\/fr\/product\/custom-couple-name-tag-necklace-with-birthstones\/","title":{"rendered":"Collier porte-nom de couple personnalis\u00e9 avec pierres de naissance"},"content":{"rendered":"<p>Ajoutez quelque chose de tr\u00e8s sp\u00e9cial \u00e0 votre bo\u00eete \u00e0 bijoux avec des colliers \u00e0 graver julity. Il existe une multitude de superbes designs qui peuvent \u00eatre personnalis\u00e9s avec un nom, deux pr\u00e9noms ou m\u00eame des mots inspirants que vous aimez. julity propose des bijoux \u00e0 graver abordables qui ne feront pas sauter la banque. De plus, ces pi\u00e8ces constituent des cadeaux tr\u00e8s attentionn\u00e9s et appr\u00e9ci\u00e9s pour les amis et la famille. Offrez-les \u00e0 quelqu'un qui c\u00e9l\u00e8bre un anniversaire, une remise de dipl\u00f4me, une f\u00eate pr\u00e9natale ou un anniversaire. Les finitions sont magnifiquement polies pour que la brillance qui s'en d\u00e9gage soit tr\u00e8s intense. Il y a de tout, des colliers \u00e0 pendentif circulaire et des colliers \u00e0 double barre aux colliers \u00e0 empreintes de pas et aux colliers \u00e0 breloques pour enfants.<\/p>","protected":false},"excerpt":{"rendered":"<p>Add something extra special to your jewelry box with julity engravable necklaces. There are a plethora of gorgeous designs that can be customized with a name, two names, or even inspirational words that you love. julity provides affordable engravable jewelry that won\u2019t break the bank. In addition, these pieces make for very thoughtful and appreciated [&#8230;]","protected":false},"featured_media":597,"comment_status":"open","ping_status":"closed","template":"","meta":[],"product_brand":[],"product_cat":[89,90,85,78],"product_tag":[],"class_list":{"0":"post-596","1":"product","2":"type-product","3":"status-publish","4":"has-post-thumbnail","6":"product_cat-bar-necklaces","7":"product_cat-gifts-for-couples","8":"product_cat-gifts-for-your-love","9":"product_cat-moms-necklaces","10":"tm-has-options","12":"first","13":"instock","14":"sale","15":"shipping-taxable","16":"purchasable","17":"product-type-simple"},"_links":{"self":[{"href":"https:\/\/julity.com\/fr\/wp-json\/wp\/v2\/product\/596","targetHints":{"allow":["GET"]}}],"collection":[{"href":"https:\/\/julity.com\/fr\/wp-json\/wp\/v2\/product"}],"about":[{"href":"https:\/\/julity.com\/fr\/wp-json\/wp\/v2\/types\/product"}],"replies":[{"embeddable":true,"href":"https:\/\/julity.com\/fr\/wp-json\/wp\/v2\/comments?post=596"}],"wp:featuredmedia":[{"embeddable":true,"href":"https:\/\/julity.com\/fr\/wp-json\/wp\/v2\/media\/597"}],"wp:attachment":[{"href":"https:\/\/julity.com\/fr\/wp-json\/wp\/v2\/media?parent=596"}],"wp:term":[{"taxonomy":"product_brand","embeddable":true,"href":"https:\/\/julity.com\/fr\/wp-json\/wp\/v2\/product_brand?post=596"},{"taxonomy":"product_cat","embeddable":true,"href":"https:\/\/julity.com\/fr\/wp-json\/wp\/v2\/product_cat?post=596"},{"taxonomy":"product_tag","embeddable":true,"href":"https:\/\/julity.com\/fr\/wp-json\/wp\/v2\/product_tag?post=596"}],"curies":[{"name":"wp","href":"https:\/\/api.w.org\/{rel}","templated":true}]}}