{"id":624,"date":"2018-11-09T14:04:00","date_gmt":"2018-11-09T19:04:00","guid":{"rendered":"https:\/\/www.leryca.com\/product\/monogram-necklace-silver\/"},"modified":"2020-05-19T04:38:42","modified_gmt":"2020-05-19T08:38:42","slug":"monogram-necklace-silver","status":"publish","type":"product","link":"https:\/\/julity.com\/fr\/product\/monogram-necklace-silver\/","title":{"rendered":"Collier Monogramme Argent"},"content":{"rendered":"<p>\u00c9l\u00e9gants et royaux, les colliers de monogramme julity se d\u00e9clinent en tant d&#039;incarnations fantastiques. Il en existe de magnifiques en or jaune, en argent \u00e9l\u00e9gant et en or rose. Les surfaces sont magnifiquement polies pour une belle brillance. \u00c9tant donn\u00e9 que ces colliers permettent plus d&#039;une lettre, certaines id\u00e9es de ce qu&#039;il faut y inclure incluent des initiales, des mots courts et m\u00eame des acronymes. Soyez cr\u00e9atif avec ces colliers \u00e9l\u00e9gants! Ils font de merveilleux cadeaux pour les amis de votre vie que vous souhaitez pr\u00e9senter avec quelque chose de tr\u00e8s sp\u00e9cial. Avec votre BFF ou vos enfants, vous pourriez m\u00eame obtenir des colliers monogrammes assortis \u00e0 porter ensemble. \u00c0 quel point serait-ce incroyablement doux et attachant?<\/p>","protected":false},"excerpt":{"rendered":"<p>Elegant and regal, julity monogram necklaces come in so many fantastic incarnations. There are gorgeous yellow gold ones, sleek silver ones, and pretty rose gold ones. The surfaces are beautifully polished for a nice shine. Since these necklaces allow for more than one letter, some ideas of what to get on them include initials, short [&#8230;]","protected":false},"featured_media":625,"comment_status":"open","ping_status":"closed","template":"","meta":[],"product_brand":[],"product_cat":[78,93,81],"product_tag":[],"class_list":{"0":"post-624","1":"product","2":"type-product","3":"status-publish","4":"has-post-thumbnail","6":"product_cat-moms-necklaces","7":"product_cat-monogram-necklaces","8":"product_cat-sterling-silver","9":"tm-has-options","11":"first","12":"instock","13":"sale","14":"shipping-taxable","15":"purchasable","16":"product-type-simple"},"_links":{"self":[{"href":"https:\/\/julity.com\/fr\/wp-json\/wp\/v2\/product\/624","targetHints":{"allow":["GET"]}}],"collection":[{"href":"https:\/\/julity.com\/fr\/wp-json\/wp\/v2\/product"}],"about":[{"href":"https:\/\/julity.com\/fr\/wp-json\/wp\/v2\/types\/product"}],"replies":[{"embeddable":true,"href":"https:\/\/julity.com\/fr\/wp-json\/wp\/v2\/comments?post=624"}],"wp:featuredmedia":[{"embeddable":true,"href":"https:\/\/julity.com\/fr\/wp-json\/wp\/v2\/media\/625"}],"wp:attachment":[{"href":"https:\/\/julity.com\/fr\/wp-json\/wp\/v2\/media?parent=624"}],"wp:term":[{"taxonomy":"product_brand","embeddable":true,"href":"https:\/\/julity.com\/fr\/wp-json\/wp\/v2\/product_brand?post=624"},{"taxonomy":"product_cat","embeddable":true,"href":"https:\/\/julity.com\/fr\/wp-json\/wp\/v2\/product_cat?post=624"},{"taxonomy":"product_tag","embeddable":true,"href":"https:\/\/julity.com\/fr\/wp-json\/wp\/v2\/product_tag?post=624"}],"curies":[{"name":"wp","href":"https:\/\/api.w.org\/{rel}","templated":true}]}}