{"id":858,"date":"2018-11-09T17:56:00","date_gmt":"2018-11-09T22:56:00","guid":{"rendered":"https:\/\/www.leryca.com\/product\/custom-double-heart-engraved-name-bracelet-in-gold\/"},"modified":"2020-05-19T04:34:50","modified_gmt":"2020-05-19T08:34:50","slug":"custom-double-heart-engraved-name-bracelet-in-gold","status":"publish","type":"product","link":"https:\/\/julity.com\/fr\/product\/custom-double-heart-engraved-name-bracelet-in-gold\/","title":{"rendered":"Bracelet Pr\u00e9nom Grav\u00e9 Double C\u0153ur Personnalis\u00e9 En Or"},"content":{"rendered":"<p>Les bracelets porte-nom sont \u00e0 la mode et constituent un excellent moyen de montrer quelque chose de personnel et d&#039;unique. Gardez \u00e0 l&#039;esprit que vous n&#039;avez pas \u00e0 personnaliser les bracelets julity avec un nom. Vous pouvez \u00e9galement y ajouter un mot pr\u00e9f\u00e9r\u00e9 pour vous inspirer tout au long de la journ\u00e9e. En plus des finitions argent\u00e9es, des options en or jaune et en or rose sont \u00e9galement disponibles. M\u00e9langez et assortissez les m\u00e9taux pour cr\u00e9er votre propre cr\u00e9ation empil\u00e9e unique et color\u00e9e. Des bracelets de nom comme celui-ci constitueraient \u00e9galement de fantastiques options de cadeaux pour les amis et la famille dans votre vie. Parcourez tout, des bracelets porte-nom aux bracelets porte-nom en passant par les poignets porte-nom et les bracelets porte-nom ajustables.<\/p>","protected":false},"excerpt":{"rendered":"<p>Name bracelets are fashion forward and a great way to show off something personal and unique. Keep in mind, you don\u2019t have to customize julity bracelets with a name. You could also get a favorite word on it to bring you some inspiration throughout the day. In addition to silver finishes, yellow gold and rose [&#8230;]","protected":false},"featured_media":859,"comment_status":"open","ping_status":"closed","template":"","meta":[],"product_brand":[],"product_cat":[90,85,103,99],"product_tag":[],"class_list":{"0":"post-858","1":"product","2":"type-product","3":"status-publish","4":"has-post-thumbnail","6":"product_cat-gifts-for-couples","7":"product_cat-gifts-for-your-love","8":"product_cat-love-bracelets","9":"product_cat-mothers-bracelets","10":"tm-has-options","12":"first","13":"instock","14":"sale","15":"shipping-taxable","16":"purchasable","17":"product-type-simple"},"_links":{"self":[{"href":"https:\/\/julity.com\/fr\/wp-json\/wp\/v2\/product\/858","targetHints":{"allow":["GET"]}}],"collection":[{"href":"https:\/\/julity.com\/fr\/wp-json\/wp\/v2\/product"}],"about":[{"href":"https:\/\/julity.com\/fr\/wp-json\/wp\/v2\/types\/product"}],"replies":[{"embeddable":true,"href":"https:\/\/julity.com\/fr\/wp-json\/wp\/v2\/comments?post=858"}],"wp:featuredmedia":[{"embeddable":true,"href":"https:\/\/julity.com\/fr\/wp-json\/wp\/v2\/media\/859"}],"wp:attachment":[{"href":"https:\/\/julity.com\/fr\/wp-json\/wp\/v2\/media?parent=858"}],"wp:term":[{"taxonomy":"product_brand","embeddable":true,"href":"https:\/\/julity.com\/fr\/wp-json\/wp\/v2\/product_brand?post=858"},{"taxonomy":"product_cat","embeddable":true,"href":"https:\/\/julity.com\/fr\/wp-json\/wp\/v2\/product_cat?post=858"},{"taxonomy":"product_tag","embeddable":true,"href":"https:\/\/julity.com\/fr\/wp-json\/wp\/v2\/product_tag?post=858"}],"curies":[{"name":"wp","href":"https:\/\/api.w.org\/{rel}","templated":true}]}}