{"id":1073,"date":"2018-11-14T02:00:00","date_gmt":"2018-11-14T07:00:00","guid":{"rendered":"https:\/\/www.leryca.com\/product\/unisex-rose-goldtone-photo-watch-black-leather-strap\/"},"modified":"2022-12-06T02:09:47","modified_gmt":"2022-12-06T06:09:47","slug":"unisex-rose-goldtone-photo-watch-black-leather-strap","status":"publish","type":"product","link":"https:\/\/julity.com\/it\/product\/unisex-rose-goldtone-photo-watch-black-leather-strap\/","title":{"rendered":"Orologio da donna unisex in oro rosa con cinturino in pelle nera"},"content":{"rendered":"<p>Cassa dell'orologio: lega speciale e vetro, diametro esterno 1,57 pollici\/4,0 cm<br \/>\nCinturino: lega speciale, 7,8 pollici\/20 cm di lunghezza, 0,7 pollici\/1,8 cm di larghezza.<br \/>\nSorprendi la persona amata con un orologio fotografico personalizzato che \u00e8 puramente su misura per adattarsi a qualsiasi personalit\u00e0. L'immagine del design \u00e8 stampata direttamente all'interno della superficie dell'orologio. Una volta effettuato un ordine, potrai vedere in anteprima come apparir\u00e0 sull'orologio. Ricorda che l'immagine ad alta risoluzione uscir\u00e0 meglio dell'anteprima. Questo orologio fotografico personalizzato non pu\u00f2 essere rimborsato una volta avviato il processo di creazione. Un orologio fotografico personalizzato \u00e8 sempre un ottimo regalo e non passer\u00e0 mai di moda. Acquista il tuo oggi!<\/p>\n<div class=\"simple-video-replace\" style=\"display: none;\" data-slide=\"4\"><video preload=\"auto\" controls=\"controls\" width=\"500\" height=\"500\"><source src=\"https:\/\/videos.files.wordpress.com\/5LOzxCNK\/6929551955362578432-1-1_hd.mp4\" source=\"\" \/><\/video><\/div>","protected":false},"excerpt":{"rendered":"<p>Watch Case: Special Alloy and Glass, Outside Diameter 1.57 in\/4.0 cm Watch Band: Special Alloy, 7.8 in\/20 cm in Length, 0.7 in\/1.8 cm in Width. Surprise your loved one with a custom photo watch which is purely custom made to fit any personality. The image of design is directly printed onto the inside of watch [&#8230;]","protected":false},"featured_media":1074,"comment_status":"open","ping_status":"closed","template":"","meta":[],"product_brand":[],"product_cat":[102,112],"product_tag":[],"class_list":{"0":"post-1073","1":"product","2":"type-product","3":"status-publish","4":"has-post-thumbnail","6":"product_cat-gifts-for-him","7":"product_cat-photo-watches","8":"tm-has-options","10":"first","11":"instock","12":"sale","13":"shipping-taxable","14":"purchasable","15":"product-type-simple"},"_links":{"self":[{"href":"https:\/\/julity.com\/it\/wp-json\/wp\/v2\/product\/1073","targetHints":{"allow":["GET"]}}],"collection":[{"href":"https:\/\/julity.com\/it\/wp-json\/wp\/v2\/product"}],"about":[{"href":"https:\/\/julity.com\/it\/wp-json\/wp\/v2\/types\/product"}],"replies":[{"embeddable":true,"href":"https:\/\/julity.com\/it\/wp-json\/wp\/v2\/comments?post=1073"}],"wp:featuredmedia":[{"embeddable":true,"href":"https:\/\/julity.com\/it\/wp-json\/wp\/v2\/media\/1074"}],"wp:attachment":[{"href":"https:\/\/julity.com\/it\/wp-json\/wp\/v2\/media?parent=1073"}],"wp:term":[{"taxonomy":"product_brand","embeddable":true,"href":"https:\/\/julity.com\/it\/wp-json\/wp\/v2\/product_brand?post=1073"},{"taxonomy":"product_cat","embeddable":true,"href":"https:\/\/julity.com\/it\/wp-json\/wp\/v2\/product_cat?post=1073"},{"taxonomy":"product_tag","embeddable":true,"href":"https:\/\/julity.com\/it\/wp-json\/wp\/v2\/product_tag?post=1073"}],"curies":[{"name":"wp","href":"https:\/\/api.w.org\/{rel}","templated":true}]}}