{"id":1137,"date":"2018-11-16T00:41:00","date_gmt":"2018-11-16T05:41:00","guid":{"rendered":"https:\/\/www.leryca.com\/product\/three-disc-necklace-with-rose-gold-plating\/"},"modified":"2020-05-19T04:32:34","modified_gmt":"2020-05-19T08:32:34","slug":"three-disc-necklace-with-rose-gold-plating","status":"publish","type":"product","link":"https:\/\/julity.com\/it\/product\/three-disc-necklace-with-rose-gold-plating\/","title":{"rendered":"Collana a tre dischi con placcatura in oro rosa"},"content":{"rendered":"<p>Se acquisti gioielli per mamme, la nostra collana a tre dischi \u00e8 il regalo perfetto. Incidi tre o pi\u00f9 nomi sugli anelli di questo pezzo placcato in oro rosa per renderlo ancora pi\u00f9 speciale. Gli anelli pendono elegantemente da una catena Rollo placcata oro rosa.<\/p>\n<div class=\"simple-video-replace\" style=\"display: none;\" data-slide=\"4\"><video preload=\"auto\" controls=\"controls\" width=\"500\" height=\"500\"><source src=\"https:\/\/videos.files.wordpress.com\/vjjpHSXo\/Three-Disc-Necklace-20190103_hd.mp4\" source=\"\" \/><\/video><\/div>","protected":false},"excerpt":{"rendered":"<p>Se acquisti gioielli per mamme, la nostra collana a tre dischi \u00e8 il regalo perfetto. Incidi tre o pi\u00f9 nomi sugli anelli di questo pezzo placcato in oro rosa per renderlo ancora pi\u00f9 speciale. Gli anelli pendono elegantemente da una catena Rollo placcata oro rosa.<\/p>","protected":false},"featured_media":1138,"comment_status":"open","ping_status":"closed","template":"","meta":[],"product_brand":[],"product_cat":[96,95,86,78],"product_tag":[],"class_list":{"0":"post-1137","1":"product","2":"type-product","3":"status-publish","4":"has-post-thumbnail","6":"product_cat-discs-circles","7":"product_cat-gifts-for-grandmother","8":"product_cat-gifts-for-mom","9":"product_cat-moms-necklaces","10":"tm-has-options","12":"first","13":"instock","14":"sale","15":"shipping-taxable","16":"purchasable","17":"product-type-simple"},"_links":{"self":[{"href":"https:\/\/julity.com\/it\/wp-json\/wp\/v2\/product\/1137","targetHints":{"allow":["GET"]}}],"collection":[{"href":"https:\/\/julity.com\/it\/wp-json\/wp\/v2\/product"}],"about":[{"href":"https:\/\/julity.com\/it\/wp-json\/wp\/v2\/types\/product"}],"replies":[{"embeddable":true,"href":"https:\/\/julity.com\/it\/wp-json\/wp\/v2\/comments?post=1137"}],"wp:featuredmedia":[{"embeddable":true,"href":"https:\/\/julity.com\/it\/wp-json\/wp\/v2\/media\/1138"}],"wp:attachment":[{"href":"https:\/\/julity.com\/it\/wp-json\/wp\/v2\/media?parent=1137"}],"wp:term":[{"taxonomy":"product_brand","embeddable":true,"href":"https:\/\/julity.com\/it\/wp-json\/wp\/v2\/product_brand?post=1137"},{"taxonomy":"product_cat","embeddable":true,"href":"https:\/\/julity.com\/it\/wp-json\/wp\/v2\/product_cat?post=1137"},{"taxonomy":"product_tag","embeddable":true,"href":"https:\/\/julity.com\/it\/wp-json\/wp\/v2\/product_tag?post=1137"}],"curies":[{"name":"wp","href":"https:\/\/api.w.org\/{rel}","templated":true}]}}