{"id":1209,"date":"2019-01-11T23:56:00","date_gmt":"2019-01-12T04:56:00","guid":{"rendered":"https:\/\/www.leryca.com\/product\/russian-ring-necklace-with-engraving-in-sterling-silver\/"},"modified":"2020-05-19T04:30:17","modified_gmt":"2020-05-19T08:30:17","slug":"russian-ring-necklace-with-engraving-in-sterling-silver","status":"publish","type":"product","link":"https:\/\/julity.com\/it\/product\/russian-ring-necklace-with-engraving-in-sterling-silver\/","title":{"rendered":"Collana con anello russo con incisione in argento sterling"},"content":{"rendered":"<p>Questa delizia a tre squilli \u00e8 un modo divertente e alla moda per mostrare i nomi di quelli pi\u00f9 vicini a te. Scrivi fino a tre nomi su questa dinamica collana ad anello russa. Questo articolo \u00e8 disponibile in argento e pende da una catena in argento coordinata. Questo articolo \u00e8 disponibile anche in oro 18 carati, oro rosa 18 carati e oro 10 carati.<\/p>\n<p>Per pi\u00f9 collane, sfoglia il nostro\u00a0<a href=\"https:\/\/julity.com\/it\/product-category\/necklaces\/moms-necklaces\/\">Collezione collana madre<\/a>.<\/p>\n<div class=\"simple-video-replace\" style=\"display: none;\" data-slide=\"4\"><video preload=\"auto\" controls=\"controls\" width=\"500\" height=\"500\"><source src=\"https:\/\/videos.files.wordpress.com\/6qmWPC65\/circles201901a01-1_hd.mp4\" source=\"\" \/><\/video><\/div>","protected":false},"excerpt":{"rendered":"<p>This three ring delight is a fun and trendy way to display the names of the ones closest to you. Inscribe up to three names on this dynamic Russian Ring Necklace. This item is available in silver and hangs from a matching silver box chain.This item is also available in\u00a018k Gold Plated,\u00a018k Rose Gold Plated\u00a0and\u00a010K [&#8230;]","protected":false},"featured_media":1210,"comment_status":"open","ping_status":"closed","template":"","meta":[],"product_brand":[],"product_cat":[96,95,86,78,81],"product_tag":[],"class_list":{"0":"post-1209","1":"product","2":"type-product","3":"status-publish","4":"has-post-thumbnail","6":"product_cat-discs-circles","7":"product_cat-gifts-for-grandmother","8":"product_cat-gifts-for-mom","9":"product_cat-moms-necklaces","10":"product_cat-sterling-silver","11":"tm-has-options","13":"first","14":"instock","15":"sale","16":"shipping-taxable","17":"purchasable","18":"product-type-simple"},"_links":{"self":[{"href":"https:\/\/julity.com\/it\/wp-json\/wp\/v2\/product\/1209","targetHints":{"allow":["GET"]}}],"collection":[{"href":"https:\/\/julity.com\/it\/wp-json\/wp\/v2\/product"}],"about":[{"href":"https:\/\/julity.com\/it\/wp-json\/wp\/v2\/types\/product"}],"replies":[{"embeddable":true,"href":"https:\/\/julity.com\/it\/wp-json\/wp\/v2\/comments?post=1209"}],"wp:featuredmedia":[{"embeddable":true,"href":"https:\/\/julity.com\/it\/wp-json\/wp\/v2\/media\/1210"}],"wp:attachment":[{"href":"https:\/\/julity.com\/it\/wp-json\/wp\/v2\/media?parent=1209"}],"wp:term":[{"taxonomy":"product_brand","embeddable":true,"href":"https:\/\/julity.com\/it\/wp-json\/wp\/v2\/product_brand?post=1209"},{"taxonomy":"product_cat","embeddable":true,"href":"https:\/\/julity.com\/it\/wp-json\/wp\/v2\/product_cat?post=1209"},{"taxonomy":"product_tag","embeddable":true,"href":"https:\/\/julity.com\/it\/wp-json\/wp\/v2\/product_tag?post=1209"}],"curies":[{"name":"wp","href":"https:\/\/api.w.org\/{rel}","templated":true}]}}