{"id":1257,"date":"2019-01-12T01:02:00","date_gmt":"2019-01-12T06:02:00","guid":{"rendered":"https:\/\/www.leryca.com\/product\/personalized-baby-feet-necklace-in-gold-plating\/"},"modified":"2020-05-19T04:27:57","modified_gmt":"2020-05-19T08:27:57","slug":"personalized-baby-feet-necklace-in-gold-plating","status":"publish","type":"product","link":"https:\/\/julity.com\/it\/product\/personalized-baby-feet-necklace-in-gold-plating\/","title":{"rendered":"Collana personalizzata per piedi da bambino in placcatura in oro"},"content":{"rendered":"<p>Uno dei modi pi\u00f9 carini per mostrare i tuoi figli deve essere il nostro\u00a0<b>Collana personalizzata per piedi da bambino in placcatura in oro<\/b>. Tutti adorano i gioielli per i piedi dei bambini e questa collana per i piedi dei bambini offre un tocco personalizzato unico! Oltre a ottenere due nomi incisi sui piedi, puoi anche scegliere fino a due cristalli birthstone per aggiungere qualcosa di speciale in pi\u00f9. Questa collana \u00e8 un ottimo regalo per qualsiasi mamma l\u00e0 fuori!<br \/>\nLa collana Personalized Baby Feet \u00e8 fatta da\u00a0<b>Placcatura in oro 18k su argento sterling 0,925<\/b>\u00a0e si blocca su un\u00a0<b>Catena di perle placcata oro 18 carati<\/b>.<br \/>\nDai un&#039;occhiata a questa collana in argento sterling e placcatura in oro rosa.<\/p>","protected":false},"excerpt":{"rendered":"<p>One of the cutest ways to show off your children has to be our\u00a0Personalized Baby Feet Necklace in Gold Plating. Everyone loves baby feet jewelry and this baby feet necklace offers a unique personalized touch! Aside from getting two names engraved on the feet, you can also choose up to two birthstone crystals to add [&#8230;]","protected":false},"featured_media":1258,"comment_status":"open","ping_status":"closed","template":"","meta":[],"product_brand":[],"product_cat":[82,86,88,78,84],"product_tag":[],"class_list":{"0":"post-1257","1":"product","2":"type-product","3":"status-publish","4":"has-post-thumbnail","6":"product_cat-18k-gold-plated","7":"product_cat-gifts-for-mom","8":"product_cat-gifts-for-new-mom","9":"product_cat-moms-necklaces","10":"product_cat-new-arrivals","11":"tm-has-options","13":"first","14":"instock","15":"sale","16":"shipping-taxable","17":"purchasable","18":"product-type-simple"},"_links":{"self":[{"href":"https:\/\/julity.com\/it\/wp-json\/wp\/v2\/product\/1257","targetHints":{"allow":["GET"]}}],"collection":[{"href":"https:\/\/julity.com\/it\/wp-json\/wp\/v2\/product"}],"about":[{"href":"https:\/\/julity.com\/it\/wp-json\/wp\/v2\/types\/product"}],"replies":[{"embeddable":true,"href":"https:\/\/julity.com\/it\/wp-json\/wp\/v2\/comments?post=1257"}],"wp:featuredmedia":[{"embeddable":true,"href":"https:\/\/julity.com\/it\/wp-json\/wp\/v2\/media\/1258"}],"wp:attachment":[{"href":"https:\/\/julity.com\/it\/wp-json\/wp\/v2\/media?parent=1257"}],"wp:term":[{"taxonomy":"product_brand","embeddable":true,"href":"https:\/\/julity.com\/it\/wp-json\/wp\/v2\/product_brand?post=1257"},{"taxonomy":"product_cat","embeddable":true,"href":"https:\/\/julity.com\/it\/wp-json\/wp\/v2\/product_cat?post=1257"},{"taxonomy":"product_tag","embeddable":true,"href":"https:\/\/julity.com\/it\/wp-json\/wp\/v2\/product_tag?post=1257"}],"curies":[{"name":"wp","href":"https:\/\/api.w.org\/{rel}","templated":true}]}}