{"id":380042,"date":"2023-05-25T01:21:43","date_gmt":"2023-05-25T08:21:43","guid":{"rendered":"https:\/\/julity.com\/?post_type=product&#038;p=380042"},"modified":"2023-07-07T05:24:34","modified_gmt":"2023-07-07T12:24:34","slug":"personalized-men-leather-high-end-bracelet","status":"publish","type":"product","link":"https:\/\/julity.com\/it\/product\/personalized-men-leather-high-end-bracelet\/","title":{"rendered":"Bracciale di fascia alta in pelle da uomo personalizzato"},"content":{"rendered":"<p>I dettagli personalizzati rendono il bracciale da uomo con piccole perline personalizzate in argento uno straordinario. Questo braccialetto personalizzato presenta una fascia intrecciata profumatamente che si chiude con una robusta fibbia in argento. Le perle circolari aggiungono un piacevole contrasto e sono incise su ordinazione. Questo braccialetto \u00e8 realizzato con componenti di qualit\u00e0 tra cui l'argento sterling. \u00c8 dotato di:<\/p>\n<ul>\n<li>Materiale: argento sterling 0.925 cinturino da polso intrecciato in vera pelle<\/li>\n<li>Dimensione della perla: 9,8 * 4,8 mm (0,38 * 0,18 pollici)<\/li>\n<li>Spessore delle perle: 0,8 mm (0,03 pollici)<\/li>\n<li>Perimetro del braccialetto: regolabile - 60 cm (24 pollici)<\/li>\n<li>La catena pu\u00f2 essere ridimensionata e l'interfaccia \u00e8 protetta da un pulsante argentato.<\/li>\n<li>Ogni perla pu\u00f2 essere incisa con un nome personalizzato<\/li>\n<\/ul>","protected":false},"excerpt":{"rendered":"<p>Customized details make the Men Bracelet with Small Custom Beads in Silver a standout. This personalized bracelet features a handsomely braided band that fastens with a sturdy silver clasp. The circular beads add pleasing contrast, and are engraved to order. This bracelet is made with quality components including sterling silver. It features: Material: Sterling Silver [&#8230;]","protected":false},"featured_media":380045,"comment_status":"open","ping_status":"closed","template":"","meta":[],"product_brand":[],"product_cat":[15],"product_tag":[115],"class_list":{"0":"post-380042","1":"product","2":"type-product","3":"status-publish","4":"has-post-thumbnail","6":"product_cat-uncategorized","7":"product_tag-bracelets","8":"tm-has-options","10":"first","11":"instock","12":"sale","13":"shipping-taxable","14":"purchasable","15":"product-type-simple"},"_links":{"self":[{"href":"https:\/\/julity.com\/it\/wp-json\/wp\/v2\/product\/380042","targetHints":{"allow":["GET"]}}],"collection":[{"href":"https:\/\/julity.com\/it\/wp-json\/wp\/v2\/product"}],"about":[{"href":"https:\/\/julity.com\/it\/wp-json\/wp\/v2\/types\/product"}],"replies":[{"embeddable":true,"href":"https:\/\/julity.com\/it\/wp-json\/wp\/v2\/comments?post=380042"}],"wp:featuredmedia":[{"embeddable":true,"href":"https:\/\/julity.com\/it\/wp-json\/wp\/v2\/media\/380045"}],"wp:attachment":[{"href":"https:\/\/julity.com\/it\/wp-json\/wp\/v2\/media?parent=380042"}],"wp:term":[{"taxonomy":"product_brand","embeddable":true,"href":"https:\/\/julity.com\/it\/wp-json\/wp\/v2\/product_brand?post=380042"},{"taxonomy":"product_cat","embeddable":true,"href":"https:\/\/julity.com\/it\/wp-json\/wp\/v2\/product_cat?post=380042"},{"taxonomy":"product_tag","embeddable":true,"href":"https:\/\/julity.com\/it\/wp-json\/wp\/v2\/product_tag?post=380042"}],"curies":[{"name":"wp","href":"https:\/\/api.w.org\/{rel}","templated":true}]}}