{"id":390309,"date":"2024-05-22T04:21:59","date_gmt":"2024-05-22T11:21:59","guid":{"rendered":"https:\/\/julity.com\/?post_type=product&#038;p=390309"},"modified":"2026-02-18T07:09:27","modified_gmt":"2026-02-18T11:09:27","slug":"personalized-sterling-silver-men-single-strand-thick-leather-bracelet","status":"publish","type":"product","link":"https:\/\/julity.com\/it\/product\/personalized-sterling-silver-men-single-strand-thick-leather-bracelet\/","title":{"rendered":"Bracciale da uomo in argento sterling personalizzato Bracciale in pelle spessa a filo singolo"},"content":{"rendered":"<p>Questo braccialetto personalizzato fatto a mano \u00e8 realizzato in pelle di alta qualit\u00e0 e perline in argento personalizzabili, che lo rendono un regalo unico e premuroso per il tuo coniuge, un amico o un membro della tua famiglia. Inoltre, questi sono regali meravigliosi per compleanni, Natale, San Valentino, festa della mamma, festa del pap\u00e0 e altre occasioni speciali.<br \/>\nQuesto braccialetto personalizzato presenta una fascia finemente intrecciata che si chiude con una robusta chiusura magnetica.<\/p>\n<p>I dettagli personalizzati rendono il bracciale da uomo con piccole perline personalizzate in argento uno straordinario. Questo braccialetto personalizzato presenta una fascia intrecciata profumatamente che si chiude con una robusta fibbia in argento. Le perle circolari aggiungono un piacevole contrasto e sono incise su ordinazione. Questo braccialetto \u00e8 realizzato con componenti di qualit\u00e0 tra cui l'argento sterling. \u00c8 dotato di:<\/p>\n<ul>\n<li>Materiale: argento sterling 0.925 cinturino da polso intrecciato in vera pelle<\/li>\n<li>Dimensione della perla: 9,8 * 4,8 mm (0,38 * 0,18 pollici)<\/li>\n<li>Spessore delle perle: 0,8 mm (0,03 pollici)<\/li>\n<li>Ogni perla pu\u00f2 essere incisa con un nome personalizzato<\/li>\n<\/ul>\n<p><img decoding=\"async\" src=\"https:\/\/julity.com\/wp-content\/uploads\/2024\/05\/brace-szsie.jpg\" alt=\"size\" \/><\/p>","protected":false},"excerpt":{"rendered":"<p>This handmade personalized bracelet is made of high quality leather and customizable silver beads, making it a unique and thoughtful gift for your spouse, a friend, or a member of your family. Additionally, these are wonderful presents for birthdays, Christmas, Valentine&#8217;s Day, Mother&#8217;s Day, Father&#8217;s Day, and other special occasions. This personalized bracelet features a [&#8230;]","protected":false},"featured_media":390310,"comment_status":"open","ping_status":"closed","template":"","meta":[],"product_brand":[],"product_cat":[101],"product_tag":[115],"class_list":{"0":"post-390309","1":"product","2":"type-product","3":"status-publish","4":"has-post-thumbnail","6":"product_cat-name-bracelets","7":"product_tag-bracelets","8":"tm-has-options","10":"first","11":"instock","12":"sale","13":"shipping-taxable","14":"purchasable","15":"product-type-simple"},"_links":{"self":[{"href":"https:\/\/julity.com\/it\/wp-json\/wp\/v2\/product\/390309","targetHints":{"allow":["GET"]}}],"collection":[{"href":"https:\/\/julity.com\/it\/wp-json\/wp\/v2\/product"}],"about":[{"href":"https:\/\/julity.com\/it\/wp-json\/wp\/v2\/types\/product"}],"replies":[{"embeddable":true,"href":"https:\/\/julity.com\/it\/wp-json\/wp\/v2\/comments?post=390309"}],"wp:featuredmedia":[{"embeddable":true,"href":"https:\/\/julity.com\/it\/wp-json\/wp\/v2\/media\/390310"}],"wp:attachment":[{"href":"https:\/\/julity.com\/it\/wp-json\/wp\/v2\/media?parent=390309"}],"wp:term":[{"taxonomy":"product_brand","embeddable":true,"href":"https:\/\/julity.com\/it\/wp-json\/wp\/v2\/product_brand?post=390309"},{"taxonomy":"product_cat","embeddable":true,"href":"https:\/\/julity.com\/it\/wp-json\/wp\/v2\/product_cat?post=390309"},{"taxonomy":"product_tag","embeddable":true,"href":"https:\/\/julity.com\/it\/wp-json\/wp\/v2\/product_tag?post=390309"}],"curies":[{"name":"wp","href":"https:\/\/api.w.org\/{rel}","templated":true}]}}