{"id":1848,"date":"2020-05-17T05:53:57","date_gmt":"2020-05-17T09:53:57","guid":{"rendered":"https:\/\/www.leryca.com\/?page_id=1848"},"modified":"2021-06-01T22:12:46","modified_gmt":"2021-06-02T02:12:46","slug":"faq","status":"publish","type":"page","link":"https:\/\/julity.com\/sv\/faq\/","title":{"rendered":"FAQ"},"content":{"rendered":"<div class=\"row\"  id=\"row-719742773\">\n\n\t<div id=\"col-454991472\" class=\"col small-12 large-12\"  >\n\t\t\t\t<div class=\"col-inner\"  >\n\t\t\t\n\t\t\t\n<h3 class=\"accordion_title\">Frakt<\/h3><div class=\"accordion\">\n\t<div id=\"accordion-2342060176\" class=\"accordion-item\">\n\t\t<a id=\"accordion-2342060176-label\" class=\"accordion-title plain\" href=\"#accordion-item-do-you-ship-worldwide?\" aria-expanded=\"false\" aria-controls=\"accordion-2342060176-content\">\n\t\t\t<button class=\"toggle\" aria-label=\"Toggle\"><i class=\"icon-angle-down\" aria-hidden=\"true\"><\/i><\/button>\n\t\t\t<span>Skickar du \u00f6ver hela v\u00e4rlden?<\/span>\n\t\t<\/a>\n\t\t<div id=\"accordion-2342060176-content\" class=\"accordion-inner\" aria-labelledby=\"accordion-2342060176-label\">\n\t\t\t\n<p>Ja, vi skickar till de flesta l\u00e4nder \u00f6ver hela v\u00e4rlden.&nbsp;<\/p>\n<p>Vi erbjuder frakt till f\u00f6ljande destinationsl\u00e4nder:&nbsp;<\/p>\n<table width=\"100%\" cellspacing=\"0\" cellpadding=\"0\" border=\"0\" bgcolor=\"#ffffff\" align=\"center\">\n<tbody>\n<tr>\n<td width=\"190\" valign=\"top\" align=\"left\"><span style=\"font-size: medium;\">A<\/span>rgentina&nbsp;<br \/>\nAustralien&nbsp;<br \/>\n\u00d6sterrike&nbsp;<\/p>\n<p><span style=\"font-size: medium;\">B<\/span>elgium&nbsp;<br \/>\nBrasilien&nbsp;<\/p>\n<p><span style=\"font-size: medium;\">C<\/span>anada&nbsp;<br \/>\nChile&nbsp;<br \/>\nCosta Rica&nbsp;<br \/>\nKroatien&nbsp;<br \/>\nCypern&nbsp;<br \/>\nTjeckien&nbsp;<\/p>\n<p><span style=\"font-size: medium;\">D<\/span>enmark&nbsp;<br \/>\nDominikanska republiken&nbsp;<\/p>\n<p><span style=\"font-size: medium;\">E<\/span>cuador&nbsp;<br \/>\nEstland&nbsp;<\/p>\n<p><span style=\"font-size: medium;\">F<\/span>in\u00e5t landet&nbsp;<br \/>\nFrankrike&nbsp;<\/p>\n<p><span style=\"font-size: medium;\">G<\/span>ermany&nbsp;<br \/>\nGrekland&nbsp;<\/td>\n<td width=\"190\" valign=\"top\" align=\"left\"><span style=\"font-size: medium;\">H<\/span>ong Kong&nbsp;<br \/>\nUngern&nbsp;<\/p>\n<p><span style=\"font-size: medium;\">I<\/span>celand&nbsp;<br \/>\nIndien&nbsp;<br \/>\nIrland&nbsp;<br \/>\nIsrael&nbsp;<br \/>\nItalien&nbsp;<\/p>\n<p><span style=\"font-size: medium;\">J<\/span>amaica&nbsp;<br \/>\nJapan&nbsp;<\/p>\n<p><span style=\"font-size: medium;\">L<\/span>atvia&nbsp;<br \/>\nLitauen&nbsp;<br \/>\nLuxemburg&nbsp;<\/p>\n<p><span style=\"font-size: medium;\">M<\/span>alta&nbsp;<\/p>\n<p><span style=\"font-size: medium;\">N<\/span>eterl\u00e4nder&nbsp;<br \/>\nNya Zeeland&nbsp;<br \/>\nNorge&nbsp;<\/p>\n<p><span style=\"font-size: medium;\">P<\/span>\u00f6land&nbsp;<br \/>\nPortugal&nbsp;<br \/>\nPuerto Rico&nbsp;<\/td>\n<td width=\"190\" valign=\"top\" align=\"left\"><span style=\"font-size: medium;\">R<\/span>omania&nbsp;<\/p>\n<p><span style=\"font-size: medium;\">S<\/span>cotland-UK&nbsp;<br \/>\nSingapore&nbsp;<br \/>\nSlovakien&nbsp;<br \/>\nSlovenien&nbsp;<br \/>\nSydafrika&nbsp;<br \/>\nSpanien&nbsp;<br \/>\nSverige&nbsp;<br \/>\nSchweiz&nbsp;<\/p>\n<p><span style=\"font-size: medium;\">T<\/span>aiwan&nbsp;<br \/>\nThailand&nbsp;<br \/>\nKalkon&nbsp;<\/p>\n<p><span style=\"font-size: medium;\">U<\/span>nited kungariket&nbsp;<br \/>\nF\u00f6renta staterna&nbsp;<br \/>\nUruguay&nbsp;<\/p>\n<p><span style=\"font-size: medium;\">V<\/span>enezuela<\/td>\n<\/tr>\n<\/tbody>\n<\/table>\n\t\t<\/div>\n\t<\/div>\n\t\n\t<div id=\"accordion-2096318542\" class=\"accordion-item\">\n\t\t<a id=\"accordion-2096318542-label\" class=\"accordion-title plain\" href=\"#accordion-item-what-shipping-methods-do-you-offer?\" aria-expanded=\"false\" aria-controls=\"accordion-2096318542-content\">\n\t\t\t<button class=\"toggle\" aria-label=\"Toggle\"><i class=\"icon-angle-down\" aria-hidden=\"true\"><\/i><\/button>\n\t\t\t<span>Vilka frakts\u00e4tt erbjuder ni?<\/span>\n\t\t<\/a>\n\t\t<div id=\"accordion-2096318542-content\" class=\"accordion-inner\" aria-labelledby=\"accordion-2096318542-label\">\n\t\t\t\n<p>Se v\u00e5r&nbsp;<a href=\"https:\/\/julity.com\/sv\/shipping-information\/\">Fraktinformation<\/a>&nbsp;sida f\u00f6r alla tillg\u00e4ngliga leveransmetoder.<\/p>\n\t\t<\/div>\n\t<\/div>\n\t\n\t<div id=\"accordion-3989427200\" class=\"accordion-item\">\n\t\t<a id=\"accordion-3989427200-label\" class=\"accordion-title plain\" href=\"#accordion-item-how-do-i-track-my-order?\" aria-expanded=\"false\" aria-controls=\"accordion-3989427200-content\">\n\t\t\t<button class=\"toggle\" aria-label=\"Toggle\"><i class=\"icon-angle-down\" aria-hidden=\"true\"><\/i><\/button>\n\t\t\t<span>Hur sp\u00e5rar jag min best\u00e4llning?<\/span>\n\t\t<\/a>\n\t\t<div id=\"accordion-3989427200-content\" class=\"accordion-inner\" aria-labelledby=\"accordion-3989427200-label\">\n\t\t\t\n<p>Vi har ett system som l\u00e5ter dig sp\u00e5ra din best\u00e4llning och leveransstatus.&nbsp;<br \/>\nDu m\u00e5ste fylla i ditt best\u00e4llnings-ID och den e-postadress du anv\u00e4nde n\u00e4r du gjorde din best\u00e4llning.&nbsp;<\/p>\n<p>Du kan g\u00e5 till v\u00e5r sp\u00e5rningssida&nbsp;<a href=\"https:\/\/julity.com\/sv\/track-order\/\">h\u00e4r<\/a>.<\/p>\n\t\t<\/div>\n\t<\/div>\n\t\n<\/div>\n\t\t<\/div>\n\t\t\t\t\t<\/div>\n\n\t\n<\/div>\n<div class=\"row\"  id=\"row-1869605850\">\n\n\t<div id=\"col-668446827\" class=\"col small-12 large-12\"  >\n\t\t\t\t<div class=\"col-inner\"  >\n\t\t\t\n\t\t\t\n<h3 class=\"accordion_title\">Betalning<\/h3><div class=\"accordion\">\n\t<div id=\"accordion-365367474\" class=\"accordion-item\">\n\t\t<a id=\"accordion-365367474-label\" class=\"accordion-title plain\" href=\"#accordion-item-how-can-i-find-my-purchase-on-my-billing-statement?\" aria-expanded=\"false\" aria-controls=\"accordion-365367474-content\">\n\t\t\t<button class=\"toggle\" aria-label=\"Toggle\"><i class=\"icon-angle-down\" aria-hidden=\"true\"><\/i><\/button>\n\t\t\t<span>Hur hittar jag mitt k\u00f6p p\u00e5 mitt kontoutdrag?<\/span>\n\t\t<\/a>\n\t\t<div id=\"accordion-365367474-content\" class=\"accordion-inner\" aria-labelledby=\"accordion-365367474-label\">\n\t\t\t\n<p>Du hittar oss bredvid k\u00f6pesumman under namnet \"Smyckens hemsida \/ julity\".<\/p>\n\t\t<\/div>\n\t<\/div>\n\t\n\t<div id=\"accordion-3469179589\" class=\"accordion-item\">\n\t\t<a id=\"accordion-3469179589-label\" class=\"accordion-title plain\" href=\"#accordion-item-what-payment-methods-are-available-on-your-website?\" aria-expanded=\"false\" aria-controls=\"accordion-3469179589-content\">\n\t\t\t<button class=\"toggle\" aria-label=\"Toggle\"><i class=\"icon-angle-down\" aria-hidden=\"true\"><\/i><\/button>\n\t\t\t<span>Vilka betalningsmetoder finns p\u00e5 din webbplats?<\/span>\n\t\t<\/a>\n\t\t<div id=\"accordion-3469179589-content\" class=\"accordion-inner\" aria-labelledby=\"accordion-3469179589-label\">\n\t\t\t\n<p>Vi accepterar alla vanliga kreditkort och betalningar som g\u00f6rs via PayPal.&nbsp;<br \/>\nDu kan se den fullst\u00e4ndiga listan \u00f6ver betalningsmetoder p\u00e5 v\u00e5r betalningssida efter att ha klickat p\u00e5 knappen \"Forts\u00e4tt till kassan\" i kundvagnen och valt ditt land.<\/p>\n\t\t<\/div>\n\t<\/div>\n\t\n\t<div id=\"accordion-2085348534\" class=\"accordion-item\">\n\t\t<a id=\"accordion-2085348534-label\" class=\"accordion-title plain\" href=\"#accordion-item-what-is-your-privacy-policy?\" aria-expanded=\"false\" aria-controls=\"accordion-2085348534-content\">\n\t\t\t<button class=\"toggle\" aria-label=\"Toggle\"><i class=\"icon-angle-down\" aria-hidden=\"true\"><\/i><\/button>\n\t\t\t<span>Vad \u00e4r din integritetspolicy?<\/span>\n\t\t<\/a>\n\t\t<div id=\"accordion-2085348534-content\" class=\"accordion-inner\" aria-labelledby=\"accordion-2085348534-label\">\n\t\t\t\n<p>Att respektera din integritet \u00e4r av yttersta vikt f\u00f6r oss p\u00e5 julity. All information du skickar till v\u00e5r webbplats, eller som samlas in av en \"cookie\" under ditt bes\u00f6k, anv\u00e4nds strikt av julity f\u00f6r att uppr\u00e4tth\u00e5lla ett register \u00f6ver dina ink\u00f6p och av reklamsk\u00e4l. Vi s\u00e4ljer, \u00f6verf\u00f6r, hyr ut eller byter inte ut din information till n\u00e5gon tredje part.&nbsp;<\/p>\n<p>N\u00e4r du registrerar dig p\u00e5 v\u00e5r sida kommer du att bli ombedd att l\u00e4mna in viss personlig information, s\u00e5som namn och kontaktuppgifter. julity kommer att skydda din personliga information. Under inga omst\u00e4ndigheter kommer vi att avsl\u00f6ja eller dela din information med n\u00e5gon obeh\u00f6rig tredje part. Dessutom anv\u00e4nder vi en \"cookie\" f\u00f6r att sp\u00e5ra dina r\u00f6relser p\u00e5 webbplatsen. Cookien \"kommer ih\u00e5g\" vem du \u00e4r och eliminerar d\u00e4rf\u00f6r behovet av att registrera dig p\u00e5 nytt hos oss varje g\u00e5ng du bes\u00f6ker v\u00e5r webbplats. Dessutom g\u00f6r det det m\u00f6jligt f\u00f6r oss att f\u00f6rse dig med en kundvagnsfunktion och effektivisera din totala shoppingupplevelse.<\/p>\n\t\t<\/div>\n\t<\/div>\n\t\n\t<div id=\"accordion-2786468740\" class=\"accordion-item\">\n\t\t<a id=\"accordion-2786468740-label\" class=\"accordion-title plain\" href=\"#accordion-item-i-received-a-promotional-code.-how-do-i-use-it?\" aria-expanded=\"false\" aria-controls=\"accordion-2786468740-content\">\n\t\t\t<button class=\"toggle\" aria-label=\"Toggle\"><i class=\"icon-angle-down\" aria-hidden=\"true\"><\/i><\/button>\n\t\t\t<span>Jag fick en kampanjkod. Hur anv\u00e4nder jag den?<\/span>\n\t\t<\/a>\n\t\t<div id=\"accordion-2786468740-content\" class=\"accordion-inner\" aria-labelledby=\"accordion-2786468740-label\">\n\t\t\t\n<p>Om du har en kampanjkod f\u00f6r julity, skriv in koden i rutan \"Kampanjkod\" l\u00e4ngst ner i shoppingen och klicka p\u00e5 \"Ans\u00f6k\".<\/p>\n\t\t<\/div>\n\t<\/div>\n\t\n\t<div id=\"accordion-1080354107\" class=\"accordion-item\">\n\t\t<a id=\"accordion-1080354107-label\" class=\"accordion-title plain\" href=\"#accordion-item-what-should-i-do-if-i-receive-a-\u2018payment-didn\u2019t-go-through\u2019-message?\" aria-expanded=\"false\" aria-controls=\"accordion-1080354107-content\">\n\t\t\t<button class=\"toggle\" aria-label=\"Toggle\"><i class=\"icon-angle-down\" aria-hidden=\"true\"><\/i><\/button>\n\t\t\t<span>Vad ska jag g\u00f6ra om jag f\u00e5r meddelandet \"betalningen gick inte igenom\"?<\/span>\n\t\t<\/a>\n\t\t<div id=\"accordion-1080354107-content\" class=\"accordion-inner\" aria-labelledby=\"accordion-1080354107-label\">\n\t\t\t\n<p>Om du f\u00e5r ett meddelande om att din betalning inte gick igenom, kontrollera din faktureringsinformation och se till att den \u00e4r korrekt.&nbsp;<br \/>\nOm alla uppgifter \u00e4r korrekta, f\u00f6rs\u00f6k att betala via PayPal. Du beh\u00f6ver inte vara en registrerad medlem i PayPal f\u00f6r att anv\u00e4nda deras tj\u00e4nster.&nbsp;<br \/>\nDu kan ocks\u00e5 anv\u00e4nda ett annat kreditkort eller f\u00f6rs\u00f6ka igen n\u00e5gra timmar senare f\u00f6r att forts\u00e4tta med betalningsprocessen.<\/p>\n\t\t<\/div>\n\t<\/div>\n\t\n\t<div id=\"accordion-478925497\" class=\"accordion-item\">\n\t\t<a id=\"accordion-478925497-label\" class=\"accordion-title plain\" href=\"#accordion-item-i-have-a-paypal-account-but-i-cannot-complete-the-payment.\" aria-expanded=\"false\" aria-controls=\"accordion-478925497-content\">\n\t\t\t<button class=\"toggle\" aria-label=\"Toggle\"><i class=\"icon-angle-down\" aria-hidden=\"true\"><\/i><\/button>\n\t\t\t<span>Jag har ett PayPal-konto men jag kan inte slutf\u00f6ra betalningen.<\/span>\n\t\t<\/a>\n\t\t<div id=\"accordion-478925497-content\" class=\"accordion-inner\" aria-labelledby=\"accordion-478925497-label\">\n\t\t\t\n<p>Om du av n\u00e5gon anledning inte kan slutf\u00f6ra din betalning med PayPal, v\u00e4nligen&nbsp;<a href=\"https:\/\/julity.com\/sv\/contact-us\/\">kontakta oss<\/a>&nbsp;med dina best\u00e4llningsuppgifter.&nbsp;<br \/>\nVi skickar ett e-postmeddelande med en PayPal-betalningsbeg\u00e4ran f\u00f6r att slutf\u00f6ra din betalning.<\/p>\n\t\t<\/div>\n\t<\/div>\n\t\n<\/div>\n\t\t<\/div>\n\t\t\t\t\t<\/div>\n\n\t\n<\/div>\n<div class=\"row\"  id=\"row-876371629\">\n\n\t<div id=\"col-709262546\" class=\"col small-12 large-12\"  >\n\t\t\t\t<div class=\"col-inner\"  >\n\t\t\t\n\t\t\t\n<h3 class=\"accordion_title\">Placera best\u00e4llningar<\/h3><div class=\"accordion\">\n\t<div id=\"accordion-2158411064\" class=\"accordion-item\">\n\t\t<a id=\"accordion-2158411064-label\" class=\"accordion-title plain\" href=\"#accordion-item-how-do-i-place-an-order?\" aria-expanded=\"false\" aria-controls=\"accordion-2158411064-content\">\n\t\t\t<button class=\"toggle\" aria-label=\"Toggle\"><i class=\"icon-angle-down\" aria-hidden=\"true\"><\/i><\/button>\n\t\t\t<span>Hur g\u00f6r jag en best\u00e4llning?<\/span>\n\t\t<\/a>\n\t\t<div id=\"accordion-2158411064-content\" class=\"accordion-inner\" aria-labelledby=\"accordion-2158411064-label\">\n\t\t\t\n<p>Det \u00e4r enkelt att l\u00e4gga en best\u00e4llning. V\u00e4lj smycke och skriv \u00f6nskad inskription.&nbsp;<br \/>\nV\u00e4lj kedjans l\u00e4ngd fr\u00e5n drop box-menyn och klicka p\u00e5 knappen \"L\u00e4gg till i varukorgen\".&nbsp;<br \/>\nI varukorgen kan du l\u00e4gga till en presentf\u00f6rpackning och ett presentkortsmeddelande.&nbsp;<br \/>\nDu v\u00e4ljer sedan det fraktalternativ du vill ha i rutan \"Fraktmetod\" i kundvagnen.&nbsp;<\/p>\n<p>Klicka p\u00e5 \"Forts\u00e4tt till kassan\" eller knappen \"Till kassan med PayPal\" f\u00f6r att slutf\u00f6ra ditt k\u00f6p.&nbsp;<br \/>\nDu kommer att dirigeras till den valda s\u00e4kra betalningshanteringswebbplatsen.&nbsp;<br \/>\nD\u00e4r har du m\u00f6jlighet att betala med ditt kreditkort, PayPal eller bank\u00f6verf\u00f6ring.&nbsp;<\/p>\n<p>Du f\u00e5r g\u00e4rna&nbsp;<a href=\"https:\/\/julity.com\/sv\/contact-us\/\">Mejla oss<\/a>&nbsp;med n\u00e5gra speciella \u00f6nskem\u00e5l eller fr\u00e5gor.<\/p>\n\t\t<\/div>\n\t<\/div>\n\t\n\t<div id=\"accordion-3713802169\" class=\"accordion-item\">\n\t\t<a id=\"accordion-3713802169-label\" class=\"accordion-title plain\" href=\"#accordion-item-i-have-a-special-request-for-my-necklace,-what-should-i-do?\" aria-expanded=\"false\" aria-controls=\"accordion-3713802169-content\">\n\t\t\t<button class=\"toggle\" aria-label=\"Toggle\"><i class=\"icon-angle-down\" aria-hidden=\"true\"><\/i><\/button>\n\t\t\t<span>Jag har en speciell beg\u00e4ran om mitt halsband, vad ska jag g\u00f6ra?<\/span>\n\t\t<\/a>\n\t\t<div id=\"accordion-3713802169-content\" class=\"accordion-inner\" aria-labelledby=\"accordion-3713802169-label\">\n\t\t\t\n<p>Du kan l\u00e4gga till dina speciella \u00f6nskem\u00e5l i rutan \"Kommentarer\" l\u00e4ngst ner i din kundvagn.&nbsp;<br \/>\nVi ser till att din best\u00e4llning utf\u00f6rs enligt dina \u00f6nskem\u00e5l.&nbsp;<\/p>\n<p>Om du \u00e4r os\u00e4ker p\u00e5 om din speciella beg\u00e4ran \u00e4r m\u00f6jlig, v\u00e4nligen&nbsp;<a href=\"https:\/\/julity.com\/sv\/contact-us\/\">kontakta oss<\/a>.<\/p>\n\t\t<\/div>\n\t<\/div>\n\t\n\t<div id=\"accordion-4255649926\" class=\"accordion-item\">\n\t\t<a id=\"accordion-4255649926-label\" class=\"accordion-title plain\" href=\"#accordion-item-how-do-i-change-an-order-after-it-has-been-placed?\" aria-expanded=\"false\" aria-controls=\"accordion-4255649926-content\">\n\t\t\t<button class=\"toggle\" aria-label=\"Toggle\"><i class=\"icon-angle-down\" aria-hidden=\"true\"><\/i><\/button>\n\t\t\t<span>Hur \u00e4ndrar jag en best\u00e4llning efter att den har lagts?<\/span>\n\t\t<\/a>\n\t\t<div id=\"accordion-4255649926-content\" class=\"accordion-inner\" aria-labelledby=\"accordion-4255649926-label\">\n\t\t\t\n<p>Vi b\u00f6rjar arbeta med dina smycken direkt efter din best\u00e4llning.&nbsp;<\/p>\n<p>Om du vill \u00e4ndra en best\u00e4llning v\u00e4nligen&nbsp;<a href=\"https:\/\/julity.com\/sv\/contact-us\/\">kontakta oss<\/a>&nbsp;S\u00e5 snart som m\u00f6jligt.&nbsp;<br \/>\n\u00c4ndringar som g\u00f6rs mer \u00e4n 12 timmar efter k\u00f6ptillf\u00e4llet kan kr\u00e4va en p\u00e5fyllningsavgift p\u00e5 30 kronor.<\/p>\n\t\t<\/div>\n\t<\/div>\n\t\n\t<div id=\"accordion-2427990784\" class=\"accordion-item\">\n\t\t<a id=\"accordion-2427990784-label\" class=\"accordion-title plain\" href=\"#accordion-item-how-can-i-cancel-an-order?\" aria-expanded=\"false\" aria-controls=\"accordion-2427990784-content\">\n\t\t\t<button class=\"toggle\" aria-label=\"Toggle\"><i class=\"icon-angle-down\" aria-hidden=\"true\"><\/i><\/button>\n\t\t\t<span>Hur kan jag avbryta en best\u00e4llning?<\/span>\n\t\t<\/a>\n\t\t<div id=\"accordion-2427990784-content\" class=\"accordion-inner\" aria-labelledby=\"accordion-2427990784-label\">\n\t\t\t\n<p>N\u00e4r din best\u00e4llning har skickats kommer vi omedelbart att p\u00e5b\u00f6rja produktionen av varorna.&nbsp;<\/p>\n<p>P\u00e5 grund av det faktum att varje vara \u00e4r unik och skr\u00e4ddarsydd kommer du att f\u00e5 tillbaka 70 av det ursprungliga varans pris eftersom den inte kan fyllas p\u00e5. Om du har n\u00e5gra fr\u00e5gor om att annullera din best\u00e4llning, tveka inte att g\u00f6ra det&nbsp;<a href=\"https:\/\/julity.com\/sv\/contact-us\/\">kontakta oss<\/a>.<\/p>\n\t\t<\/div>\n\t<\/div>\n\t\n\t<div id=\"accordion-2192004840\" class=\"accordion-item\">\n\t\t<a id=\"accordion-2192004840-label\" class=\"accordion-title plain\" href=\"#accordion-item-why-didn\u2019t-i-get-a-confirmation-\/-shipping-email?\" aria-expanded=\"false\" aria-controls=\"accordion-2192004840-content\">\n\t\t\t<button class=\"toggle\" aria-label=\"Toggle\"><i class=\"icon-angle-down\" aria-hidden=\"true\"><\/i><\/button>\n\t\t\t<span>Varf\u00f6r fick jag ingen bekr\u00e4ftelse\/leveransmail?<\/span>\n\t\t<\/a>\n\t\t<div id=\"accordion-2192004840-content\" class=\"accordion-inner\" aria-labelledby=\"accordion-2192004840-label\">\n\t\t\t\n<p>Efter att du har lagt en best\u00e4llning kommer du att f\u00e5 en \"Orderbekr\u00e4ftelse\" e-post med alla dina best\u00e4llningsuppgifter. Vi ber dig att granska dina varor och leveransadress. D\u00e4rf\u00f6r \u00e4r det viktigt att f\u00f6rse oss med en giltig e-postadress.&nbsp;<br \/>\nOm du inte har f\u00e5tt ett bekr\u00e4ftelsemail, kontrollera din skr\u00e4ppostbox.&nbsp;<br \/>\nF\u00f6r att s\u00e4kerst\u00e4lla att v\u00e5ra e-postmeddelanden inte hamnar i din skr\u00e4ppostmapp, l\u00e4gg till service@julity.com i din e-postadresslista.&nbsp;<\/p>\n<p>Du kan ta reda p\u00e5 din best\u00e4llningsstatus h\u00e4r:&nbsp;<a href=\"https:\/\/julity.com\/sv\/track-order\/\">Information om best\u00e4llning och leveransstatus<\/a>.<\/p>\n\t\t<\/div>\n\t<\/div>\n\t\n<\/div>\n\t\t<\/div>\n\t\t\t\t\t<\/div>\n\n\t\n<\/div>\n<div class=\"row\"  id=\"row-654818483\">\n\n\t<div id=\"col-1931148827\" class=\"col small-12 large-12\"  >\n\t\t\t\t<div class=\"col-inner\"  >\n\t\t\t\n\t\t\t\n<h3 class=\"accordion_title\">Returer och \u00e5terbetalningar<\/h3><div class=\"accordion\">\n\t<div id=\"accordion-3465959680\" class=\"accordion-item\">\n\t\t<a id=\"accordion-3465959680-label\" class=\"accordion-title plain\" href=\"#accordion-item-what-are-your-return-conditions?\" aria-expanded=\"false\" aria-controls=\"accordion-3465959680-content\">\n\t\t\t<button class=\"toggle\" aria-label=\"Toggle\"><i class=\"icon-angle-down\" aria-hidden=\"true\"><\/i><\/button>\n\t\t\t<span>Vilka \u00e4r dina returvillkor?<\/span>\n\t\t<\/a>\n\t\t<div id=\"accordion-3465959680-content\" class=\"accordion-inner\" aria-labelledby=\"accordion-3465959680-label\">\n\t\t\t\n<p>Du kan returnera de flesta nya, o\u00f6ppnade varor som k\u00f6pts och tagits emot fr\u00e5n julity.com inom 30 dagar efter leverans.&nbsp;<\/p>\n<p>Du hittar v\u00e5r fullst\u00e4ndiga retur- och avbokningspolicy&nbsp;<a href=\"https:\/\/julity.com\/sv\/return-and-cancellation-policy\/\">h\u00e4r<\/a>.<\/p>\n\t\t<\/div>\n\t<\/div>\n\t\n<\/div>\n\t\t<\/div>\n\t\t\t\t\t<\/div>\n\n\t\n<\/div>\n<div class=\"row\"  id=\"row-740695713\">\n\n\t<div id=\"col-1822162073\" class=\"col small-12 large-12\"  >\n\t\t\t\t<div class=\"col-inner\"  >\n\t\t\t\n\t\t\t\n<h3 class=\"accordion_title\">Beh\u00f6ver du fortfarande hj\u00e4lp?<\/h3><div class=\"accordion\">\n\t<div id=\"accordion-4063790442\" class=\"accordion-item\">\n\t\t<a id=\"accordion-4063790442-label\" class=\"accordion-title plain\" href=\"#accordion-item-contact-us\" aria-expanded=\"false\" aria-controls=\"accordion-4063790442-content\">\n\t\t\t<button class=\"toggle\" aria-label=\"Toggle\"><i class=\"icon-angle-down\" aria-hidden=\"true\"><\/i><\/button>\n\t\t\t<span>kontakta oss<\/span>\n\t\t<\/a>\n\t\t<div id=\"accordion-4063790442-content\" class=\"accordion-inner\" aria-labelledby=\"accordion-4063790442-label\">\n\t\t\t\n<div id=\"faqs\"><span>Om din fr\u00e5ga inte finns med h\u00e4r, var god&nbsp;<a href=\"https:\/\/julity.com\/sv\/contact-us\/\">kontakta oss<\/a>.<\/span><\/div>\n\t\t<\/div>\n\t<\/div>\n\t\n<\/div>\n\t\t<\/div>\n\t\t\t\t\t<\/div>\n\n\t\n<\/div>","protected":false},"excerpt":{"rendered":"","protected":false},"author":1,"featured_media":0,"parent":0,"menu_order":0,"comment_status":"closed","ping_status":"closed","template":"","meta":{"footnotes":""},"class_list":["post-1848","page","type-page","status-publish","hentry"],"_links":{"self":[{"href":"https:\/\/julity.com\/sv\/wp-json\/wp\/v2\/pages\/1848","targetHints":{"allow":["GET"]}}],"collection":[{"href":"https:\/\/julity.com\/sv\/wp-json\/wp\/v2\/pages"}],"about":[{"href":"https:\/\/julity.com\/sv\/wp-json\/wp\/v2\/types\/page"}],"author":[{"embeddable":true,"href":"https:\/\/julity.com\/sv\/wp-json\/wp\/v2\/users\/1"}],"replies":[{"embeddable":true,"href":"https:\/\/julity.com\/sv\/wp-json\/wp\/v2\/comments?post=1848"}],"version-history":[{"count":0,"href":"https:\/\/julity.com\/sv\/wp-json\/wp\/v2\/pages\/1848\/revisions"}],"wp:attachment":[{"href":"https:\/\/julity.com\/sv\/wp-json\/wp\/v2\/media?parent=1848"}],"curies":[{"name":"wp","href":"https:\/\/api.w.org\/{rel}","templated":true}]}}