{"id":1042,"date":"2018-11-14T01:28:00","date_gmt":"2018-11-14T06:28:00","guid":{"rendered":"https:\/\/www.leryca.com\/product\/mens-photo-engraved-tag-necklace-with-engraving-18k-gold-plated-stainless-steel\/"},"modified":"2020-05-19T04:36:54","modified_gmt":"2020-05-19T08:36:54","slug":"mens-photo-engraved-tag-necklace-with-engraving-18k-gold-plated-stainless-steel","status":"publish","type":"product","link":"https:\/\/julity.com\/sv\/product\/mens-photo-engraved-tag-necklace-with-engraving-18k-gold-plated-stainless-steel\/","title":{"rendered":"Mens foto graverad Tag halsband med gravyr 18k guldpl\u00e4terad rostfritt st\u00e5l"},"content":{"rendered":"<p>Kl\u00e4 upp din outfit med ett fantastiskt charmhalsband fr\u00e5n julity. Det finns s\u00e5 m\u00e5nga olika f\u00e4rdiga alternativ att v\u00e4lja mellan, men det finns ocks\u00e5 m\u00e5nga s\u00e4tt att skapa dina egna skr\u00e4ddarsydda plagg. F\u00f6r n\u00e5got extra speciellt l\u00e5ter julity fotoberlockshalsband och medaljonger dig l\u00e4gga till fotominnen som du vill h\u00e5lla n\u00e4ra ditt hj\u00e4rta. Du har \u00e4ven m\u00f6jlighet att best\u00e4lla enkla kedjor och berlocker separat s\u00e5 att du kan byta om ditt halsband n\u00e4r du vill. B\u00e4r halsband med en eller flera charm beroende p\u00e5 ditt modehum\u00f6r f\u00f6r dagen. Du kan ocks\u00e5 sk\u00e4nka en smyckesfantast i ditt liv med en m\u00e4ngd olika kedjor s\u00e5 att de har n\u00e5got att ta med sina berlocker p\u00e5 n\u00e4r de inte vill b\u00e4ra dem p\u00e5 armband.<\/p>","protected":false},"excerpt":{"rendered":"<p>Dress up your outfit with a fabulous charm necklace by julity. There are so many different pre-made options to select from, however there are also many ways to create your own customized pieces. For something extra special, julity photo charm necklaces and lockets allow you to add in photo memories that you will want to [&#8230;]","protected":false},"featured_media":1043,"comment_status":"open","ping_status":"closed","template":"","meta":[],"product_brand":[],"product_cat":[102,111],"product_tag":[],"class_list":{"0":"post-1042","1":"product","2":"type-product","3":"status-publish","4":"has-post-thumbnail","6":"product_cat-gifts-for-him","7":"product_cat-photo-necklaces","8":"tm-has-options","10":"first","11":"instock","12":"sale","13":"shipping-taxable","14":"purchasable","15":"product-type-simple"},"_links":{"self":[{"href":"https:\/\/julity.com\/sv\/wp-json\/wp\/v2\/product\/1042","targetHints":{"allow":["GET"]}}],"collection":[{"href":"https:\/\/julity.com\/sv\/wp-json\/wp\/v2\/product"}],"about":[{"href":"https:\/\/julity.com\/sv\/wp-json\/wp\/v2\/types\/product"}],"replies":[{"embeddable":true,"href":"https:\/\/julity.com\/sv\/wp-json\/wp\/v2\/comments?post=1042"}],"wp:featuredmedia":[{"embeddable":true,"href":"https:\/\/julity.com\/sv\/wp-json\/wp\/v2\/media\/1043"}],"wp:attachment":[{"href":"https:\/\/julity.com\/sv\/wp-json\/wp\/v2\/media?parent=1042"}],"wp:term":[{"taxonomy":"product_brand","embeddable":true,"href":"https:\/\/julity.com\/sv\/wp-json\/wp\/v2\/product_brand?post=1042"},{"taxonomy":"product_cat","embeddable":true,"href":"https:\/\/julity.com\/sv\/wp-json\/wp\/v2\/product_cat?post=1042"},{"taxonomy":"product_tag","embeddable":true,"href":"https:\/\/julity.com\/sv\/wp-json\/wp\/v2\/product_tag?post=1042"}],"curies":[{"name":"wp","href":"https:\/\/api.w.org\/{rel}","templated":true}]}}