{"id":1085,"date":"2018-11-14T02:00:00","date_gmt":"2018-11-14T07:00:00","guid":{"rendered":"https:\/\/www.leryca.com\/product\/womens-alloy-bracelet-photo-watch\/"},"modified":"2022-12-06T02:15:27","modified_gmt":"2022-12-06T06:15:27","slug":"womens-alloy-bracelet-photo-watch","status":"publish","type":"product","link":"https:\/\/julity.com\/sv\/product\/womens-alloy-bracelet-photo-watch\/","title":{"rendered":"Armband i legering f\u00f6r kvinnor, fotoklocka"},"content":{"rendered":"<p>Klockfodral: Speciallegering och glas, ytterdiameter 1,57 tum\/4,0 cm<br \/>\nKlockband: Speciallegering, 7,8 tum\/20 cm i l\u00e4ngd, 0,7 tum\/1,8 cm i bredd.<br \/>\n\u00d6verraska din \u00e4lskade med en anpassad fotoklocka som \u00e4r helt skr\u00e4ddarsydd f\u00f6r att passa vilken personlighet som helst. Bilden av design \u00e4r direkt tryckt p\u00e5 insidan av klockans yta. N\u00e4r du har lagt en best\u00e4llning kommer du att kunna f\u00f6rhandsgranska hur den kommer att se ut p\u00e5 klockan. Kom ih\u00e5g att h\u00f6guppl\u00f6sta bilder kommer att bli b\u00e4ttre \u00e4n f\u00f6rhandsgranskningen. Denna anpassade fotoklocka kan inte \u00e5terbetalas n\u00e4r vi v\u00e4l har p\u00e5b\u00f6rjat tillverkningsprocessen. En anpassad fotoklocka \u00e4r alltid en bra present och kommer aldrig att g\u00e5 ur mode. K\u00f6p din idag!<\/p>\n<div class=\"simple-video-replace\" style=\"display: none;\" data-slide=\"4\"><video preload=\"auto\" controls=\"controls\" width=\"500\" height=\"500\"><source src=\"https:\/\/videos.files.wordpress.com\/7CnEJOWL\/2442903704915935232_n-1_hd.mp4\" source=\"\" \/><\/video><\/div>","protected":false},"excerpt":{"rendered":"<p>Watch Case: Special Alloy and Glass, Outside Diameter 1.57 in\/4.0 cm Watch Band: Special Alloy, 7.8 in\/20 cm in Length, 0.7 in\/1.8 cm in Width. Surprise your loved one with a custom photo watch which is purely custom made to fit any personality. The image of design is directly printed onto the inside of watch [&#8230;]","protected":false},"featured_media":1086,"comment_status":"open","ping_status":"closed","template":"","meta":[],"product_brand":[],"product_cat":[86,88,112],"product_tag":[],"class_list":{"0":"post-1085","1":"product","2":"type-product","3":"status-publish","4":"has-post-thumbnail","6":"product_cat-gifts-for-mom","7":"product_cat-gifts-for-new-mom","8":"product_cat-photo-watches","9":"tm-has-options","11":"first","12":"instock","13":"sale","14":"shipping-taxable","15":"purchasable","16":"product-type-simple"},"_links":{"self":[{"href":"https:\/\/julity.com\/sv\/wp-json\/wp\/v2\/product\/1085","targetHints":{"allow":["GET"]}}],"collection":[{"href":"https:\/\/julity.com\/sv\/wp-json\/wp\/v2\/product"}],"about":[{"href":"https:\/\/julity.com\/sv\/wp-json\/wp\/v2\/types\/product"}],"replies":[{"embeddable":true,"href":"https:\/\/julity.com\/sv\/wp-json\/wp\/v2\/comments?post=1085"}],"wp:featuredmedia":[{"embeddable":true,"href":"https:\/\/julity.com\/sv\/wp-json\/wp\/v2\/media\/1086"}],"wp:attachment":[{"href":"https:\/\/julity.com\/sv\/wp-json\/wp\/v2\/media?parent=1085"}],"wp:term":[{"taxonomy":"product_brand","embeddable":true,"href":"https:\/\/julity.com\/sv\/wp-json\/wp\/v2\/product_brand?post=1085"},{"taxonomy":"product_cat","embeddable":true,"href":"https:\/\/julity.com\/sv\/wp-json\/wp\/v2\/product_cat?post=1085"},{"taxonomy":"product_tag","embeddable":true,"href":"https:\/\/julity.com\/sv\/wp-json\/wp\/v2\/product_tag?post=1085"}],"curies":[{"name":"wp","href":"https:\/\/api.w.org\/{rel}","templated":true}]}}