{"id":130046,"date":"2021-01-23T12:14:49","date_gmt":"2021-01-23T11:14:49","guid":{"rendered":"https:\/\/www.heagift.com\/product\/import-placeholder-for-1294\/"},"modified":"2024-10-06T23:54:29","modified_gmt":"2024-10-07T06:54:29","slug":"personalized-sterling-silver-men-leather-black-bracelet","status":"publish","type":"product","link":"https:\/\/julity.com\/sv\/product\/personalized-sterling-silver-men-leather-black-bracelet\/","title":{"rendered":"Personifierat sterlingsilver armband i svart l\u00e4der f\u00f6r m\u00e4n"},"content":{"rendered":"<p>Skr\u00e4ddarsydda detaljer g\u00f6r armbandet f\u00f6r m\u00e4n med sm\u00e5 anpassade p\u00e4rlor i silver till en framst\u00e5ende. Detta personliga armband har ett vackert fl\u00e4tat band som f\u00e4sts med ett robust silverl\u00e5s. De cirkul\u00e4ra p\u00e4rlorna ger tilltalande kontrast och graveras p\u00e5 best\u00e4llning. Detta armband \u00e4r tillverkat med kvalitetskomponenter inklusive sterling silver. Den har:<\/p>\n<ul>\n<li>Material: Sterling Silver 0,925 Fl\u00e4tat armband i \u00e4kta l\u00e4der<\/li>\n<li>P\u00e4rlstorlek: 9,8*4,8MM (0,38*0,18 tum) <\/li>\n<li>P\u00e4rltjocklek: 0,8 mm (0,03 tum)<\/li>\n<li>Armbandets omkrets: justerbar \u2013 60 cm (24 tum)<\/li>\n<li>Kedjan kan \u00e4ndras i storlek och gr\u00e4nssnittet \u00e4r s\u00e4krat med en silverknapp.<\/li>\n<li>Varje p\u00e4rla kan graveras med ett eget namn<\/li>\n<\/ul>","protected":false},"excerpt":{"rendered":"<p>Customized details make the Men Bracelet with Small Custom Beads in Silver a standout. This personalized bracelet features a handsomely braided band that fastens with a sturdy silver clasp. The circular beads add pleasing contrast, and are engraved to order. This bracelet is made with quality components including sterling silver. It features: Material: Sterling Silver [&#8230;]","protected":false},"featured_media":130050,"comment_status":"open","ping_status":"closed","template":"","meta":[],"product_brand":[],"product_cat":[101],"product_tag":[115,117],"class_list":{"0":"post-130046","1":"product","2":"type-product","3":"status-publish","4":"has-post-thumbnail","6":"product_cat-name-bracelets","7":"product_tag-bracelets","8":"product_tag-fathergift","9":"tm-has-options","11":"first","12":"instock","13":"sale","14":"shipping-taxable","15":"purchasable","16":"product-type-simple"},"_links":{"self":[{"href":"https:\/\/julity.com\/sv\/wp-json\/wp\/v2\/product\/130046","targetHints":{"allow":["GET"]}}],"collection":[{"href":"https:\/\/julity.com\/sv\/wp-json\/wp\/v2\/product"}],"about":[{"href":"https:\/\/julity.com\/sv\/wp-json\/wp\/v2\/types\/product"}],"replies":[{"embeddable":true,"href":"https:\/\/julity.com\/sv\/wp-json\/wp\/v2\/comments?post=130046"}],"wp:featuredmedia":[{"embeddable":true,"href":"https:\/\/julity.com\/sv\/wp-json\/wp\/v2\/media\/130050"}],"wp:attachment":[{"href":"https:\/\/julity.com\/sv\/wp-json\/wp\/v2\/media?parent=130046"}],"wp:term":[{"taxonomy":"product_brand","embeddable":true,"href":"https:\/\/julity.com\/sv\/wp-json\/wp\/v2\/product_brand?post=130046"},{"taxonomy":"product_cat","embeddable":true,"href":"https:\/\/julity.com\/sv\/wp-json\/wp\/v2\/product_cat?post=130046"},{"taxonomy":"product_tag","embeddable":true,"href":"https:\/\/julity.com\/sv\/wp-json\/wp\/v2\/product_tag?post=130046"}],"curies":[{"name":"wp","href":"https:\/\/api.w.org\/{rel}","templated":true}]}}