{"id":2105,"date":"2020-12-07T06:37:58","date_gmt":"2020-12-07T10:37:58","guid":{"rendered":"https:\/\/julity.com\/?post_type=product&#038;p=2105"},"modified":"2025-12-02T05:29:25","modified_gmt":"2025-12-02T12:29:25","slug":"christmas-gifts-for-mom-birthstone-necklace-for-mom","status":"publish","type":"product","link":"https:\/\/julity.com\/sv\/product\/christmas-gifts-for-mom-birthstone-necklace-for-mom\/","title":{"rendered":"Hj\u00e4rta f\u00f6delsestenhalsband i 925 Sterling Silver"},"content":{"rendered":"<div class=\"item-attr-title\">\n<h3>Varuinformation:<\/h3>\n<\/div>\n<div>\n<table class=\"table table-striped\">\n<tbody>\n<tr>\n<th>Stil<\/th>\n<td>Hj\u00e4rta halsband<\/td>\n<\/tr>\n<tr>\n<th>H\u00e4nge storlek<\/th>\n<td>H\u00f6jd: 25,5 mm(1 tum), bredd: 25,5 mm (1 tum), f\u00f6delsestensstorlek: 2,5 mm (0,1 tum)<\/td>\n<\/tr>\n<tr>\n<th>Krok<\/th>\n<td>Enkel krok<\/td>\n<\/tr>\n<tr>\n<th>Kedjetyp<\/th>\n<td>Rolo kedja<\/td>\n<\/tr>\n<tr>\n<th>Material<\/th>\n<td>Sterling Silver 925<\/td>\n<\/tr>\n<tr>\n<th>Tjocklek<\/th>\n<td>4 MM (0,16 tum)<\/td>\n<\/tr>\n<\/tbody>\n<\/table>\n<p>F\u00f6delsesten:<img decoding=\"async\" src=\"\/\/julity.com\/wp-content\/uploads\/2021\/10\/stone.jpg\" alt=\"\" \/><br \/>\n<!--StartFragment --><\/p>\n<div><\/div>\n<p>\u2022Designdetaljer: halsbandet med hj\u00e4rtat av Gift \u00e4r prydt med 2-4 f\u00f6delsestenar, namnanpassade, vackert utsmyckade med flera gnistrande klara kristaller.<\/p>\n<p>\u2022Designinspiration: hj\u00e4rtform \u00e4r ett popul\u00e4rt och klassiskt element f\u00f6r alltid. Den vridna designen \u00e4r som att tv\u00e5 f\u00f6r\u00e4lskade m\u00e4nniskor omfamnar varandra, vilket understryker dess tidl\u00f6sa tilltalande<\/p>\n<p>\u2022 Presenttillf\u00e4lle: Alla hj\u00e4rtans dag, \u00e5rsdag, jul, flickv\u00e4ns f\u00f6delsedag etc.<\/p>\n<p>\u2022G\u00e5vamottagare: fru, systrar, BBF, \u00e4lskare, mamma, unna sig sj\u00e4lv osv.<\/p>\n<p>\u2022Denna unika och innerliga produkt \u00e4r f\u00f6rpackad med vacker kartong och redo att ge.<\/p>\n<p>Obs: F\u00f6rsta bokstaven i namn eller ord \u00e4r versal som standard.<\/p>\n<\/div>\n<p><!--more--><\/p>","protected":false},"excerpt":{"rendered":"<p>Item specifics: Style Heart Necklace Pendant Size Height: 25.5MM(1INCH), Width: 25.5MM(1INCH), Birthstone Size: 2.5MM(0.1INCH) Hook Single Hook Chain type Rolo Chain Material Sterling Silver 925 Thickness 4MM(0.16INCH) Birthstone: \u2022Design Details: the heart birthstone necklace by Gift is adorned with 2-4 birthstones, names customized, beautifully embellished with several sparkling clear crystals. \u2022Design Inspiration: heart shape is [&#8230;]","protected":false},"featured_media":390053,"comment_status":"open","ping_status":"closed","template":"","meta":[],"product_brand":[],"product_cat":[82,90,86,91,84],"product_tag":[125,114,119],"class_list":{"0":"post-2105","1":"product","2":"type-product","3":"status-publish","4":"has-post-thumbnail","6":"product_cat-18k-gold-plated","7":"product_cat-gifts-for-couples","8":"product_cat-gifts-for-mom","9":"product_cat-gifts-for-teens","10":"product_cat-new-arrivals","11":"product_tag-emailshow","12":"product_tag-new","13":"product_tag-new2021","14":"tm-has-options","16":"first","17":"instock","18":"sale","19":"shipping-taxable","20":"purchasable","21":"product-type-simple"},"_links":{"self":[{"href":"https:\/\/julity.com\/sv\/wp-json\/wp\/v2\/product\/2105","targetHints":{"allow":["GET"]}}],"collection":[{"href":"https:\/\/julity.com\/sv\/wp-json\/wp\/v2\/product"}],"about":[{"href":"https:\/\/julity.com\/sv\/wp-json\/wp\/v2\/types\/product"}],"replies":[{"embeddable":true,"href":"https:\/\/julity.com\/sv\/wp-json\/wp\/v2\/comments?post=2105"}],"wp:featuredmedia":[{"embeddable":true,"href":"https:\/\/julity.com\/sv\/wp-json\/wp\/v2\/media\/390053"}],"wp:attachment":[{"href":"https:\/\/julity.com\/sv\/wp-json\/wp\/v2\/media?parent=2105"}],"wp:term":[{"taxonomy":"product_brand","embeddable":true,"href":"https:\/\/julity.com\/sv\/wp-json\/wp\/v2\/product_brand?post=2105"},{"taxonomy":"product_cat","embeddable":true,"href":"https:\/\/julity.com\/sv\/wp-json\/wp\/v2\/product_cat?post=2105"},{"taxonomy":"product_tag","embeddable":true,"href":"https:\/\/julity.com\/sv\/wp-json\/wp\/v2\/product_tag?post=2105"}],"curies":[{"name":"wp","href":"https:\/\/api.w.org\/{rel}","templated":true}]}}