{"id":300610,"date":"2023-02-24T22:34:54","date_gmt":"2023-02-25T05:34:54","guid":{"rendered":"https:\/\/julity.com\/?post_type=product&#038;p=300610"},"modified":"2025-06-21T01:18:21","modified_gmt":"2025-06-21T08:18:21","slug":"custom-2-birthstone-mothers-necklace","status":"publish","type":"product","link":"https:\/\/julity.com\/sv\/product\/custom-2-birthstone-mothers-necklace\/","title":{"rendered":"Custom 2 Birthstone mammas halsband"},"content":{"rendered":"<div class=\"item-attr-title\">\n<h3>Varuinformation:<\/h3>\n<\/div>\n<div>\n<table class=\"table table-striped\">\n<tbody>\n<tr>\n<th>Stil<\/th>\n<td> Hj\u00e4rta halsband<\/td>\n<\/tr>\n<tr>\n<th>H\u00e4nge storlek<\/th>\n<td>H\u00f6jd: 25,5 mm(1 tum), bredd: 25,5 mm (1 tum), f\u00f6delsestensstorlek: 2,5 mm (0,1 tum)<\/td>\n<\/tr>\n<tr>\n<th>Krok<\/th>\n<td>Enkel krok<\/td>\n<\/tr>\n<tr>\n<th>Kedjetyp<\/th>\n<td>Rolo kedja<\/td>\n<\/tr>\n<tr>\n<th>Material<\/th>\n<td>Sterling Silver 925<\/td>\n<\/tr>\n<tr>\n<th>Tjocklek<\/th>\n<td>4 MM (0,16 tum)<\/td>\n<\/tr>\n<\/tbody>\n<\/table>\n<p>F\u00f6delsesten:<img decoding=\"async\" src=\"\/\/julity.com\/wp-content\/uploads\/2021\/10\/stone.jpg\" alt=\"\" \/><br \/>\n<!--StartFragment --><\/p>\n<div><\/div>\n<p>Graverat hj\u00e4rthalsband med f\u00f6delsesten \u2013 personlig present till henne. Detta h\u00e4rliga f\u00f6delsestenshalsband har hj\u00e4rtformade f\u00f6delsestenar som du v\u00e4ljer f\u00f6r att symbolisera din k\u00e4rlek. Du kan anpassa genom att gravera dina n\u00e4ra och k\u00e4ras namn. Gravera upp till 1-6 namn tillsammans med 1-6 f\u00f6delsestenar efter eget val i detta personliga smycke. Det anpassade halsbandet \u00e4r tillverkat av sterling silver. Halsbandet har en utm\u00e4rkt design och h\u00e4nget \u00e4r designat i en hj\u00e4rtform med f\u00f6delsestenar som ger en fantastisk visuell effekt. Mottagare: Mamma, flickv\u00e4n, fru, dotter. Presenttyp: Birthstone Halsband. Tillf\u00e4llen Mors dag, Alla hj\u00e4rtans dag, jul, f\u00f6delsedag, etc. Personlig typ: namn, meddelande, datum. <\/p>","protected":false},"excerpt":{"rendered":"<p>Item specifics: Style Heart Necklace Pendant Size Height: 25.5MM(1INCH), Width: 25.5MM(1INCH), Birthstone Size: 2.5MM(0.1INCH) Hook Single Hook Chain type Rolo Chain Material Sterling Silver 925 Thickness 4MM(0.16INCH) Birthstone: Engraved Heart Necklace with Birthstone &#8211; Personalized Gift for Her. This lovely birthstone necklace features heart-shaped birthstones of your choice to symbolise your love. You may personalize [&#8230;]","protected":false},"featured_media":300671,"comment_status":"open","ping_status":"closed","template":"","meta":[],"product_brand":[],"product_cat":[15],"product_tag":[114,119,124],"class_list":{"0":"post-300610","1":"product","2":"type-product","3":"status-publish","4":"has-post-thumbnail","6":"product_cat-uncategorized","7":"product_tag-new","8":"product_tag-new2021","9":"product_tag-new2023","10":"tm-has-options","12":"first","13":"instock","14":"sale","15":"shipping-taxable","16":"purchasable","17":"product-type-simple"},"_links":{"self":[{"href":"https:\/\/julity.com\/sv\/wp-json\/wp\/v2\/product\/300610","targetHints":{"allow":["GET"]}}],"collection":[{"href":"https:\/\/julity.com\/sv\/wp-json\/wp\/v2\/product"}],"about":[{"href":"https:\/\/julity.com\/sv\/wp-json\/wp\/v2\/types\/product"}],"replies":[{"embeddable":true,"href":"https:\/\/julity.com\/sv\/wp-json\/wp\/v2\/comments?post=300610"}],"wp:featuredmedia":[{"embeddable":true,"href":"https:\/\/julity.com\/sv\/wp-json\/wp\/v2\/media\/300671"}],"wp:attachment":[{"href":"https:\/\/julity.com\/sv\/wp-json\/wp\/v2\/media?parent=300610"}],"wp:term":[{"taxonomy":"product_brand","embeddable":true,"href":"https:\/\/julity.com\/sv\/wp-json\/wp\/v2\/product_brand?post=300610"},{"taxonomy":"product_cat","embeddable":true,"href":"https:\/\/julity.com\/sv\/wp-json\/wp\/v2\/product_cat?post=300610"},{"taxonomy":"product_tag","embeddable":true,"href":"https:\/\/julity.com\/sv\/wp-json\/wp\/v2\/product_tag?post=300610"}],"curies":[{"name":"wp","href":"https:\/\/api.w.org\/{rel}","templated":true}]}}