{"id":410610,"date":"2026-02-18T04:57:45","date_gmt":"2026-02-18T08:57:45","guid":{"rendered":"https:\/\/julity.com\/?post_type=product&#038;p=410610"},"modified":"2026-02-18T07:15:44","modified_gmt":"2026-02-18T11:15:44","slug":"personalized-sterling-silver-men-single-strand-thick-leather-bracelet-1","status":"publish","type":"product","link":"https:\/\/julity.com\/sv\/product\/personalized-sterling-silver-men-single-strand-thick-leather-bracelet-1\/","title":{"rendered":"Personligt sterlingsilver f\u00f6r m\u00e4n Enkeltr\u00e5digt tjockt l\u00e4derarmband"},"content":{"rendered":"<p>Detta handgjorda personliga armband \u00e4r tillverkat av h\u00f6gkvalitativt l\u00e4der och anpassningsbara silverp\u00e4rlor, vilket g\u00f6r det till en unik och omt\u00e4nksam present till din make, en v\u00e4n eller en medlem av din familj. Dessutom \u00e4r dessa underbara presenter f\u00f6r f\u00f6delsedagar, jul, alla hj\u00e4rtans dag, mors dag, fars dag och andra speciella tillf\u00e4llen.<br \/>\nDetta personliga armband har ett vackert fl\u00e4tat band som f\u00e4sts med ett robust magnetl\u00e5s.<\/p>\n<p>Skr\u00e4ddarsydda detaljer g\u00f6r armbandet f\u00f6r m\u00e4n med sm\u00e5 anpassade p\u00e4rlor i silver till en framst\u00e5ende. Detta personliga armband har ett vackert fl\u00e4tat band som f\u00e4sts med ett robust silverl\u00e5s. De cirkul\u00e4ra p\u00e4rlorna ger tilltalande kontrast och graveras p\u00e5 best\u00e4llning. Detta armband \u00e4r tillverkat med kvalitetskomponenter inklusive sterling silver. Den har:<\/p>\n<ul>\n<li>Material: Sterling Silver 0,925 Fl\u00e4tat armband i \u00e4kta l\u00e4der<\/li>\n<li>P\u00e4rlstorlek: 9,8*4,8MM (0,38*0,18 tum)<\/li>\n<li>P\u00e4rltjocklek: 0,8 mm (0,03 tum)<\/li>\n<li>Varje p\u00e4rla kan graveras med ett eget namn<\/li>\n<\/ul>\n<p><img decoding=\"async\" src=\"https:\/\/julity.com\/wp-content\/uploads\/2024\/05\/brace-szsie.jpg\" alt=\"size\" \/><\/p>","protected":false},"excerpt":{"rendered":"<p>This handmade personalized bracelet is made of high quality leather and customizable silver beads, making it a unique and thoughtful gift for your spouse, a friend, or a member of your family. Additionally, these are wonderful presents for birthdays, Christmas, Valentine&#8217;s Day, Mother&#8217;s Day, Father&#8217;s Day, and other special occasions. This personalized bracelet features a [&#8230;]","protected":false},"featured_media":390310,"comment_status":"open","ping_status":"closed","template":"","meta":[],"product_brand":[],"product_cat":[101],"product_tag":[115],"class_list":{"0":"post-410610","1":"product","2":"type-product","3":"status-publish","4":"has-post-thumbnail","6":"product_cat-name-bracelets","7":"product_tag-bracelets","8":"tm-no-options","10":"first","11":"instock","12":"sale","13":"shipping-taxable","14":"purchasable","15":"product-type-simple"},"_links":{"self":[{"href":"https:\/\/julity.com\/sv\/wp-json\/wp\/v2\/product\/410610","targetHints":{"allow":["GET"]}}],"collection":[{"href":"https:\/\/julity.com\/sv\/wp-json\/wp\/v2\/product"}],"about":[{"href":"https:\/\/julity.com\/sv\/wp-json\/wp\/v2\/types\/product"}],"replies":[{"embeddable":true,"href":"https:\/\/julity.com\/sv\/wp-json\/wp\/v2\/comments?post=410610"}],"wp:featuredmedia":[{"embeddable":true,"href":"https:\/\/julity.com\/sv\/wp-json\/wp\/v2\/media\/390310"}],"wp:attachment":[{"href":"https:\/\/julity.com\/sv\/wp-json\/wp\/v2\/media?parent=410610"}],"wp:term":[{"taxonomy":"product_brand","embeddable":true,"href":"https:\/\/julity.com\/sv\/wp-json\/wp\/v2\/product_brand?post=410610"},{"taxonomy":"product_cat","embeddable":true,"href":"https:\/\/julity.com\/sv\/wp-json\/wp\/v2\/product_cat?post=410610"},{"taxonomy":"product_tag","embeddable":true,"href":"https:\/\/julity.com\/sv\/wp-json\/wp\/v2\/product_tag?post=410610"}],"curies":[{"name":"wp","href":"https:\/\/api.w.org\/{rel}","templated":true}]}}