{"id":569,"date":"2018-11-09T13:07:00","date_gmt":"2018-11-09T18:07:00","guid":{"rendered":"https:\/\/www.leryca.com\/product\/engraved-bar-necklace-silver\/"},"modified":"2020-05-19T04:42:42","modified_gmt":"2020-05-19T08:42:42","slug":"engraved-bar-necklace-silver","status":"publish","type":"product","link":"https:\/\/julity.com\/sv\/product\/engraved-bar-necklace-silver\/","title":{"rendered":"Graverat Bar Halsband Silver"},"content":{"rendered":"<p>L\u00e4gg till n\u00e5got extra speciellt till ditt smyckeskrin med julity graverbara halsband. Det finns en uppsj\u00f6 av underbara m\u00f6nster som kan anpassas med ett namn, tv\u00e5 namn eller till och med inspirerande ord som du \u00e4lskar. julity tillhandah\u00e5ller prisv\u00e4rda graverbara smycken som inte bryter banken. Dessutom ger dessa bitar mycket omt\u00e4nksamma och uppskattade presenter till v\u00e4nner och familj. Ge dem till n\u00e5gon som firar en f\u00f6delsedag, examen, babyshower eller \u00e5rsdag. Finishen \u00e4r vackert polerad s\u00e5 att glansen som kommer av dem \u00e4r mycket intensiv. Det finns allt fr\u00e5n ringh\u00e4ngshalsband och dubbelst\u00e5ngshalsband till fotavtryckshalsband och charmhalsband f\u00f6r barn.<\/p>","protected":false},"excerpt":{"rendered":"<p>Add something extra special to your jewelry box with julity engravable necklaces. There are a plethora of gorgeous designs that can be customized with a name, two names, or even inspirational words that you love. julity provides affordable engravable jewelry that won\u2019t break the bank. In addition, these pieces make for very thoughtful and appreciated [&#8230;]","protected":false},"featured_media":570,"comment_status":"open","ping_status":"closed","template":"","meta":[],"product_brand":[],"product_cat":[89,90,85,78,84,81],"product_tag":[],"class_list":{"0":"post-569","1":"product","2":"type-product","3":"status-publish","4":"has-post-thumbnail","6":"product_cat-bar-necklaces","7":"product_cat-gifts-for-couples","8":"product_cat-gifts-for-your-love","9":"product_cat-moms-necklaces","10":"product_cat-new-arrivals","11":"product_cat-sterling-silver","12":"tm-has-options","14":"first","15":"instock","16":"sale","17":"shipping-taxable","18":"purchasable","19":"product-type-simple"},"_links":{"self":[{"href":"https:\/\/julity.com\/sv\/wp-json\/wp\/v2\/product\/569","targetHints":{"allow":["GET"]}}],"collection":[{"href":"https:\/\/julity.com\/sv\/wp-json\/wp\/v2\/product"}],"about":[{"href":"https:\/\/julity.com\/sv\/wp-json\/wp\/v2\/types\/product"}],"replies":[{"embeddable":true,"href":"https:\/\/julity.com\/sv\/wp-json\/wp\/v2\/comments?post=569"}],"wp:featuredmedia":[{"embeddable":true,"href":"https:\/\/julity.com\/sv\/wp-json\/wp\/v2\/media\/570"}],"wp:attachment":[{"href":"https:\/\/julity.com\/sv\/wp-json\/wp\/v2\/media?parent=569"}],"wp:term":[{"taxonomy":"product_brand","embeddable":true,"href":"https:\/\/julity.com\/sv\/wp-json\/wp\/v2\/product_brand?post=569"},{"taxonomy":"product_cat","embeddable":true,"href":"https:\/\/julity.com\/sv\/wp-json\/wp\/v2\/product_cat?post=569"},{"taxonomy":"product_tag","embeddable":true,"href":"https:\/\/julity.com\/sv\/wp-json\/wp\/v2\/product_tag?post=569"}],"curies":[{"name":"wp","href":"https:\/\/api.w.org\/{rel}","templated":true}]}}